{"id":3637,"date":"2025-11-02T13:15:02","date_gmt":"2025-11-02T13:15:02","guid":{"rendered":"https:\/\/bakeryfolies.com\/?post_type=product&#038;p=3637"},"modified":"2025-11-06T11:44:43","modified_gmt":"2025-11-06T11:44:43","slug":"petits-pains-a-hamburger-sesamon-sans-gluten-au-sesame","status":"publish","type":"product","link":"https:\/\/bakeryfolies.com\/fr\/shop\/petits-pains-a-hamburger-sesamon-sans-gluten-au-sesame\/","title":{"rendered":"Cinnamon bun Kan\u00e9lo Cryo \u2013 sans gluten \u2013 2 pcs"},"content":{"rendered":"<p>Le <strong data-start=\"30\" data-end=\"46\">Cinnamon Bun<\/strong> est une d\u00e9licieuse viennoiserie a\u00e9r\u00e9e avec le go\u00fbt chaleureux de la cannelle et une pointe de douceur. Roul\u00e9 artisanalement et cuit dor\u00e9 pour un \u00e9quilibre parfait entre texture moelleuse et ar\u00f4mes riches. Id\u00e9al avec le caf\u00e9 ou comme en-cas sucr\u00e9 raffin\u00e9.<\/p>\n","protected":false},"excerpt":{"rendered":"<p>Le Cinnamon Bun est une d\u00e9licieuse viennoiserie a\u00e9r\u00e9e avec le go\u00fbt chaleureux de la cannelle et une pointe de douceur. Roul\u00e9 artisanalement et cuit dor\u00e9 pour un \u00e9quilibre parfait entre texture moelleuse et ar\u00f4mes riches. Id\u00e9al avec le caf\u00e9 ou comme en-cas sucr\u00e9 raffin\u00e9.<\/p>\n","protected":false},"featured_media":3625,"template":"","meta":{"_acf_changed":false},"product_brand":[],"product_cat":[113],"product_tag":[],"class_list":{"0":"post-3637","1":"product","2":"type-product","3":"status-publish","4":"has-post-thumbnail","6":"product_cat-gluten-free","8":"first","9":"instock","10":"shipping-taxable","11":"product-type-simple"},"acf":[],"yoast_head":"<!-- This site is optimized with the Yoast SEO plugin v27.4 - https:\/\/yoast.com\/product\/yoast-seo-wordpress\/ -->\n<title>Cinnamon bun Kan\u00e9lo Cryo - sans gluten - 2 pcs - Bakery Folies<\/title>\n<meta name=\"description\" content=\"Cinnamon bun a\u00e9r\u00e9 avec un riche go\u00fbt de cannelle et une texture moelleuse. Cuit artisanalement et parfait avec le caf\u00e9 ou comme douceur gourmande.\" \/>\n<meta name=\"robots\" content=\"index, follow, max-snippet:-1, max-image-preview:large, max-video-preview:-1\" \/>\n<link rel=\"canonical\" href=\"https:\/\/bakeryfolies.com\/fr\/shop\/petits-pains-a-hamburger-sesamon-sans-gluten-au-sesame\/\" \/>\n<meta property=\"og:locale\" content=\"fr_FR\" \/>\n<meta property=\"og:type\" content=\"article\" \/>\n<meta property=\"og:title\" content=\"Cinnamon bun Kan\u00e9lo Cryo - sans gluten - 2 pcs - Bakery Folies\" \/>\n<meta property=\"og:description\" content=\"Cinnamon bun a\u00e9r\u00e9 avec un riche go\u00fbt de cannelle et une texture moelleuse. Cuit artisanalement et parfait avec le caf\u00e9 ou comme douceur gourmande.\" \/>\n<meta property=\"og:url\" content=\"https:\/\/bakeryfolies.com\/fr\/shop\/petits-pains-a-hamburger-sesamon-sans-gluten-au-sesame\/\" \/>\n<meta property=\"og:site_name\" content=\"Bakery Folies\" \/>\n<meta property=\"article:modified_time\" content=\"2025-11-06T11:44:43+00:00\" \/>\n<meta property=\"og:image\" content=\"https:\/\/bakeryfolies.com\/wp-content\/uploads\/2025\/11\/Products-coming-soon-1.jpg\" \/>\n\t<meta property=\"og:image:width\" content=\"605\" \/>\n\t<meta property=\"og:image:height\" content=\"581\" \/>\n\t<meta property=\"og:image:type\" content=\"image\/jpeg\" \/>\n<meta name=\"twitter:card\" content=\"summary_large_image\" \/>\n<meta name=\"twitter:label1\" content=\"Dur\u00e9e de lecture estim\u00e9e\" \/>\n\t<meta name=\"twitter:data1\" content=\"1 minute\" \/>\n<script type=\"application\/ld+json\" class=\"yoast-schema-graph\">{\"@context\":\"https:\\\/\\\/schema.org\",\"@graph\":[{\"@type\":\"WebPage\",\"@id\":\"https:\\\/\\\/bakeryfolies.com\\\/fr\\\/shop\\\/petits-pains-a-hamburger-sesamon-sans-gluten-au-sesame\\\/\",\"url\":\"https:\\\/\\\/bakeryfolies.com\\\/fr\\\/shop\\\/petits-pains-a-hamburger-sesamon-sans-gluten-au-sesame\\\/\",\"name\":\"Cinnamon bun Kan\u00e9lo Cryo - sans gluten - 2 pcs - Bakery Folies\",\"isPartOf\":{\"@id\":\"https:\\\/\\\/bakeryfolies.com\\\/fr\\\/#website\"},\"primaryImageOfPage\":{\"@id\":\"https:\\\/\\\/bakeryfolies.com\\\/fr\\\/shop\\\/petits-pains-a-hamburger-sesamon-sans-gluten-au-sesame\\\/#primaryimage\"},\"image\":{\"@id\":\"https:\\\/\\\/bakeryfolies.com\\\/fr\\\/shop\\\/petits-pains-a-hamburger-sesamon-sans-gluten-au-sesame\\\/#primaryimage\"},\"thumbnailUrl\":\"https:\\\/\\\/bakeryfolies.com\\\/wp-content\\\/uploads\\\/2025\\\/11\\\/Products-coming-soon-1.jpg\",\"datePublished\":\"2025-11-02T13:15:02+00:00\",\"dateModified\":\"2025-11-06T11:44:43+00:00\",\"description\":\"Cinnamon bun a\u00e9r\u00e9 avec un riche go\u00fbt de cannelle et une texture moelleuse. Cuit artisanalement et parfait avec le caf\u00e9 ou comme douceur gourmande.\",\"breadcrumb\":{\"@id\":\"https:\\\/\\\/bakeryfolies.com\\\/fr\\\/shop\\\/petits-pains-a-hamburger-sesamon-sans-gluten-au-sesame\\\/#breadcrumb\"},\"inLanguage\":\"fr-FR\",\"potentialAction\":[{\"@type\":\"ReadAction\",\"target\":[\"https:\\\/\\\/bakeryfolies.com\\\/fr\\\/shop\\\/petits-pains-a-hamburger-sesamon-sans-gluten-au-sesame\\\/\"]}]},{\"@type\":\"ImageObject\",\"inLanguage\":\"fr-FR\",\"@id\":\"https:\\\/\\\/bakeryfolies.com\\\/fr\\\/shop\\\/petits-pains-a-hamburger-sesamon-sans-gluten-au-sesame\\\/#primaryimage\",\"url\":\"https:\\\/\\\/bakeryfolies.com\\\/wp-content\\\/uploads\\\/2025\\\/11\\\/Products-coming-soon-1.jpg\",\"contentUrl\":\"https:\\\/\\\/bakeryfolies.com\\\/wp-content\\\/uploads\\\/2025\\\/11\\\/Products-coming-soon-1.jpg\",\"width\":605,\"height\":581},{\"@type\":\"BreadcrumbList\",\"@id\":\"https:\\\/\\\/bakeryfolies.com\\\/fr\\\/shop\\\/petits-pains-a-hamburger-sesamon-sans-gluten-au-sesame\\\/#breadcrumb\",\"itemListElement\":[{\"@type\":\"ListItem\",\"position\":1,\"name\":\"Accueil\",\"item\":\"https:\\\/\\\/bakeryfolies.com\\\/fr\\\/\"},{\"@type\":\"ListItem\",\"position\":2,\"name\":\"Cinnamon bun Kan\u00e9lo Cryo \u2013 sans gluten \u2013 2 pcs\"}]},{\"@type\":\"WebSite\",\"@id\":\"https:\\\/\\\/bakeryfolies.com\\\/fr\\\/#website\",\"url\":\"https:\\\/\\\/bakeryfolies.com\\\/fr\\\/\",\"name\":\"Bakery Folies\",\"description\":\"\",\"publisher\":{\"@id\":\"https:\\\/\\\/bakeryfolies.com\\\/fr\\\/#organization\"},\"potentialAction\":[{\"@type\":\"SearchAction\",\"target\":{\"@type\":\"EntryPoint\",\"urlTemplate\":\"https:\\\/\\\/bakeryfolies.com\\\/fr\\\/?s={search_term_string}\"},\"query-input\":{\"@type\":\"PropertyValueSpecification\",\"valueRequired\":true,\"valueName\":\"search_term_string\"}}],\"inLanguage\":\"fr-FR\"},{\"@type\":\"Organization\",\"@id\":\"https:\\\/\\\/bakeryfolies.com\\\/fr\\\/#organization\",\"name\":\"Bakery Folies\",\"url\":\"https:\\\/\\\/bakeryfolies.com\\\/fr\\\/\",\"logo\":{\"@type\":\"ImageObject\",\"inLanguage\":\"fr-FR\",\"@id\":\"https:\\\/\\\/bakeryfolies.com\\\/fr\\\/#\\\/schema\\\/logo\\\/image\\\/\",\"url\":\"https:\\\/\\\/bakeryfolies.com\\\/wp-content\\\/uploads\\\/2025\\\/09\\\/premium_zwart-scaled.png\",\"contentUrl\":\"https:\\\/\\\/bakeryfolies.com\\\/wp-content\\\/uploads\\\/2025\\\/09\\\/premium_zwart-scaled.png\",\"width\":2560,\"height\":829,\"caption\":\"Bakery Folies\"},\"image\":{\"@id\":\"https:\\\/\\\/bakeryfolies.com\\\/fr\\\/#\\\/schema\\\/logo\\\/image\\\/\"}}]}<\/script>\n<!-- \/ Yoast SEO plugin. -->","yoast_head_json":{"title":"Cinnamon bun Kan\u00e9lo Cryo - sans gluten - 2 pcs - Bakery Folies","description":"Cinnamon bun a\u00e9r\u00e9 avec un riche go\u00fbt de cannelle et une texture moelleuse. Cuit artisanalement et parfait avec le caf\u00e9 ou comme douceur gourmande.","robots":{"index":"index","follow":"follow","max-snippet":"max-snippet:-1","max-image-preview":"max-image-preview:large","max-video-preview":"max-video-preview:-1"},"canonical":"https:\/\/bakeryfolies.com\/fr\/shop\/petits-pains-a-hamburger-sesamon-sans-gluten-au-sesame\/","og_locale":"fr_FR","og_type":"article","og_title":"Cinnamon bun Kan\u00e9lo Cryo - sans gluten - 2 pcs - Bakery Folies","og_description":"Cinnamon bun a\u00e9r\u00e9 avec un riche go\u00fbt de cannelle et une texture moelleuse. Cuit artisanalement et parfait avec le caf\u00e9 ou comme douceur gourmande.","og_url":"https:\/\/bakeryfolies.com\/fr\/shop\/petits-pains-a-hamburger-sesamon-sans-gluten-au-sesame\/","og_site_name":"Bakery Folies","article_modified_time":"2025-11-06T11:44:43+00:00","og_image":[{"width":605,"height":581,"url":"https:\/\/bakeryfolies.com\/wp-content\/uploads\/2025\/11\/Products-coming-soon-1.jpg","type":"image\/jpeg"}],"twitter_card":"summary_large_image","twitter_misc":{"Dur\u00e9e de lecture estim\u00e9e":"1 minute"},"schema":{"@context":"https:\/\/schema.org","@graph":[{"@type":"WebPage","@id":"https:\/\/bakeryfolies.com\/fr\/shop\/petits-pains-a-hamburger-sesamon-sans-gluten-au-sesame\/","url":"https:\/\/bakeryfolies.com\/fr\/shop\/petits-pains-a-hamburger-sesamon-sans-gluten-au-sesame\/","name":"Cinnamon bun Kan\u00e9lo Cryo - sans gluten - 2 pcs - Bakery Folies","isPartOf":{"@id":"https:\/\/bakeryfolies.com\/fr\/#website"},"primaryImageOfPage":{"@id":"https:\/\/bakeryfolies.com\/fr\/shop\/petits-pains-a-hamburger-sesamon-sans-gluten-au-sesame\/#primaryimage"},"image":{"@id":"https:\/\/bakeryfolies.com\/fr\/shop\/petits-pains-a-hamburger-sesamon-sans-gluten-au-sesame\/#primaryimage"},"thumbnailUrl":"https:\/\/bakeryfolies.com\/wp-content\/uploads\/2025\/11\/Products-coming-soon-1.jpg","datePublished":"2025-11-02T13:15:02+00:00","dateModified":"2025-11-06T11:44:43+00:00","description":"Cinnamon bun a\u00e9r\u00e9 avec un riche go\u00fbt de cannelle et une texture moelleuse. Cuit artisanalement et parfait avec le caf\u00e9 ou comme douceur gourmande.","breadcrumb":{"@id":"https:\/\/bakeryfolies.com\/fr\/shop\/petits-pains-a-hamburger-sesamon-sans-gluten-au-sesame\/#breadcrumb"},"inLanguage":"fr-FR","potentialAction":[{"@type":"ReadAction","target":["https:\/\/bakeryfolies.com\/fr\/shop\/petits-pains-a-hamburger-sesamon-sans-gluten-au-sesame\/"]}]},{"@type":"ImageObject","inLanguage":"fr-FR","@id":"https:\/\/bakeryfolies.com\/fr\/shop\/petits-pains-a-hamburger-sesamon-sans-gluten-au-sesame\/#primaryimage","url":"https:\/\/bakeryfolies.com\/wp-content\/uploads\/2025\/11\/Products-coming-soon-1.jpg","contentUrl":"https:\/\/bakeryfolies.com\/wp-content\/uploads\/2025\/11\/Products-coming-soon-1.jpg","width":605,"height":581},{"@type":"BreadcrumbList","@id":"https:\/\/bakeryfolies.com\/fr\/shop\/petits-pains-a-hamburger-sesamon-sans-gluten-au-sesame\/#breadcrumb","itemListElement":[{"@type":"ListItem","position":1,"name":"Accueil","item":"https:\/\/bakeryfolies.com\/fr\/"},{"@type":"ListItem","position":2,"name":"Cinnamon bun Kan\u00e9lo Cryo \u2013 sans gluten \u2013 2 pcs"}]},{"@type":"WebSite","@id":"https:\/\/bakeryfolies.com\/fr\/#website","url":"https:\/\/bakeryfolies.com\/fr\/","name":"Bakery Folies","description":"","publisher":{"@id":"https:\/\/bakeryfolies.com\/fr\/#organization"},"potentialAction":[{"@type":"SearchAction","target":{"@type":"EntryPoint","urlTemplate":"https:\/\/bakeryfolies.com\/fr\/?s={search_term_string}"},"query-input":{"@type":"PropertyValueSpecification","valueRequired":true,"valueName":"search_term_string"}}],"inLanguage":"fr-FR"},{"@type":"Organization","@id":"https:\/\/bakeryfolies.com\/fr\/#organization","name":"Bakery Folies","url":"https:\/\/bakeryfolies.com\/fr\/","logo":{"@type":"ImageObject","inLanguage":"fr-FR","@id":"https:\/\/bakeryfolies.com\/fr\/#\/schema\/logo\/image\/","url":"https:\/\/bakeryfolies.com\/wp-content\/uploads\/2025\/09\/premium_zwart-scaled.png","contentUrl":"https:\/\/bakeryfolies.com\/wp-content\/uploads\/2025\/09\/premium_zwart-scaled.png","width":2560,"height":829,"caption":"Bakery Folies"},"image":{"@id":"https:\/\/bakeryfolies.com\/fr\/#\/schema\/logo\/image\/"}}]}},"_links":{"self":[{"href":"https:\/\/bakeryfolies.com\/fr\/wp-json\/wp\/v2\/product\/3637","targetHints":{"allow":["GET"]}}],"collection":[{"href":"https:\/\/bakeryfolies.com\/fr\/wp-json\/wp\/v2\/product"}],"about":[{"href":"https:\/\/bakeryfolies.com\/fr\/wp-json\/wp\/v2\/types\/product"}],"wp:featuredmedia":[{"embeddable":true,"href":"https:\/\/bakeryfolies.com\/fr\/wp-json\/wp\/v2\/media\/3625"}],"wp:attachment":[{"href":"https:\/\/bakeryfolies.com\/fr\/wp-json\/wp\/v2\/media?parent=3637"}],"wp:term":[{"taxonomy":"product_brand","embeddable":true,"href":"https:\/\/bakeryfolies.com\/fr\/wp-json\/wp\/v2\/product_brand?post=3637"},{"taxonomy":"product_cat","embeddable":true,"href":"https:\/\/bakeryfolies.com\/fr\/wp-json\/wp\/v2\/product_cat?post=3637"},{"taxonomy":"product_tag","embeddable":true,"href":"https:\/\/bakeryfolies.com\/fr\/wp-json\/wp\/v2\/product_tag?post=3637"}],"curies":[{"name":"wp","href":"https:\/\/api.w.org\/{rel}","templated":true}]}}