{"id":3628,"date":"2025-11-02T13:00:23","date_gmt":"2025-11-02T13:00:23","guid":{"rendered":"https:\/\/bakeryfolies.com\/?post_type=product&#038;p=3628"},"modified":"2025-11-06T12:20:27","modified_gmt":"2025-11-06T12:20:27","slug":"petits-pains-lepikon-millet-nature-sans-gluten","status":"publish","type":"product","link":"https:\/\/bakeryfolies.com\/fr\/shop\/petits-pains-lepikon-millet-nature-sans-gluten\/","title":{"rendered":"Petits pains Polykros \u2013 multigrains au millet sans gluten \u2013 6 pi\u00e8ces"},"content":{"rendered":"<p>Polykros est un petit pain multigrains sans gluten \u00e0 base de millet, plein de saveur, nourrissant et riche en caract\u00e8re.<br data-start=\"116\" data-end=\"119\" \/>La combinaison de c\u00e9r\u00e9ales et de graines sans gluten soigneusement s\u00e9lectionn\u00e9es offre une texture d\u00e9licieuse et une saveur pleine et naturelle.<br data-start=\"255\" data-end=\"258\" \/>Cuit artisanalement sans additifs inutiles, pour ceux qui veulent profiter du sans gluten avec un petit plus.<\/p>\n","protected":false},"excerpt":{"rendered":"<p>Polykros est un petit pain multigrains sans gluten \u00e0 base de millet, plein de saveur, nourrissant et riche en caract\u00e8re.La combinaison de c\u00e9r\u00e9ales et de graines sans gluten soigneusement s\u00e9lectionn\u00e9es offre une texture d\u00e9licieuse et une saveur pleine et naturelle.Cuit artisanalement sans additifs inutiles, pour ceux qui veulent profiter du sans gluten avec un petit [&hellip;]<\/p>\n","protected":false},"featured_media":3625,"template":"","meta":{"_acf_changed":false},"product_brand":[],"product_cat":[113],"product_tag":[],"class_list":{"0":"post-3628","1":"product","2":"type-product","3":"status-publish","4":"has-post-thumbnail","6":"product_cat-gluten-free","8":"first","9":"instock","10":"shipping-taxable","11":"product-type-simple"},"acf":[],"yoast_head":"<!-- This site is optimized with the Yoast SEO plugin v27.4 - https:\/\/yoast.com\/product\/yoast-seo-wordpress\/ -->\n<title>Petits pains Polykros - multigrains au millet sans gluten - 6 pi\u00e8ces - Bakery Folies<\/title>\n<meta name=\"description\" content=\"Petits pains multigrains sans gluten \u00e0 base de millet, cuits artisanalement, nourrissants et pleins de saveur. Pour ceux qui privil\u00e9gient la qualit\u00e9 et les ingr\u00e9dients naturels.\" \/>\n<meta name=\"robots\" content=\"index, follow, max-snippet:-1, max-image-preview:large, max-video-preview:-1\" \/>\n<link rel=\"canonical\" href=\"https:\/\/bakeryfolies.com\/fr\/shop\/petits-pains-lepikon-millet-nature-sans-gluten\/\" \/>\n<meta property=\"og:locale\" content=\"fr_FR\" \/>\n<meta property=\"og:type\" content=\"article\" \/>\n<meta property=\"og:title\" content=\"Petits pains Polykros - multigrains au millet sans gluten - 6 pi\u00e8ces - Bakery Folies\" \/>\n<meta property=\"og:description\" content=\"Petits pains multigrains sans gluten \u00e0 base de millet, cuits artisanalement, nourrissants et pleins de saveur. Pour ceux qui privil\u00e9gient la qualit\u00e9 et les ingr\u00e9dients naturels.\" \/>\n<meta property=\"og:url\" content=\"https:\/\/bakeryfolies.com\/fr\/shop\/petits-pains-lepikon-millet-nature-sans-gluten\/\" \/>\n<meta property=\"og:site_name\" content=\"Bakery Folies\" \/>\n<meta property=\"article:modified_time\" content=\"2025-11-06T12:20:27+00:00\" \/>\n<meta property=\"og:image\" content=\"https:\/\/bakeryfolies.com\/wp-content\/uploads\/2025\/11\/Products-coming-soon-1.jpg\" \/>\n\t<meta property=\"og:image:width\" content=\"605\" \/>\n\t<meta property=\"og:image:height\" content=\"581\" \/>\n\t<meta property=\"og:image:type\" content=\"image\/jpeg\" \/>\n<meta name=\"twitter:card\" content=\"summary_large_image\" \/>\n<meta name=\"twitter:label1\" content=\"Dur\u00e9e de lecture estim\u00e9e\" \/>\n\t<meta name=\"twitter:data1\" content=\"1 minute\" \/>\n<script type=\"application\/ld+json\" class=\"yoast-schema-graph\">{\"@context\":\"https:\\\/\\\/schema.org\",\"@graph\":[{\"@type\":\"WebPage\",\"@id\":\"https:\\\/\\\/bakeryfolies.com\\\/fr\\\/shop\\\/petits-pains-lepikon-millet-nature-sans-gluten\\\/\",\"url\":\"https:\\\/\\\/bakeryfolies.com\\\/fr\\\/shop\\\/petits-pains-lepikon-millet-nature-sans-gluten\\\/\",\"name\":\"Petits pains Polykros - multigrains au millet sans gluten - 6 pi\u00e8ces - Bakery Folies\",\"isPartOf\":{\"@id\":\"https:\\\/\\\/bakeryfolies.com\\\/fr\\\/#website\"},\"primaryImageOfPage\":{\"@id\":\"https:\\\/\\\/bakeryfolies.com\\\/fr\\\/shop\\\/petits-pains-lepikon-millet-nature-sans-gluten\\\/#primaryimage\"},\"image\":{\"@id\":\"https:\\\/\\\/bakeryfolies.com\\\/fr\\\/shop\\\/petits-pains-lepikon-millet-nature-sans-gluten\\\/#primaryimage\"},\"thumbnailUrl\":\"https:\\\/\\\/bakeryfolies.com\\\/wp-content\\\/uploads\\\/2025\\\/11\\\/Products-coming-soon-1.jpg\",\"datePublished\":\"2025-11-02T13:00:23+00:00\",\"dateModified\":\"2025-11-06T12:20:27+00:00\",\"description\":\"Petits pains multigrains sans gluten \u00e0 base de millet, cuits artisanalement, nourrissants et pleins de saveur. Pour ceux qui privil\u00e9gient la qualit\u00e9 et les ingr\u00e9dients naturels.\",\"breadcrumb\":{\"@id\":\"https:\\\/\\\/bakeryfolies.com\\\/fr\\\/shop\\\/petits-pains-lepikon-millet-nature-sans-gluten\\\/#breadcrumb\"},\"inLanguage\":\"fr-FR\",\"potentialAction\":[{\"@type\":\"ReadAction\",\"target\":[\"https:\\\/\\\/bakeryfolies.com\\\/fr\\\/shop\\\/petits-pains-lepikon-millet-nature-sans-gluten\\\/\"]}]},{\"@type\":\"ImageObject\",\"inLanguage\":\"fr-FR\",\"@id\":\"https:\\\/\\\/bakeryfolies.com\\\/fr\\\/shop\\\/petits-pains-lepikon-millet-nature-sans-gluten\\\/#primaryimage\",\"url\":\"https:\\\/\\\/bakeryfolies.com\\\/wp-content\\\/uploads\\\/2025\\\/11\\\/Products-coming-soon-1.jpg\",\"contentUrl\":\"https:\\\/\\\/bakeryfolies.com\\\/wp-content\\\/uploads\\\/2025\\\/11\\\/Products-coming-soon-1.jpg\",\"width\":605,\"height\":581},{\"@type\":\"BreadcrumbList\",\"@id\":\"https:\\\/\\\/bakeryfolies.com\\\/fr\\\/shop\\\/petits-pains-lepikon-millet-nature-sans-gluten\\\/#breadcrumb\",\"itemListElement\":[{\"@type\":\"ListItem\",\"position\":1,\"name\":\"Accueil\",\"item\":\"https:\\\/\\\/bakeryfolies.com\\\/fr\\\/\"},{\"@type\":\"ListItem\",\"position\":2,\"name\":\"Petits pains Polykros \u2013 multigrains au millet sans gluten \u2013 6 pi\u00e8ces\"}]},{\"@type\":\"WebSite\",\"@id\":\"https:\\\/\\\/bakeryfolies.com\\\/fr\\\/#website\",\"url\":\"https:\\\/\\\/bakeryfolies.com\\\/fr\\\/\",\"name\":\"Bakery Folies\",\"description\":\"\",\"publisher\":{\"@id\":\"https:\\\/\\\/bakeryfolies.com\\\/fr\\\/#organization\"},\"potentialAction\":[{\"@type\":\"SearchAction\",\"target\":{\"@type\":\"EntryPoint\",\"urlTemplate\":\"https:\\\/\\\/bakeryfolies.com\\\/fr\\\/?s={search_term_string}\"},\"query-input\":{\"@type\":\"PropertyValueSpecification\",\"valueRequired\":true,\"valueName\":\"search_term_string\"}}],\"inLanguage\":\"fr-FR\"},{\"@type\":\"Organization\",\"@id\":\"https:\\\/\\\/bakeryfolies.com\\\/fr\\\/#organization\",\"name\":\"Bakery Folies\",\"url\":\"https:\\\/\\\/bakeryfolies.com\\\/fr\\\/\",\"logo\":{\"@type\":\"ImageObject\",\"inLanguage\":\"fr-FR\",\"@id\":\"https:\\\/\\\/bakeryfolies.com\\\/fr\\\/#\\\/schema\\\/logo\\\/image\\\/\",\"url\":\"https:\\\/\\\/bakeryfolies.com\\\/wp-content\\\/uploads\\\/2025\\\/09\\\/premium_zwart-scaled.png\",\"contentUrl\":\"https:\\\/\\\/bakeryfolies.com\\\/wp-content\\\/uploads\\\/2025\\\/09\\\/premium_zwart-scaled.png\",\"width\":2560,\"height\":829,\"caption\":\"Bakery Folies\"},\"image\":{\"@id\":\"https:\\\/\\\/bakeryfolies.com\\\/fr\\\/#\\\/schema\\\/logo\\\/image\\\/\"}}]}<\/script>\n<!-- \/ Yoast SEO plugin. -->","yoast_head_json":{"title":"Petits pains Polykros - multigrains au millet sans gluten - 6 pi\u00e8ces - Bakery Folies","description":"Petits pains multigrains sans gluten \u00e0 base de millet, cuits artisanalement, nourrissants et pleins de saveur. Pour ceux qui privil\u00e9gient la qualit\u00e9 et les ingr\u00e9dients naturels.","robots":{"index":"index","follow":"follow","max-snippet":"max-snippet:-1","max-image-preview":"max-image-preview:large","max-video-preview":"max-video-preview:-1"},"canonical":"https:\/\/bakeryfolies.com\/fr\/shop\/petits-pains-lepikon-millet-nature-sans-gluten\/","og_locale":"fr_FR","og_type":"article","og_title":"Petits pains Polykros - multigrains au millet sans gluten - 6 pi\u00e8ces - Bakery Folies","og_description":"Petits pains multigrains sans gluten \u00e0 base de millet, cuits artisanalement, nourrissants et pleins de saveur. Pour ceux qui privil\u00e9gient la qualit\u00e9 et les ingr\u00e9dients naturels.","og_url":"https:\/\/bakeryfolies.com\/fr\/shop\/petits-pains-lepikon-millet-nature-sans-gluten\/","og_site_name":"Bakery Folies","article_modified_time":"2025-11-06T12:20:27+00:00","og_image":[{"width":605,"height":581,"url":"https:\/\/bakeryfolies.com\/wp-content\/uploads\/2025\/11\/Products-coming-soon-1.jpg","type":"image\/jpeg"}],"twitter_card":"summary_large_image","twitter_misc":{"Dur\u00e9e de lecture estim\u00e9e":"1 minute"},"schema":{"@context":"https:\/\/schema.org","@graph":[{"@type":"WebPage","@id":"https:\/\/bakeryfolies.com\/fr\/shop\/petits-pains-lepikon-millet-nature-sans-gluten\/","url":"https:\/\/bakeryfolies.com\/fr\/shop\/petits-pains-lepikon-millet-nature-sans-gluten\/","name":"Petits pains Polykros - multigrains au millet sans gluten - 6 pi\u00e8ces - Bakery Folies","isPartOf":{"@id":"https:\/\/bakeryfolies.com\/fr\/#website"},"primaryImageOfPage":{"@id":"https:\/\/bakeryfolies.com\/fr\/shop\/petits-pains-lepikon-millet-nature-sans-gluten\/#primaryimage"},"image":{"@id":"https:\/\/bakeryfolies.com\/fr\/shop\/petits-pains-lepikon-millet-nature-sans-gluten\/#primaryimage"},"thumbnailUrl":"https:\/\/bakeryfolies.com\/wp-content\/uploads\/2025\/11\/Products-coming-soon-1.jpg","datePublished":"2025-11-02T13:00:23+00:00","dateModified":"2025-11-06T12:20:27+00:00","description":"Petits pains multigrains sans gluten \u00e0 base de millet, cuits artisanalement, nourrissants et pleins de saveur. Pour ceux qui privil\u00e9gient la qualit\u00e9 et les ingr\u00e9dients naturels.","breadcrumb":{"@id":"https:\/\/bakeryfolies.com\/fr\/shop\/petits-pains-lepikon-millet-nature-sans-gluten\/#breadcrumb"},"inLanguage":"fr-FR","potentialAction":[{"@type":"ReadAction","target":["https:\/\/bakeryfolies.com\/fr\/shop\/petits-pains-lepikon-millet-nature-sans-gluten\/"]}]},{"@type":"ImageObject","inLanguage":"fr-FR","@id":"https:\/\/bakeryfolies.com\/fr\/shop\/petits-pains-lepikon-millet-nature-sans-gluten\/#primaryimage","url":"https:\/\/bakeryfolies.com\/wp-content\/uploads\/2025\/11\/Products-coming-soon-1.jpg","contentUrl":"https:\/\/bakeryfolies.com\/wp-content\/uploads\/2025\/11\/Products-coming-soon-1.jpg","width":605,"height":581},{"@type":"BreadcrumbList","@id":"https:\/\/bakeryfolies.com\/fr\/shop\/petits-pains-lepikon-millet-nature-sans-gluten\/#breadcrumb","itemListElement":[{"@type":"ListItem","position":1,"name":"Accueil","item":"https:\/\/bakeryfolies.com\/fr\/"},{"@type":"ListItem","position":2,"name":"Petits pains Polykros \u2013 multigrains au millet sans gluten \u2013 6 pi\u00e8ces"}]},{"@type":"WebSite","@id":"https:\/\/bakeryfolies.com\/fr\/#website","url":"https:\/\/bakeryfolies.com\/fr\/","name":"Bakery Folies","description":"","publisher":{"@id":"https:\/\/bakeryfolies.com\/fr\/#organization"},"potentialAction":[{"@type":"SearchAction","target":{"@type":"EntryPoint","urlTemplate":"https:\/\/bakeryfolies.com\/fr\/?s={search_term_string}"},"query-input":{"@type":"PropertyValueSpecification","valueRequired":true,"valueName":"search_term_string"}}],"inLanguage":"fr-FR"},{"@type":"Organization","@id":"https:\/\/bakeryfolies.com\/fr\/#organization","name":"Bakery Folies","url":"https:\/\/bakeryfolies.com\/fr\/","logo":{"@type":"ImageObject","inLanguage":"fr-FR","@id":"https:\/\/bakeryfolies.com\/fr\/#\/schema\/logo\/image\/","url":"https:\/\/bakeryfolies.com\/wp-content\/uploads\/2025\/09\/premium_zwart-scaled.png","contentUrl":"https:\/\/bakeryfolies.com\/wp-content\/uploads\/2025\/09\/premium_zwart-scaled.png","width":2560,"height":829,"caption":"Bakery Folies"},"image":{"@id":"https:\/\/bakeryfolies.com\/fr\/#\/schema\/logo\/image\/"}}]}},"_links":{"self":[{"href":"https:\/\/bakeryfolies.com\/fr\/wp-json\/wp\/v2\/product\/3628","targetHints":{"allow":["GET"]}}],"collection":[{"href":"https:\/\/bakeryfolies.com\/fr\/wp-json\/wp\/v2\/product"}],"about":[{"href":"https:\/\/bakeryfolies.com\/fr\/wp-json\/wp\/v2\/types\/product"}],"wp:featuredmedia":[{"embeddable":true,"href":"https:\/\/bakeryfolies.com\/fr\/wp-json\/wp\/v2\/media\/3625"}],"wp:attachment":[{"href":"https:\/\/bakeryfolies.com\/fr\/wp-json\/wp\/v2\/media?parent=3628"}],"wp:term":[{"taxonomy":"product_brand","embeddable":true,"href":"https:\/\/bakeryfolies.com\/fr\/wp-json\/wp\/v2\/product_brand?post=3628"},{"taxonomy":"product_cat","embeddable":true,"href":"https:\/\/bakeryfolies.com\/fr\/wp-json\/wp\/v2\/product_cat?post=3628"},{"taxonomy":"product_tag","embeddable":true,"href":"https:\/\/bakeryfolies.com\/fr\/wp-json\/wp\/v2\/product_tag?post=3628"}],"curies":[{"name":"wp","href":"https:\/\/api.w.org\/{rel}","templated":true}]}}