{"id":3450,"date":"2025-10-28T21:28:29","date_gmt":"2025-10-28T21:28:29","guid":{"rendered":"https:\/\/bakeryfolies.com\/?post_type=product&#038;p=3450"},"modified":"2025-11-06T12:04:54","modified_gmt":"2025-11-06T12:04:54","slug":"gateau-coulant-au-chocolat-ignis-lave-au-chocolat","status":"publish","type":"product","link":"https:\/\/bakeryfolies.com\/fr\/shop\/gateau-coulant-au-chocolat-ignis-lave-au-chocolat\/","title":{"rendered":"G\u00e2teau coulant Rubina \u2013 chocolat framboise \u2013 2 pi\u00e8ces"},"content":{"rendered":"<p data-start=\"139\" data-end=\"406\">Rubina, inspir\u00e9 du rubis, unit l&rsquo;intensit\u00e9 profonde du chocolat belge \u00e0 la fra\u00eecheur raffin\u00e9e de la framboise. Ce g\u00e2teau coulant rond cache un c\u0153ur tendre \u00e0 la framboise, apportant une clart\u00e9 fruit\u00e9e \u00e0 la riche saveur du chocolat.<\/p>\n<p data-start=\"408\" data-end=\"640\">Une v\u00e9ritable exp\u00e9rience gustative o\u00f9 puissance et finesse s&rsquo;\u00e9quilibrent parfaitement. \u00c9labor\u00e9 avec le plus fin chocolat belge et 100% de beurre pur \u2013 un dessert irr\u00e9sistible pour les amateurs de contrastes et de raffinement. <br data-start=\"614\" data-end=\"617\" \/><strong data-start=\"617\" data-end=\"629\">Poids :<\/strong> 2 \u00d7 80 g<\/p>\n","protected":false},"excerpt":{"rendered":"<p>Rubina, inspir\u00e9 du rubis, unit l&rsquo;intensit\u00e9 profonde du chocolat belge \u00e0 la fra\u00eecheur raffin\u00e9e de la framboise. Ce g\u00e2teau coulant rond cache un c\u0153ur tendre \u00e0 la framboise, apportant une clart\u00e9 fruit\u00e9e \u00e0 la riche saveur du chocolat. Une v\u00e9ritable exp\u00e9rience gustative o\u00f9 puissance et finesse s&rsquo;\u00e9quilibrent parfaitement. \u00c9labor\u00e9 avec le plus fin chocolat belge [&hellip;]<\/p>\n","protected":false},"featured_media":3754,"template":"","meta":{"_acf_changed":false},"product_brand":[],"product_cat":[117],"product_tag":[],"class_list":{"0":"post-3450","1":"product","2":"type-product","3":"status-publish","4":"has-post-thumbnail","6":"product_cat-premium","8":"first","9":"instock","10":"sale","11":"shipping-taxable","12":"purchasable","13":"product-type-simple"},"acf":[],"yoast_head":"<!-- This site is optimized with the Yoast SEO plugin v27.4 - https:\/\/yoast.com\/product\/yoast-seo-wordpress\/ -->\n<title>G\u00e2teau coulant Rubina - chocolat framboise - 2 pi\u00e8ces - Bakery Folies<\/title>\n<meta name=\"description\" content=\"Rubina allie le chocolat belge \u00e0 la fra\u00eecheur de la framboise. C\u0153ur fondant, saveur riche et 100% beurre. Un dessert luxueux plein de contrastes et de raffinement.\" \/>\n<meta name=\"robots\" content=\"index, follow, max-snippet:-1, max-image-preview:large, max-video-preview:-1\" \/>\n<link rel=\"canonical\" href=\"https:\/\/bakeryfolies.com\/fr\/shop\/gateau-coulant-au-chocolat-ignis-lave-au-chocolat\/\" \/>\n<meta property=\"og:locale\" content=\"fr_FR\" \/>\n<meta property=\"og:type\" content=\"article\" \/>\n<meta property=\"og:title\" content=\"G\u00e2teau coulant Rubina - chocolat framboise - 2 pi\u00e8ces - Bakery Folies\" \/>\n<meta property=\"og:description\" content=\"Rubina allie le chocolat belge \u00e0 la fra\u00eecheur de la framboise. C\u0153ur fondant, saveur riche et 100% beurre. Un dessert luxueux plein de contrastes et de raffinement.\" \/>\n<meta property=\"og:url\" content=\"https:\/\/bakeryfolies.com\/fr\/shop\/gateau-coulant-au-chocolat-ignis-lave-au-chocolat\/\" \/>\n<meta property=\"og:site_name\" content=\"Bakery Folies\" \/>\n<meta property=\"article:modified_time\" content=\"2025-11-06T12:04:54+00:00\" \/>\n<meta property=\"og:image\" content=\"https:\/\/bakeryfolies.com\/wp-content\/uploads\/2025\/10\/Rubina-raspberry-chocolate-lava-cake.jpg\" \/>\n\t<meta property=\"og:image:width\" content=\"605\" \/>\n\t<meta property=\"og:image:height\" content=\"581\" \/>\n\t<meta property=\"og:image:type\" content=\"image\/jpeg\" \/>\n<meta name=\"twitter:card\" content=\"summary_large_image\" \/>\n<meta name=\"twitter:label1\" content=\"Dur\u00e9e de lecture estim\u00e9e\" \/>\n\t<meta name=\"twitter:data1\" content=\"1 minute\" \/>\n<script type=\"application\/ld+json\" class=\"yoast-schema-graph\">{\"@context\":\"https:\\\/\\\/schema.org\",\"@graph\":[{\"@type\":\"WebPage\",\"@id\":\"https:\\\/\\\/bakeryfolies.com\\\/fr\\\/shop\\\/gateau-coulant-au-chocolat-ignis-lave-au-chocolat\\\/\",\"url\":\"https:\\\/\\\/bakeryfolies.com\\\/fr\\\/shop\\\/gateau-coulant-au-chocolat-ignis-lave-au-chocolat\\\/\",\"name\":\"G\u00e2teau coulant Rubina - chocolat framboise - 2 pi\u00e8ces - Bakery Folies\",\"isPartOf\":{\"@id\":\"https:\\\/\\\/bakeryfolies.com\\\/fr\\\/#website\"},\"primaryImageOfPage\":{\"@id\":\"https:\\\/\\\/bakeryfolies.com\\\/fr\\\/shop\\\/gateau-coulant-au-chocolat-ignis-lave-au-chocolat\\\/#primaryimage\"},\"image\":{\"@id\":\"https:\\\/\\\/bakeryfolies.com\\\/fr\\\/shop\\\/gateau-coulant-au-chocolat-ignis-lave-au-chocolat\\\/#primaryimage\"},\"thumbnailUrl\":\"https:\\\/\\\/bakeryfolies.com\\\/wp-content\\\/uploads\\\/2025\\\/10\\\/Rubina-raspberry-chocolate-lava-cake.jpg\",\"datePublished\":\"2025-10-28T21:28:29+00:00\",\"dateModified\":\"2025-11-06T12:04:54+00:00\",\"description\":\"Rubina allie le chocolat belge \u00e0 la fra\u00eecheur de la framboise. C\u0153ur fondant, saveur riche et 100% beurre. Un dessert luxueux plein de contrastes et de raffinement.\",\"breadcrumb\":{\"@id\":\"https:\\\/\\\/bakeryfolies.com\\\/fr\\\/shop\\\/gateau-coulant-au-chocolat-ignis-lave-au-chocolat\\\/#breadcrumb\"},\"inLanguage\":\"fr-FR\",\"potentialAction\":[{\"@type\":\"ReadAction\",\"target\":[\"https:\\\/\\\/bakeryfolies.com\\\/fr\\\/shop\\\/gateau-coulant-au-chocolat-ignis-lave-au-chocolat\\\/\"]}]},{\"@type\":\"ImageObject\",\"inLanguage\":\"fr-FR\",\"@id\":\"https:\\\/\\\/bakeryfolies.com\\\/fr\\\/shop\\\/gateau-coulant-au-chocolat-ignis-lave-au-chocolat\\\/#primaryimage\",\"url\":\"https:\\\/\\\/bakeryfolies.com\\\/wp-content\\\/uploads\\\/2025\\\/10\\\/Rubina-raspberry-chocolate-lava-cake.jpg\",\"contentUrl\":\"https:\\\/\\\/bakeryfolies.com\\\/wp-content\\\/uploads\\\/2025\\\/10\\\/Rubina-raspberry-chocolate-lava-cake.jpg\",\"width\":605,\"height\":581},{\"@type\":\"BreadcrumbList\",\"@id\":\"https:\\\/\\\/bakeryfolies.com\\\/fr\\\/shop\\\/gateau-coulant-au-chocolat-ignis-lave-au-chocolat\\\/#breadcrumb\",\"itemListElement\":[{\"@type\":\"ListItem\",\"position\":1,\"name\":\"Accueil\",\"item\":\"https:\\\/\\\/bakeryfolies.com\\\/fr\\\/\"},{\"@type\":\"ListItem\",\"position\":2,\"name\":\"G\u00e2teau coulant Rubina \u2013 chocolat framboise \u2013 2 pi\u00e8ces\"}]},{\"@type\":\"WebSite\",\"@id\":\"https:\\\/\\\/bakeryfolies.com\\\/fr\\\/#website\",\"url\":\"https:\\\/\\\/bakeryfolies.com\\\/fr\\\/\",\"name\":\"Bakery Folies\",\"description\":\"\",\"publisher\":{\"@id\":\"https:\\\/\\\/bakeryfolies.com\\\/fr\\\/#organization\"},\"potentialAction\":[{\"@type\":\"SearchAction\",\"target\":{\"@type\":\"EntryPoint\",\"urlTemplate\":\"https:\\\/\\\/bakeryfolies.com\\\/fr\\\/?s={search_term_string}\"},\"query-input\":{\"@type\":\"PropertyValueSpecification\",\"valueRequired\":true,\"valueName\":\"search_term_string\"}}],\"inLanguage\":\"fr-FR\"},{\"@type\":\"Organization\",\"@id\":\"https:\\\/\\\/bakeryfolies.com\\\/fr\\\/#organization\",\"name\":\"Bakery Folies\",\"url\":\"https:\\\/\\\/bakeryfolies.com\\\/fr\\\/\",\"logo\":{\"@type\":\"ImageObject\",\"inLanguage\":\"fr-FR\",\"@id\":\"https:\\\/\\\/bakeryfolies.com\\\/fr\\\/#\\\/schema\\\/logo\\\/image\\\/\",\"url\":\"https:\\\/\\\/bakeryfolies.com\\\/wp-content\\\/uploads\\\/2025\\\/09\\\/premium_zwart-scaled.png\",\"contentUrl\":\"https:\\\/\\\/bakeryfolies.com\\\/wp-content\\\/uploads\\\/2025\\\/09\\\/premium_zwart-scaled.png\",\"width\":2560,\"height\":829,\"caption\":\"Bakery Folies\"},\"image\":{\"@id\":\"https:\\\/\\\/bakeryfolies.com\\\/fr\\\/#\\\/schema\\\/logo\\\/image\\\/\"}}]}<\/script>\n<!-- \/ Yoast SEO plugin. -->","yoast_head_json":{"title":"G\u00e2teau coulant Rubina - chocolat framboise - 2 pi\u00e8ces - Bakery Folies","description":"Rubina allie le chocolat belge \u00e0 la fra\u00eecheur de la framboise. C\u0153ur fondant, saveur riche et 100% beurre. Un dessert luxueux plein de contrastes et de raffinement.","robots":{"index":"index","follow":"follow","max-snippet":"max-snippet:-1","max-image-preview":"max-image-preview:large","max-video-preview":"max-video-preview:-1"},"canonical":"https:\/\/bakeryfolies.com\/fr\/shop\/gateau-coulant-au-chocolat-ignis-lave-au-chocolat\/","og_locale":"fr_FR","og_type":"article","og_title":"G\u00e2teau coulant Rubina - chocolat framboise - 2 pi\u00e8ces - Bakery Folies","og_description":"Rubina allie le chocolat belge \u00e0 la fra\u00eecheur de la framboise. C\u0153ur fondant, saveur riche et 100% beurre. Un dessert luxueux plein de contrastes et de raffinement.","og_url":"https:\/\/bakeryfolies.com\/fr\/shop\/gateau-coulant-au-chocolat-ignis-lave-au-chocolat\/","og_site_name":"Bakery Folies","article_modified_time":"2025-11-06T12:04:54+00:00","og_image":[{"width":605,"height":581,"url":"https:\/\/bakeryfolies.com\/wp-content\/uploads\/2025\/10\/Rubina-raspberry-chocolate-lava-cake.jpg","type":"image\/jpeg"}],"twitter_card":"summary_large_image","twitter_misc":{"Dur\u00e9e de lecture estim\u00e9e":"1 minute"},"schema":{"@context":"https:\/\/schema.org","@graph":[{"@type":"WebPage","@id":"https:\/\/bakeryfolies.com\/fr\/shop\/gateau-coulant-au-chocolat-ignis-lave-au-chocolat\/","url":"https:\/\/bakeryfolies.com\/fr\/shop\/gateau-coulant-au-chocolat-ignis-lave-au-chocolat\/","name":"G\u00e2teau coulant Rubina - chocolat framboise - 2 pi\u00e8ces - Bakery Folies","isPartOf":{"@id":"https:\/\/bakeryfolies.com\/fr\/#website"},"primaryImageOfPage":{"@id":"https:\/\/bakeryfolies.com\/fr\/shop\/gateau-coulant-au-chocolat-ignis-lave-au-chocolat\/#primaryimage"},"image":{"@id":"https:\/\/bakeryfolies.com\/fr\/shop\/gateau-coulant-au-chocolat-ignis-lave-au-chocolat\/#primaryimage"},"thumbnailUrl":"https:\/\/bakeryfolies.com\/wp-content\/uploads\/2025\/10\/Rubina-raspberry-chocolate-lava-cake.jpg","datePublished":"2025-10-28T21:28:29+00:00","dateModified":"2025-11-06T12:04:54+00:00","description":"Rubina allie le chocolat belge \u00e0 la fra\u00eecheur de la framboise. C\u0153ur fondant, saveur riche et 100% beurre. Un dessert luxueux plein de contrastes et de raffinement.","breadcrumb":{"@id":"https:\/\/bakeryfolies.com\/fr\/shop\/gateau-coulant-au-chocolat-ignis-lave-au-chocolat\/#breadcrumb"},"inLanguage":"fr-FR","potentialAction":[{"@type":"ReadAction","target":["https:\/\/bakeryfolies.com\/fr\/shop\/gateau-coulant-au-chocolat-ignis-lave-au-chocolat\/"]}]},{"@type":"ImageObject","inLanguage":"fr-FR","@id":"https:\/\/bakeryfolies.com\/fr\/shop\/gateau-coulant-au-chocolat-ignis-lave-au-chocolat\/#primaryimage","url":"https:\/\/bakeryfolies.com\/wp-content\/uploads\/2025\/10\/Rubina-raspberry-chocolate-lava-cake.jpg","contentUrl":"https:\/\/bakeryfolies.com\/wp-content\/uploads\/2025\/10\/Rubina-raspberry-chocolate-lava-cake.jpg","width":605,"height":581},{"@type":"BreadcrumbList","@id":"https:\/\/bakeryfolies.com\/fr\/shop\/gateau-coulant-au-chocolat-ignis-lave-au-chocolat\/#breadcrumb","itemListElement":[{"@type":"ListItem","position":1,"name":"Accueil","item":"https:\/\/bakeryfolies.com\/fr\/"},{"@type":"ListItem","position":2,"name":"G\u00e2teau coulant Rubina \u2013 chocolat framboise \u2013 2 pi\u00e8ces"}]},{"@type":"WebSite","@id":"https:\/\/bakeryfolies.com\/fr\/#website","url":"https:\/\/bakeryfolies.com\/fr\/","name":"Bakery Folies","description":"","publisher":{"@id":"https:\/\/bakeryfolies.com\/fr\/#organization"},"potentialAction":[{"@type":"SearchAction","target":{"@type":"EntryPoint","urlTemplate":"https:\/\/bakeryfolies.com\/fr\/?s={search_term_string}"},"query-input":{"@type":"PropertyValueSpecification","valueRequired":true,"valueName":"search_term_string"}}],"inLanguage":"fr-FR"},{"@type":"Organization","@id":"https:\/\/bakeryfolies.com\/fr\/#organization","name":"Bakery Folies","url":"https:\/\/bakeryfolies.com\/fr\/","logo":{"@type":"ImageObject","inLanguage":"fr-FR","@id":"https:\/\/bakeryfolies.com\/fr\/#\/schema\/logo\/image\/","url":"https:\/\/bakeryfolies.com\/wp-content\/uploads\/2025\/09\/premium_zwart-scaled.png","contentUrl":"https:\/\/bakeryfolies.com\/wp-content\/uploads\/2025\/09\/premium_zwart-scaled.png","width":2560,"height":829,"caption":"Bakery Folies"},"image":{"@id":"https:\/\/bakeryfolies.com\/fr\/#\/schema\/logo\/image\/"}}]}},"_links":{"self":[{"href":"https:\/\/bakeryfolies.com\/fr\/wp-json\/wp\/v2\/product\/3450","targetHints":{"allow":["GET"]}}],"collection":[{"href":"https:\/\/bakeryfolies.com\/fr\/wp-json\/wp\/v2\/product"}],"about":[{"href":"https:\/\/bakeryfolies.com\/fr\/wp-json\/wp\/v2\/types\/product"}],"wp:featuredmedia":[{"embeddable":true,"href":"https:\/\/bakeryfolies.com\/fr\/wp-json\/wp\/v2\/media\/3754"}],"wp:attachment":[{"href":"https:\/\/bakeryfolies.com\/fr\/wp-json\/wp\/v2\/media?parent=3450"}],"wp:term":[{"taxonomy":"product_brand","embeddable":true,"href":"https:\/\/bakeryfolies.com\/fr\/wp-json\/wp\/v2\/product_brand?post=3450"},{"taxonomy":"product_cat","embeddable":true,"href":"https:\/\/bakeryfolies.com\/fr\/wp-json\/wp\/v2\/product_cat?post=3450"},{"taxonomy":"product_tag","embeddable":true,"href":"https:\/\/bakeryfolies.com\/fr\/wp-json\/wp\/v2\/product_tag?post=3450"}],"curies":[{"name":"wp","href":"https:\/\/api.w.org\/{rel}","templated":true}]}}