{"id":3447,"date":"2025-10-28T21:25:57","date_gmt":"2025-10-28T21:25:57","guid":{"rendered":"https:\/\/bakeryfolies.com\/?post_type=product&#038;p=3447"},"modified":"2025-11-06T12:02:50","modified_gmt":"2025-11-06T12:02:50","slug":"gateaux-fervora-fondant-au-chocolat","status":"publish","type":"product","link":"https:\/\/bakeryfolies.com\/fr\/shop\/gateaux-fervora-fondant-au-chocolat\/","title":{"rendered":"G\u00e2teau coulant au chocolat Ignis \u2013 lave au chocolat \u2013 2 pi\u00e8ces"},"content":{"rendered":"<p data-start=\"129\" data-end=\"354\">Ignis, d\u00e9riv\u00e9 du latin <em data-start=\"162\" data-end=\"169\">ignis<\/em> \u2014 feu \u2014 capture l&rsquo;intense chaleur et la passion du chocolat fondu dans un dessert raffin\u00e9. Ce g\u00e2teau coulant au chocolat est pr\u00e9par\u00e9 avec le plus fin chocolat belge et 100 % de beurre pur.<\/p>\n<p data-start=\"356\" data-end=\"616\">Le c\u0153ur fondant et coulant ainsi que la texture douce et velout\u00e9e font d&rsquo;Ignis une gourmandise irr\u00e9sistible. Un dessert qui allie \u00e9l\u00e9gance et intensit\u00e9 \u2014 parfait \u00e0 servir chaud pour un moment ultime de pur plaisir. <br data-start=\"590\" data-end=\"593\" \/><strong data-start=\"593\" data-end=\"605\">Poids :<\/strong> 2 \u00d7 80 g<\/p>\n","protected":false},"excerpt":{"rendered":"<p>Ignis, d\u00e9riv\u00e9 du latin ignis \u2014 feu \u2014 capture l&rsquo;intense chaleur et la passion du chocolat fondu dans un dessert raffin\u00e9. Ce g\u00e2teau coulant au chocolat est pr\u00e9par\u00e9 avec le plus fin chocolat belge et 100 % de beurre pur. Le c\u0153ur fondant et coulant ainsi que la texture douce et velout\u00e9e font d&rsquo;Ignis une [&hellip;]<\/p>\n","protected":false},"featured_media":3752,"template":"","meta":{"_acf_changed":false},"product_brand":[],"product_cat":[117],"product_tag":[],"class_list":{"0":"post-3447","1":"product","2":"type-product","3":"status-publish","4":"has-post-thumbnail","6":"product_cat-premium","8":"first","9":"instock","10":"sale","11":"shipping-taxable","12":"purchasable","13":"product-type-simple"},"acf":[],"yoast_head":"<!-- This site is optimized with the Yoast SEO plugin v27.4 - https:\/\/yoast.com\/product\/yoast-seo-wordpress\/ -->\n<title>G\u00e2teau coulant au chocolat Ignis - lave au chocolat - 2 pi\u00e8ces - Bakery Folies<\/title>\n<meta name=\"description\" content=\"Ignis est un g\u00e2teau coulant au chocolat avec un c\u0153ur chaud et fondant. Pr\u00e9par\u00e9 avec du chocolat belge et 100 % de beurre. Un pur d\u00e9lice \u00e0 chaque bouch\u00e9e.\" \/>\n<meta name=\"robots\" content=\"index, follow, max-snippet:-1, max-image-preview:large, max-video-preview:-1\" \/>\n<link rel=\"canonical\" href=\"https:\/\/bakeryfolies.com\/fr\/shop\/gateaux-fervora-fondant-au-chocolat\/\" \/>\n<meta property=\"og:locale\" content=\"fr_FR\" \/>\n<meta property=\"og:type\" content=\"article\" \/>\n<meta property=\"og:title\" content=\"G\u00e2teau coulant au chocolat Ignis - lave au chocolat - 2 pi\u00e8ces - Bakery Folies\" \/>\n<meta property=\"og:description\" content=\"Ignis est un g\u00e2teau coulant au chocolat avec un c\u0153ur chaud et fondant. Pr\u00e9par\u00e9 avec du chocolat belge et 100 % de beurre. Un pur d\u00e9lice \u00e0 chaque bouch\u00e9e.\" \/>\n<meta property=\"og:url\" content=\"https:\/\/bakeryfolies.com\/fr\/shop\/gateaux-fervora-fondant-au-chocolat\/\" \/>\n<meta property=\"og:site_name\" content=\"Bakery Folies\" \/>\n<meta property=\"article:modified_time\" content=\"2025-11-06T12:02:50+00:00\" \/>\n<meta property=\"og:image\" content=\"https:\/\/bakeryfolies.com\/wp-content\/uploads\/2025\/10\/Ignis-chocolate-lava-cake.jpg\" \/>\n\t<meta property=\"og:image:width\" content=\"605\" \/>\n\t<meta property=\"og:image:height\" content=\"581\" \/>\n\t<meta property=\"og:image:type\" content=\"image\/jpeg\" \/>\n<meta name=\"twitter:card\" content=\"summary_large_image\" \/>\n<meta name=\"twitter:label1\" content=\"Dur\u00e9e de lecture estim\u00e9e\" \/>\n\t<meta name=\"twitter:data1\" content=\"1 minute\" \/>\n<script type=\"application\/ld+json\" class=\"yoast-schema-graph\">{\"@context\":\"https:\\\/\\\/schema.org\",\"@graph\":[{\"@type\":\"WebPage\",\"@id\":\"https:\\\/\\\/bakeryfolies.com\\\/fr\\\/shop\\\/gateaux-fervora-fondant-au-chocolat\\\/\",\"url\":\"https:\\\/\\\/bakeryfolies.com\\\/fr\\\/shop\\\/gateaux-fervora-fondant-au-chocolat\\\/\",\"name\":\"G\u00e2teau coulant au chocolat Ignis - lave au chocolat - 2 pi\u00e8ces - Bakery Folies\",\"isPartOf\":{\"@id\":\"https:\\\/\\\/bakeryfolies.com\\\/fr\\\/#website\"},\"primaryImageOfPage\":{\"@id\":\"https:\\\/\\\/bakeryfolies.com\\\/fr\\\/shop\\\/gateaux-fervora-fondant-au-chocolat\\\/#primaryimage\"},\"image\":{\"@id\":\"https:\\\/\\\/bakeryfolies.com\\\/fr\\\/shop\\\/gateaux-fervora-fondant-au-chocolat\\\/#primaryimage\"},\"thumbnailUrl\":\"https:\\\/\\\/bakeryfolies.com\\\/wp-content\\\/uploads\\\/2025\\\/10\\\/Ignis-chocolate-lava-cake.jpg\",\"datePublished\":\"2025-10-28T21:25:57+00:00\",\"dateModified\":\"2025-11-06T12:02:50+00:00\",\"description\":\"Ignis est un g\u00e2teau coulant au chocolat avec un c\u0153ur chaud et fondant. Pr\u00e9par\u00e9 avec du chocolat belge et 100 % de beurre. Un pur d\u00e9lice \u00e0 chaque bouch\u00e9e.\",\"breadcrumb\":{\"@id\":\"https:\\\/\\\/bakeryfolies.com\\\/fr\\\/shop\\\/gateaux-fervora-fondant-au-chocolat\\\/#breadcrumb\"},\"inLanguage\":\"fr-FR\",\"potentialAction\":[{\"@type\":\"ReadAction\",\"target\":[\"https:\\\/\\\/bakeryfolies.com\\\/fr\\\/shop\\\/gateaux-fervora-fondant-au-chocolat\\\/\"]}]},{\"@type\":\"ImageObject\",\"inLanguage\":\"fr-FR\",\"@id\":\"https:\\\/\\\/bakeryfolies.com\\\/fr\\\/shop\\\/gateaux-fervora-fondant-au-chocolat\\\/#primaryimage\",\"url\":\"https:\\\/\\\/bakeryfolies.com\\\/wp-content\\\/uploads\\\/2025\\\/10\\\/Ignis-chocolate-lava-cake.jpg\",\"contentUrl\":\"https:\\\/\\\/bakeryfolies.com\\\/wp-content\\\/uploads\\\/2025\\\/10\\\/Ignis-chocolate-lava-cake.jpg\",\"width\":605,\"height\":581},{\"@type\":\"BreadcrumbList\",\"@id\":\"https:\\\/\\\/bakeryfolies.com\\\/fr\\\/shop\\\/gateaux-fervora-fondant-au-chocolat\\\/#breadcrumb\",\"itemListElement\":[{\"@type\":\"ListItem\",\"position\":1,\"name\":\"Accueil\",\"item\":\"https:\\\/\\\/bakeryfolies.com\\\/fr\\\/\"},{\"@type\":\"ListItem\",\"position\":2,\"name\":\"G\u00e2teau coulant au chocolat Ignis \u2013 lave au chocolat \u2013 2 pi\u00e8ces\"}]},{\"@type\":\"WebSite\",\"@id\":\"https:\\\/\\\/bakeryfolies.com\\\/fr\\\/#website\",\"url\":\"https:\\\/\\\/bakeryfolies.com\\\/fr\\\/\",\"name\":\"Bakery Folies\",\"description\":\"\",\"publisher\":{\"@id\":\"https:\\\/\\\/bakeryfolies.com\\\/fr\\\/#organization\"},\"potentialAction\":[{\"@type\":\"SearchAction\",\"target\":{\"@type\":\"EntryPoint\",\"urlTemplate\":\"https:\\\/\\\/bakeryfolies.com\\\/fr\\\/?s={search_term_string}\"},\"query-input\":{\"@type\":\"PropertyValueSpecification\",\"valueRequired\":true,\"valueName\":\"search_term_string\"}}],\"inLanguage\":\"fr-FR\"},{\"@type\":\"Organization\",\"@id\":\"https:\\\/\\\/bakeryfolies.com\\\/fr\\\/#organization\",\"name\":\"Bakery Folies\",\"url\":\"https:\\\/\\\/bakeryfolies.com\\\/fr\\\/\",\"logo\":{\"@type\":\"ImageObject\",\"inLanguage\":\"fr-FR\",\"@id\":\"https:\\\/\\\/bakeryfolies.com\\\/fr\\\/#\\\/schema\\\/logo\\\/image\\\/\",\"url\":\"https:\\\/\\\/bakeryfolies.com\\\/wp-content\\\/uploads\\\/2025\\\/09\\\/premium_zwart-scaled.png\",\"contentUrl\":\"https:\\\/\\\/bakeryfolies.com\\\/wp-content\\\/uploads\\\/2025\\\/09\\\/premium_zwart-scaled.png\",\"width\":2560,\"height\":829,\"caption\":\"Bakery Folies\"},\"image\":{\"@id\":\"https:\\\/\\\/bakeryfolies.com\\\/fr\\\/#\\\/schema\\\/logo\\\/image\\\/\"}}]}<\/script>\n<!-- \/ Yoast SEO plugin. -->","yoast_head_json":{"title":"G\u00e2teau coulant au chocolat Ignis - lave au chocolat - 2 pi\u00e8ces - Bakery Folies","description":"Ignis est un g\u00e2teau coulant au chocolat avec un c\u0153ur chaud et fondant. Pr\u00e9par\u00e9 avec du chocolat belge et 100 % de beurre. Un pur d\u00e9lice \u00e0 chaque bouch\u00e9e.","robots":{"index":"index","follow":"follow","max-snippet":"max-snippet:-1","max-image-preview":"max-image-preview:large","max-video-preview":"max-video-preview:-1"},"canonical":"https:\/\/bakeryfolies.com\/fr\/shop\/gateaux-fervora-fondant-au-chocolat\/","og_locale":"fr_FR","og_type":"article","og_title":"G\u00e2teau coulant au chocolat Ignis - lave au chocolat - 2 pi\u00e8ces - Bakery Folies","og_description":"Ignis est un g\u00e2teau coulant au chocolat avec un c\u0153ur chaud et fondant. Pr\u00e9par\u00e9 avec du chocolat belge et 100 % de beurre. Un pur d\u00e9lice \u00e0 chaque bouch\u00e9e.","og_url":"https:\/\/bakeryfolies.com\/fr\/shop\/gateaux-fervora-fondant-au-chocolat\/","og_site_name":"Bakery Folies","article_modified_time":"2025-11-06T12:02:50+00:00","og_image":[{"width":605,"height":581,"url":"https:\/\/bakeryfolies.com\/wp-content\/uploads\/2025\/10\/Ignis-chocolate-lava-cake.jpg","type":"image\/jpeg"}],"twitter_card":"summary_large_image","twitter_misc":{"Dur\u00e9e de lecture estim\u00e9e":"1 minute"},"schema":{"@context":"https:\/\/schema.org","@graph":[{"@type":"WebPage","@id":"https:\/\/bakeryfolies.com\/fr\/shop\/gateaux-fervora-fondant-au-chocolat\/","url":"https:\/\/bakeryfolies.com\/fr\/shop\/gateaux-fervora-fondant-au-chocolat\/","name":"G\u00e2teau coulant au chocolat Ignis - lave au chocolat - 2 pi\u00e8ces - Bakery Folies","isPartOf":{"@id":"https:\/\/bakeryfolies.com\/fr\/#website"},"primaryImageOfPage":{"@id":"https:\/\/bakeryfolies.com\/fr\/shop\/gateaux-fervora-fondant-au-chocolat\/#primaryimage"},"image":{"@id":"https:\/\/bakeryfolies.com\/fr\/shop\/gateaux-fervora-fondant-au-chocolat\/#primaryimage"},"thumbnailUrl":"https:\/\/bakeryfolies.com\/wp-content\/uploads\/2025\/10\/Ignis-chocolate-lava-cake.jpg","datePublished":"2025-10-28T21:25:57+00:00","dateModified":"2025-11-06T12:02:50+00:00","description":"Ignis est un g\u00e2teau coulant au chocolat avec un c\u0153ur chaud et fondant. Pr\u00e9par\u00e9 avec du chocolat belge et 100 % de beurre. Un pur d\u00e9lice \u00e0 chaque bouch\u00e9e.","breadcrumb":{"@id":"https:\/\/bakeryfolies.com\/fr\/shop\/gateaux-fervora-fondant-au-chocolat\/#breadcrumb"},"inLanguage":"fr-FR","potentialAction":[{"@type":"ReadAction","target":["https:\/\/bakeryfolies.com\/fr\/shop\/gateaux-fervora-fondant-au-chocolat\/"]}]},{"@type":"ImageObject","inLanguage":"fr-FR","@id":"https:\/\/bakeryfolies.com\/fr\/shop\/gateaux-fervora-fondant-au-chocolat\/#primaryimage","url":"https:\/\/bakeryfolies.com\/wp-content\/uploads\/2025\/10\/Ignis-chocolate-lava-cake.jpg","contentUrl":"https:\/\/bakeryfolies.com\/wp-content\/uploads\/2025\/10\/Ignis-chocolate-lava-cake.jpg","width":605,"height":581},{"@type":"BreadcrumbList","@id":"https:\/\/bakeryfolies.com\/fr\/shop\/gateaux-fervora-fondant-au-chocolat\/#breadcrumb","itemListElement":[{"@type":"ListItem","position":1,"name":"Accueil","item":"https:\/\/bakeryfolies.com\/fr\/"},{"@type":"ListItem","position":2,"name":"G\u00e2teau coulant au chocolat Ignis \u2013 lave au chocolat \u2013 2 pi\u00e8ces"}]},{"@type":"WebSite","@id":"https:\/\/bakeryfolies.com\/fr\/#website","url":"https:\/\/bakeryfolies.com\/fr\/","name":"Bakery Folies","description":"","publisher":{"@id":"https:\/\/bakeryfolies.com\/fr\/#organization"},"potentialAction":[{"@type":"SearchAction","target":{"@type":"EntryPoint","urlTemplate":"https:\/\/bakeryfolies.com\/fr\/?s={search_term_string}"},"query-input":{"@type":"PropertyValueSpecification","valueRequired":true,"valueName":"search_term_string"}}],"inLanguage":"fr-FR"},{"@type":"Organization","@id":"https:\/\/bakeryfolies.com\/fr\/#organization","name":"Bakery Folies","url":"https:\/\/bakeryfolies.com\/fr\/","logo":{"@type":"ImageObject","inLanguage":"fr-FR","@id":"https:\/\/bakeryfolies.com\/fr\/#\/schema\/logo\/image\/","url":"https:\/\/bakeryfolies.com\/wp-content\/uploads\/2025\/09\/premium_zwart-scaled.png","contentUrl":"https:\/\/bakeryfolies.com\/wp-content\/uploads\/2025\/09\/premium_zwart-scaled.png","width":2560,"height":829,"caption":"Bakery Folies"},"image":{"@id":"https:\/\/bakeryfolies.com\/fr\/#\/schema\/logo\/image\/"}}]}},"_links":{"self":[{"href":"https:\/\/bakeryfolies.com\/fr\/wp-json\/wp\/v2\/product\/3447","targetHints":{"allow":["GET"]}}],"collection":[{"href":"https:\/\/bakeryfolies.com\/fr\/wp-json\/wp\/v2\/product"}],"about":[{"href":"https:\/\/bakeryfolies.com\/fr\/wp-json\/wp\/v2\/types\/product"}],"wp:featuredmedia":[{"embeddable":true,"href":"https:\/\/bakeryfolies.com\/fr\/wp-json\/wp\/v2\/media\/3752"}],"wp:attachment":[{"href":"https:\/\/bakeryfolies.com\/fr\/wp-json\/wp\/v2\/media?parent=3447"}],"wp:term":[{"taxonomy":"product_brand","embeddable":true,"href":"https:\/\/bakeryfolies.com\/fr\/wp-json\/wp\/v2\/product_brand?post=3447"},{"taxonomy":"product_cat","embeddable":true,"href":"https:\/\/bakeryfolies.com\/fr\/wp-json\/wp\/v2\/product_cat?post=3447"},{"taxonomy":"product_tag","embeddable":true,"href":"https:\/\/bakeryfolies.com\/fr\/wp-json\/wp\/v2\/product_tag?post=3447"}],"curies":[{"name":"wp","href":"https:\/\/api.w.org\/{rel}","templated":true}]}}