{"id":3444,"date":"2025-10-28T21:22:29","date_gmt":"2025-10-28T21:22:29","guid":{"rendered":"https:\/\/bakeryfolies.com\/?post_type=product&#038;p=3444"},"modified":"2025-11-06T11:53:16","modified_gmt":"2025-11-06T11:53:16","slug":"gateau-fondora-fondant-au-chocolat","status":"publish","type":"product","link":"https:\/\/bakeryfolies.com\/fr\/shop\/gateau-fondora-fondant-au-chocolat\/","title":{"rendered":"G\u00e2teaux Fervora \u2013 fondant au chocolat \u2013 2 pi\u00e8ces"},"content":{"rendered":"<p data-start=\"130\" data-end=\"385\">Fervora, d\u00e9riv\u00e9 de <em data-start=\"152\" data-end=\"160\">fervor<\/em> \u2014 passion et chaleur \u2014 refl\u00e8te l&rsquo;intensit\u00e9 ardente du chocolat dans une portion raffin\u00e9e. Ces fondants sont la petite s\u0153ur du g\u00e2teau Fondora et combinent la m\u00eame richesse de go\u00fbt avec une pr\u00e9sentation \u00e9l\u00e9gante.<\/p>\n<p data-start=\"387\" data-end=\"589\">Emball\u00e9s par deux, ils offrent un moment intime de pure gourmandise. Pr\u00e9par\u00e9s avec le plus fin chocolat belge et 100 % de beurre pur pour un c\u0153ur irr\u00e9sistiblement tendre et fondant. <br data-start=\"563\" data-end=\"566\" \/><strong data-start=\"566\" data-end=\"578\">Poids :<\/strong> 2 \u00d7 75 g<\/p>\n","protected":false},"excerpt":{"rendered":"<p>Fervora, d\u00e9riv\u00e9 de fervor \u2014 passion et chaleur \u2014 refl\u00e8te l&rsquo;intensit\u00e9 ardente du chocolat dans une portion raffin\u00e9e. Ces fondants sont la petite s\u0153ur du g\u00e2teau Fondora et combinent la m\u00eame richesse de go\u00fbt avec une pr\u00e9sentation \u00e9l\u00e9gante. Emball\u00e9s par deux, ils offrent un moment intime de pure gourmandise. Pr\u00e9par\u00e9s avec le plus fin chocolat [&hellip;]<\/p>\n","protected":false},"featured_media":3748,"template":"","meta":{"_acf_changed":false},"product_brand":[],"product_cat":[117],"product_tag":[],"class_list":{"0":"post-3444","1":"product","2":"type-product","3":"status-publish","4":"has-post-thumbnail","6":"product_cat-premium","8":"first","9":"instock","10":"sale","11":"shipping-taxable","12":"purchasable","13":"product-type-simple"},"acf":[],"yoast_head":"<!-- This site is optimized with the Yoast SEO plugin v27.4 - https:\/\/yoast.com\/product\/yoast-seo-wordpress\/ -->\n<title>G\u00e2teaux Fervora - fondant au chocolat - 2 pi\u00e8ces - Bakery Folies<\/title>\n<meta name=\"description\" content=\"Fervora sont des mini fondants au chocolat raffin\u00e9s, \u00e9labor\u00e9s avec du chocolat belge et 100 % de beurre. Un c\u0153ur riche et fondant pour un moment de pure gourmandise.\" \/>\n<meta name=\"robots\" content=\"index, follow, max-snippet:-1, max-image-preview:large, max-video-preview:-1\" \/>\n<link rel=\"canonical\" href=\"https:\/\/bakeryfolies.com\/fr\/shop\/gateau-fondora-fondant-au-chocolat\/\" \/>\n<meta property=\"og:locale\" content=\"fr_FR\" \/>\n<meta property=\"og:type\" content=\"article\" \/>\n<meta property=\"og:title\" content=\"G\u00e2teaux Fervora - fondant au chocolat - 2 pi\u00e8ces - Bakery Folies\" \/>\n<meta property=\"og:description\" content=\"Fervora sont des mini fondants au chocolat raffin\u00e9s, \u00e9labor\u00e9s avec du chocolat belge et 100 % de beurre. Un c\u0153ur riche et fondant pour un moment de pure gourmandise.\" \/>\n<meta property=\"og:url\" content=\"https:\/\/bakeryfolies.com\/fr\/shop\/gateau-fondora-fondant-au-chocolat\/\" \/>\n<meta property=\"og:site_name\" content=\"Bakery Folies\" \/>\n<meta property=\"article:modified_time\" content=\"2025-11-06T11:53:16+00:00\" \/>\n<meta property=\"og:image\" content=\"https:\/\/bakeryfolies.com\/wp-content\/uploads\/2025\/10\/Fervora-chocolate-fondant-tarts.jpg\" \/>\n\t<meta property=\"og:image:width\" content=\"605\" \/>\n\t<meta property=\"og:image:height\" content=\"581\" \/>\n\t<meta property=\"og:image:type\" content=\"image\/jpeg\" \/>\n<meta name=\"twitter:card\" content=\"summary_large_image\" \/>\n<meta name=\"twitter:label1\" content=\"Dur\u00e9e de lecture estim\u00e9e\" \/>\n\t<meta name=\"twitter:data1\" content=\"1 minute\" \/>\n<script type=\"application\/ld+json\" class=\"yoast-schema-graph\">{\"@context\":\"https:\\\/\\\/schema.org\",\"@graph\":[{\"@type\":\"WebPage\",\"@id\":\"https:\\\/\\\/bakeryfolies.com\\\/fr\\\/shop\\\/gateau-fondora-fondant-au-chocolat\\\/\",\"url\":\"https:\\\/\\\/bakeryfolies.com\\\/fr\\\/shop\\\/gateau-fondora-fondant-au-chocolat\\\/\",\"name\":\"G\u00e2teaux Fervora - fondant au chocolat - 2 pi\u00e8ces - Bakery Folies\",\"isPartOf\":{\"@id\":\"https:\\\/\\\/bakeryfolies.com\\\/fr\\\/#website\"},\"primaryImageOfPage\":{\"@id\":\"https:\\\/\\\/bakeryfolies.com\\\/fr\\\/shop\\\/gateau-fondora-fondant-au-chocolat\\\/#primaryimage\"},\"image\":{\"@id\":\"https:\\\/\\\/bakeryfolies.com\\\/fr\\\/shop\\\/gateau-fondora-fondant-au-chocolat\\\/#primaryimage\"},\"thumbnailUrl\":\"https:\\\/\\\/bakeryfolies.com\\\/wp-content\\\/uploads\\\/2025\\\/10\\\/Fervora-chocolate-fondant-tarts.jpg\",\"datePublished\":\"2025-10-28T21:22:29+00:00\",\"dateModified\":\"2025-11-06T11:53:16+00:00\",\"description\":\"Fervora sont des mini fondants au chocolat raffin\u00e9s, \u00e9labor\u00e9s avec du chocolat belge et 100 % de beurre. Un c\u0153ur riche et fondant pour un moment de pure gourmandise.\",\"breadcrumb\":{\"@id\":\"https:\\\/\\\/bakeryfolies.com\\\/fr\\\/shop\\\/gateau-fondora-fondant-au-chocolat\\\/#breadcrumb\"},\"inLanguage\":\"fr-FR\",\"potentialAction\":[{\"@type\":\"ReadAction\",\"target\":[\"https:\\\/\\\/bakeryfolies.com\\\/fr\\\/shop\\\/gateau-fondora-fondant-au-chocolat\\\/\"]}]},{\"@type\":\"ImageObject\",\"inLanguage\":\"fr-FR\",\"@id\":\"https:\\\/\\\/bakeryfolies.com\\\/fr\\\/shop\\\/gateau-fondora-fondant-au-chocolat\\\/#primaryimage\",\"url\":\"https:\\\/\\\/bakeryfolies.com\\\/wp-content\\\/uploads\\\/2025\\\/10\\\/Fervora-chocolate-fondant-tarts.jpg\",\"contentUrl\":\"https:\\\/\\\/bakeryfolies.com\\\/wp-content\\\/uploads\\\/2025\\\/10\\\/Fervora-chocolate-fondant-tarts.jpg\",\"width\":605,\"height\":581},{\"@type\":\"BreadcrumbList\",\"@id\":\"https:\\\/\\\/bakeryfolies.com\\\/fr\\\/shop\\\/gateau-fondora-fondant-au-chocolat\\\/#breadcrumb\",\"itemListElement\":[{\"@type\":\"ListItem\",\"position\":1,\"name\":\"Accueil\",\"item\":\"https:\\\/\\\/bakeryfolies.com\\\/fr\\\/\"},{\"@type\":\"ListItem\",\"position\":2,\"name\":\"G\u00e2teaux Fervora \u2013 fondant au chocolat \u2013 2 pi\u00e8ces\"}]},{\"@type\":\"WebSite\",\"@id\":\"https:\\\/\\\/bakeryfolies.com\\\/fr\\\/#website\",\"url\":\"https:\\\/\\\/bakeryfolies.com\\\/fr\\\/\",\"name\":\"Bakery Folies\",\"description\":\"\",\"publisher\":{\"@id\":\"https:\\\/\\\/bakeryfolies.com\\\/fr\\\/#organization\"},\"potentialAction\":[{\"@type\":\"SearchAction\",\"target\":{\"@type\":\"EntryPoint\",\"urlTemplate\":\"https:\\\/\\\/bakeryfolies.com\\\/fr\\\/?s={search_term_string}\"},\"query-input\":{\"@type\":\"PropertyValueSpecification\",\"valueRequired\":true,\"valueName\":\"search_term_string\"}}],\"inLanguage\":\"fr-FR\"},{\"@type\":\"Organization\",\"@id\":\"https:\\\/\\\/bakeryfolies.com\\\/fr\\\/#organization\",\"name\":\"Bakery Folies\",\"url\":\"https:\\\/\\\/bakeryfolies.com\\\/fr\\\/\",\"logo\":{\"@type\":\"ImageObject\",\"inLanguage\":\"fr-FR\",\"@id\":\"https:\\\/\\\/bakeryfolies.com\\\/fr\\\/#\\\/schema\\\/logo\\\/image\\\/\",\"url\":\"https:\\\/\\\/bakeryfolies.com\\\/wp-content\\\/uploads\\\/2025\\\/09\\\/premium_zwart-scaled.png\",\"contentUrl\":\"https:\\\/\\\/bakeryfolies.com\\\/wp-content\\\/uploads\\\/2025\\\/09\\\/premium_zwart-scaled.png\",\"width\":2560,\"height\":829,\"caption\":\"Bakery Folies\"},\"image\":{\"@id\":\"https:\\\/\\\/bakeryfolies.com\\\/fr\\\/#\\\/schema\\\/logo\\\/image\\\/\"}}]}<\/script>\n<!-- \/ Yoast SEO plugin. -->","yoast_head_json":{"title":"G\u00e2teaux Fervora - fondant au chocolat - 2 pi\u00e8ces - Bakery Folies","description":"Fervora sont des mini fondants au chocolat raffin\u00e9s, \u00e9labor\u00e9s avec du chocolat belge et 100 % de beurre. Un c\u0153ur riche et fondant pour un moment de pure gourmandise.","robots":{"index":"index","follow":"follow","max-snippet":"max-snippet:-1","max-image-preview":"max-image-preview:large","max-video-preview":"max-video-preview:-1"},"canonical":"https:\/\/bakeryfolies.com\/fr\/shop\/gateau-fondora-fondant-au-chocolat\/","og_locale":"fr_FR","og_type":"article","og_title":"G\u00e2teaux Fervora - fondant au chocolat - 2 pi\u00e8ces - Bakery Folies","og_description":"Fervora sont des mini fondants au chocolat raffin\u00e9s, \u00e9labor\u00e9s avec du chocolat belge et 100 % de beurre. Un c\u0153ur riche et fondant pour un moment de pure gourmandise.","og_url":"https:\/\/bakeryfolies.com\/fr\/shop\/gateau-fondora-fondant-au-chocolat\/","og_site_name":"Bakery Folies","article_modified_time":"2025-11-06T11:53:16+00:00","og_image":[{"width":605,"height":581,"url":"https:\/\/bakeryfolies.com\/wp-content\/uploads\/2025\/10\/Fervora-chocolate-fondant-tarts.jpg","type":"image\/jpeg"}],"twitter_card":"summary_large_image","twitter_misc":{"Dur\u00e9e de lecture estim\u00e9e":"1 minute"},"schema":{"@context":"https:\/\/schema.org","@graph":[{"@type":"WebPage","@id":"https:\/\/bakeryfolies.com\/fr\/shop\/gateau-fondora-fondant-au-chocolat\/","url":"https:\/\/bakeryfolies.com\/fr\/shop\/gateau-fondora-fondant-au-chocolat\/","name":"G\u00e2teaux Fervora - fondant au chocolat - 2 pi\u00e8ces - Bakery Folies","isPartOf":{"@id":"https:\/\/bakeryfolies.com\/fr\/#website"},"primaryImageOfPage":{"@id":"https:\/\/bakeryfolies.com\/fr\/shop\/gateau-fondora-fondant-au-chocolat\/#primaryimage"},"image":{"@id":"https:\/\/bakeryfolies.com\/fr\/shop\/gateau-fondora-fondant-au-chocolat\/#primaryimage"},"thumbnailUrl":"https:\/\/bakeryfolies.com\/wp-content\/uploads\/2025\/10\/Fervora-chocolate-fondant-tarts.jpg","datePublished":"2025-10-28T21:22:29+00:00","dateModified":"2025-11-06T11:53:16+00:00","description":"Fervora sont des mini fondants au chocolat raffin\u00e9s, \u00e9labor\u00e9s avec du chocolat belge et 100 % de beurre. Un c\u0153ur riche et fondant pour un moment de pure gourmandise.","breadcrumb":{"@id":"https:\/\/bakeryfolies.com\/fr\/shop\/gateau-fondora-fondant-au-chocolat\/#breadcrumb"},"inLanguage":"fr-FR","potentialAction":[{"@type":"ReadAction","target":["https:\/\/bakeryfolies.com\/fr\/shop\/gateau-fondora-fondant-au-chocolat\/"]}]},{"@type":"ImageObject","inLanguage":"fr-FR","@id":"https:\/\/bakeryfolies.com\/fr\/shop\/gateau-fondora-fondant-au-chocolat\/#primaryimage","url":"https:\/\/bakeryfolies.com\/wp-content\/uploads\/2025\/10\/Fervora-chocolate-fondant-tarts.jpg","contentUrl":"https:\/\/bakeryfolies.com\/wp-content\/uploads\/2025\/10\/Fervora-chocolate-fondant-tarts.jpg","width":605,"height":581},{"@type":"BreadcrumbList","@id":"https:\/\/bakeryfolies.com\/fr\/shop\/gateau-fondora-fondant-au-chocolat\/#breadcrumb","itemListElement":[{"@type":"ListItem","position":1,"name":"Accueil","item":"https:\/\/bakeryfolies.com\/fr\/"},{"@type":"ListItem","position":2,"name":"G\u00e2teaux Fervora \u2013 fondant au chocolat \u2013 2 pi\u00e8ces"}]},{"@type":"WebSite","@id":"https:\/\/bakeryfolies.com\/fr\/#website","url":"https:\/\/bakeryfolies.com\/fr\/","name":"Bakery Folies","description":"","publisher":{"@id":"https:\/\/bakeryfolies.com\/fr\/#organization"},"potentialAction":[{"@type":"SearchAction","target":{"@type":"EntryPoint","urlTemplate":"https:\/\/bakeryfolies.com\/fr\/?s={search_term_string}"},"query-input":{"@type":"PropertyValueSpecification","valueRequired":true,"valueName":"search_term_string"}}],"inLanguage":"fr-FR"},{"@type":"Organization","@id":"https:\/\/bakeryfolies.com\/fr\/#organization","name":"Bakery Folies","url":"https:\/\/bakeryfolies.com\/fr\/","logo":{"@type":"ImageObject","inLanguage":"fr-FR","@id":"https:\/\/bakeryfolies.com\/fr\/#\/schema\/logo\/image\/","url":"https:\/\/bakeryfolies.com\/wp-content\/uploads\/2025\/09\/premium_zwart-scaled.png","contentUrl":"https:\/\/bakeryfolies.com\/wp-content\/uploads\/2025\/09\/premium_zwart-scaled.png","width":2560,"height":829,"caption":"Bakery Folies"},"image":{"@id":"https:\/\/bakeryfolies.com\/fr\/#\/schema\/logo\/image\/"}}]}},"_links":{"self":[{"href":"https:\/\/bakeryfolies.com\/fr\/wp-json\/wp\/v2\/product\/3444","targetHints":{"allow":["GET"]}}],"collection":[{"href":"https:\/\/bakeryfolies.com\/fr\/wp-json\/wp\/v2\/product"}],"about":[{"href":"https:\/\/bakeryfolies.com\/fr\/wp-json\/wp\/v2\/types\/product"}],"wp:featuredmedia":[{"embeddable":true,"href":"https:\/\/bakeryfolies.com\/fr\/wp-json\/wp\/v2\/media\/3748"}],"wp:attachment":[{"href":"https:\/\/bakeryfolies.com\/fr\/wp-json\/wp\/v2\/media?parent=3444"}],"wp:term":[{"taxonomy":"product_brand","embeddable":true,"href":"https:\/\/bakeryfolies.com\/fr\/wp-json\/wp\/v2\/product_brand?post=3444"},{"taxonomy":"product_cat","embeddable":true,"href":"https:\/\/bakeryfolies.com\/fr\/wp-json\/wp\/v2\/product_cat?post=3444"},{"taxonomy":"product_tag","embeddable":true,"href":"https:\/\/bakeryfolies.com\/fr\/wp-json\/wp\/v2\/product_tag?post=3444"}],"curies":[{"name":"wp","href":"https:\/\/api.w.org\/{rel}","templated":true}]}}