{"id":3441,"date":"2025-10-28T21:16:39","date_gmt":"2025-10-28T21:16:39","guid":{"rendered":"https:\/\/bakeryfolies.com\/?post_type=product&#038;p=3441"},"modified":"2025-11-06T11:56:05","modified_gmt":"2025-11-06T11:56:05","slug":"petits-pains-minora-mini-pistolets-au-levain","status":"publish","type":"product","link":"https:\/\/bakeryfolies.com\/fr\/shop\/petits-pains-minora-mini-pistolets-au-levain\/","title":{"rendered":"G\u00e2teau Fondora \u2013 fondant au chocolat \u2013 1 pi\u00e8ce"},"content":{"rendered":"<p data-start=\"135\" data-end=\"348\">Fondora, d\u00e9riv\u00e9 de <em data-start=\"157\" data-end=\"166\">fundere<\/em> (fondre) et <em data-start=\"180\" data-end=\"187\">aurum<\/em> (or), symbolise le luxe pur et l&rsquo;indulgence. Ce g\u00e2teau \u00e9l\u00e9gant au fondant au chocolat est pr\u00e9par\u00e9 avec le meilleur chocolat belge et du beurre 100% pur.<\/p>\n<p data-start=\"350\" data-end=\"586\">La garniture riche et velout\u00e9e et la texture lisse font de Fondora un chef-d&rsquo;\u0153uvre qui apporte une touche d&rsquo;\u00e9l\u00e9gance et d&rsquo;intensit\u00e9 \u00e0 chaque table. Parfait comme dessert ou \u00e0 partager lors d&rsquo;un moment sp\u00e9cial. <br data-start=\"553\" data-end=\"556\" \/><strong data-start=\"556\" data-end=\"568\">Poids :<\/strong> 600 g \u2013 \u00d8 16 cm<\/p>\n","protected":false},"excerpt":{"rendered":"<p>Fondora, d\u00e9riv\u00e9 de fundere (fondre) et aurum (or), symbolise le luxe pur et l&rsquo;indulgence. Ce g\u00e2teau \u00e9l\u00e9gant au fondant au chocolat est pr\u00e9par\u00e9 avec le meilleur chocolat belge et du beurre 100% pur. La garniture riche et velout\u00e9e et la texture lisse font de Fondora un chef-d&rsquo;\u0153uvre qui apporte une touche d&rsquo;\u00e9l\u00e9gance et d&rsquo;intensit\u00e9 \u00e0 [&hellip;]<\/p>\n","protected":false},"featured_media":3750,"template":"","meta":{"_acf_changed":false},"product_brand":[],"product_cat":[117],"product_tag":[],"class_list":{"0":"post-3441","1":"product","2":"type-product","3":"status-publish","4":"has-post-thumbnail","6":"product_cat-premium","8":"first","9":"instock","10":"sale","11":"shipping-taxable","12":"purchasable","13":"product-type-simple"},"acf":[],"yoast_head":"<!-- This site is optimized with the Yoast SEO plugin v27.4 - https:\/\/yoast.com\/product\/yoast-seo-wordpress\/ -->\n<title>G\u00e2teau Fondora - fondant au chocolat - 1 pi\u00e8ce - Bakery Folies<\/title>\n<meta name=\"description\" content=\"Fondora est un g\u00e2teau fondant au chocolat de luxe avec du chocolat belge et 100% de beurre. Texture riche et velout\u00e9e pour un pur plaisir. \u00d8 16 cm.\" \/>\n<meta name=\"robots\" content=\"index, follow, max-snippet:-1, max-image-preview:large, max-video-preview:-1\" \/>\n<link rel=\"canonical\" href=\"https:\/\/bakeryfolies.com\/fr\/shop\/petits-pains-minora-mini-pistolets-au-levain\/\" \/>\n<meta property=\"og:locale\" content=\"fr_FR\" \/>\n<meta property=\"og:type\" content=\"article\" \/>\n<meta property=\"og:title\" content=\"G\u00e2teau Fondora - fondant au chocolat - 1 pi\u00e8ce - Bakery Folies\" \/>\n<meta property=\"og:description\" content=\"Fondora est un g\u00e2teau fondant au chocolat de luxe avec du chocolat belge et 100% de beurre. Texture riche et velout\u00e9e pour un pur plaisir. \u00d8 16 cm.\" \/>\n<meta property=\"og:url\" content=\"https:\/\/bakeryfolies.com\/fr\/shop\/petits-pains-minora-mini-pistolets-au-levain\/\" \/>\n<meta property=\"og:site_name\" content=\"Bakery Folies\" \/>\n<meta property=\"article:modified_time\" content=\"2025-11-06T11:56:05+00:00\" \/>\n<meta property=\"og:image\" content=\"https:\/\/bakeryfolies.com\/wp-content\/uploads\/2025\/10\/Fondora-chocolate-fondant-tart.jpg\" \/>\n\t<meta property=\"og:image:width\" content=\"605\" \/>\n\t<meta property=\"og:image:height\" content=\"581\" \/>\n\t<meta property=\"og:image:type\" content=\"image\/jpeg\" \/>\n<meta name=\"twitter:card\" content=\"summary_large_image\" \/>\n<meta name=\"twitter:label1\" content=\"Dur\u00e9e de lecture estim\u00e9e\" \/>\n\t<meta name=\"twitter:data1\" content=\"1 minute\" \/>\n<script type=\"application\/ld+json\" class=\"yoast-schema-graph\">{\"@context\":\"https:\\\/\\\/schema.org\",\"@graph\":[{\"@type\":\"WebPage\",\"@id\":\"https:\\\/\\\/bakeryfolies.com\\\/fr\\\/shop\\\/petits-pains-minora-mini-pistolets-au-levain\\\/\",\"url\":\"https:\\\/\\\/bakeryfolies.com\\\/fr\\\/shop\\\/petits-pains-minora-mini-pistolets-au-levain\\\/\",\"name\":\"G\u00e2teau Fondora - fondant au chocolat - 1 pi\u00e8ce - Bakery Folies\",\"isPartOf\":{\"@id\":\"https:\\\/\\\/bakeryfolies.com\\\/fr\\\/#website\"},\"primaryImageOfPage\":{\"@id\":\"https:\\\/\\\/bakeryfolies.com\\\/fr\\\/shop\\\/petits-pains-minora-mini-pistolets-au-levain\\\/#primaryimage\"},\"image\":{\"@id\":\"https:\\\/\\\/bakeryfolies.com\\\/fr\\\/shop\\\/petits-pains-minora-mini-pistolets-au-levain\\\/#primaryimage\"},\"thumbnailUrl\":\"https:\\\/\\\/bakeryfolies.com\\\/wp-content\\\/uploads\\\/2025\\\/10\\\/Fondora-chocolate-fondant-tart.jpg\",\"datePublished\":\"2025-10-28T21:16:39+00:00\",\"dateModified\":\"2025-11-06T11:56:05+00:00\",\"description\":\"Fondora est un g\u00e2teau fondant au chocolat de luxe avec du chocolat belge et 100% de beurre. Texture riche et velout\u00e9e pour un pur plaisir. \u00d8 16 cm.\",\"breadcrumb\":{\"@id\":\"https:\\\/\\\/bakeryfolies.com\\\/fr\\\/shop\\\/petits-pains-minora-mini-pistolets-au-levain\\\/#breadcrumb\"},\"inLanguage\":\"fr-FR\",\"potentialAction\":[{\"@type\":\"ReadAction\",\"target\":[\"https:\\\/\\\/bakeryfolies.com\\\/fr\\\/shop\\\/petits-pains-minora-mini-pistolets-au-levain\\\/\"]}]},{\"@type\":\"ImageObject\",\"inLanguage\":\"fr-FR\",\"@id\":\"https:\\\/\\\/bakeryfolies.com\\\/fr\\\/shop\\\/petits-pains-minora-mini-pistolets-au-levain\\\/#primaryimage\",\"url\":\"https:\\\/\\\/bakeryfolies.com\\\/wp-content\\\/uploads\\\/2025\\\/10\\\/Fondora-chocolate-fondant-tart.jpg\",\"contentUrl\":\"https:\\\/\\\/bakeryfolies.com\\\/wp-content\\\/uploads\\\/2025\\\/10\\\/Fondora-chocolate-fondant-tart.jpg\",\"width\":605,\"height\":581},{\"@type\":\"BreadcrumbList\",\"@id\":\"https:\\\/\\\/bakeryfolies.com\\\/fr\\\/shop\\\/petits-pains-minora-mini-pistolets-au-levain\\\/#breadcrumb\",\"itemListElement\":[{\"@type\":\"ListItem\",\"position\":1,\"name\":\"Accueil\",\"item\":\"https:\\\/\\\/bakeryfolies.com\\\/fr\\\/\"},{\"@type\":\"ListItem\",\"position\":2,\"name\":\"G\u00e2teau Fondora \u2013 fondant au chocolat \u2013 1 pi\u00e8ce\"}]},{\"@type\":\"WebSite\",\"@id\":\"https:\\\/\\\/bakeryfolies.com\\\/fr\\\/#website\",\"url\":\"https:\\\/\\\/bakeryfolies.com\\\/fr\\\/\",\"name\":\"Bakery Folies\",\"description\":\"\",\"publisher\":{\"@id\":\"https:\\\/\\\/bakeryfolies.com\\\/fr\\\/#organization\"},\"potentialAction\":[{\"@type\":\"SearchAction\",\"target\":{\"@type\":\"EntryPoint\",\"urlTemplate\":\"https:\\\/\\\/bakeryfolies.com\\\/fr\\\/?s={search_term_string}\"},\"query-input\":{\"@type\":\"PropertyValueSpecification\",\"valueRequired\":true,\"valueName\":\"search_term_string\"}}],\"inLanguage\":\"fr-FR\"},{\"@type\":\"Organization\",\"@id\":\"https:\\\/\\\/bakeryfolies.com\\\/fr\\\/#organization\",\"name\":\"Bakery Folies\",\"url\":\"https:\\\/\\\/bakeryfolies.com\\\/fr\\\/\",\"logo\":{\"@type\":\"ImageObject\",\"inLanguage\":\"fr-FR\",\"@id\":\"https:\\\/\\\/bakeryfolies.com\\\/fr\\\/#\\\/schema\\\/logo\\\/image\\\/\",\"url\":\"https:\\\/\\\/bakeryfolies.com\\\/wp-content\\\/uploads\\\/2025\\\/09\\\/premium_zwart-scaled.png\",\"contentUrl\":\"https:\\\/\\\/bakeryfolies.com\\\/wp-content\\\/uploads\\\/2025\\\/09\\\/premium_zwart-scaled.png\",\"width\":2560,\"height\":829,\"caption\":\"Bakery Folies\"},\"image\":{\"@id\":\"https:\\\/\\\/bakeryfolies.com\\\/fr\\\/#\\\/schema\\\/logo\\\/image\\\/\"}}]}<\/script>\n<!-- \/ Yoast SEO plugin. -->","yoast_head_json":{"title":"G\u00e2teau Fondora - fondant au chocolat - 1 pi\u00e8ce - Bakery Folies","description":"Fondora est un g\u00e2teau fondant au chocolat de luxe avec du chocolat belge et 100% de beurre. Texture riche et velout\u00e9e pour un pur plaisir. \u00d8 16 cm.","robots":{"index":"index","follow":"follow","max-snippet":"max-snippet:-1","max-image-preview":"max-image-preview:large","max-video-preview":"max-video-preview:-1"},"canonical":"https:\/\/bakeryfolies.com\/fr\/shop\/petits-pains-minora-mini-pistolets-au-levain\/","og_locale":"fr_FR","og_type":"article","og_title":"G\u00e2teau Fondora - fondant au chocolat - 1 pi\u00e8ce - Bakery Folies","og_description":"Fondora est un g\u00e2teau fondant au chocolat de luxe avec du chocolat belge et 100% de beurre. Texture riche et velout\u00e9e pour un pur plaisir. \u00d8 16 cm.","og_url":"https:\/\/bakeryfolies.com\/fr\/shop\/petits-pains-minora-mini-pistolets-au-levain\/","og_site_name":"Bakery Folies","article_modified_time":"2025-11-06T11:56:05+00:00","og_image":[{"width":605,"height":581,"url":"https:\/\/bakeryfolies.com\/wp-content\/uploads\/2025\/10\/Fondora-chocolate-fondant-tart.jpg","type":"image\/jpeg"}],"twitter_card":"summary_large_image","twitter_misc":{"Dur\u00e9e de lecture estim\u00e9e":"1 minute"},"schema":{"@context":"https:\/\/schema.org","@graph":[{"@type":"WebPage","@id":"https:\/\/bakeryfolies.com\/fr\/shop\/petits-pains-minora-mini-pistolets-au-levain\/","url":"https:\/\/bakeryfolies.com\/fr\/shop\/petits-pains-minora-mini-pistolets-au-levain\/","name":"G\u00e2teau Fondora - fondant au chocolat - 1 pi\u00e8ce - Bakery Folies","isPartOf":{"@id":"https:\/\/bakeryfolies.com\/fr\/#website"},"primaryImageOfPage":{"@id":"https:\/\/bakeryfolies.com\/fr\/shop\/petits-pains-minora-mini-pistolets-au-levain\/#primaryimage"},"image":{"@id":"https:\/\/bakeryfolies.com\/fr\/shop\/petits-pains-minora-mini-pistolets-au-levain\/#primaryimage"},"thumbnailUrl":"https:\/\/bakeryfolies.com\/wp-content\/uploads\/2025\/10\/Fondora-chocolate-fondant-tart.jpg","datePublished":"2025-10-28T21:16:39+00:00","dateModified":"2025-11-06T11:56:05+00:00","description":"Fondora est un g\u00e2teau fondant au chocolat de luxe avec du chocolat belge et 100% de beurre. Texture riche et velout\u00e9e pour un pur plaisir. \u00d8 16 cm.","breadcrumb":{"@id":"https:\/\/bakeryfolies.com\/fr\/shop\/petits-pains-minora-mini-pistolets-au-levain\/#breadcrumb"},"inLanguage":"fr-FR","potentialAction":[{"@type":"ReadAction","target":["https:\/\/bakeryfolies.com\/fr\/shop\/petits-pains-minora-mini-pistolets-au-levain\/"]}]},{"@type":"ImageObject","inLanguage":"fr-FR","@id":"https:\/\/bakeryfolies.com\/fr\/shop\/petits-pains-minora-mini-pistolets-au-levain\/#primaryimage","url":"https:\/\/bakeryfolies.com\/wp-content\/uploads\/2025\/10\/Fondora-chocolate-fondant-tart.jpg","contentUrl":"https:\/\/bakeryfolies.com\/wp-content\/uploads\/2025\/10\/Fondora-chocolate-fondant-tart.jpg","width":605,"height":581},{"@type":"BreadcrumbList","@id":"https:\/\/bakeryfolies.com\/fr\/shop\/petits-pains-minora-mini-pistolets-au-levain\/#breadcrumb","itemListElement":[{"@type":"ListItem","position":1,"name":"Accueil","item":"https:\/\/bakeryfolies.com\/fr\/"},{"@type":"ListItem","position":2,"name":"G\u00e2teau Fondora \u2013 fondant au chocolat \u2013 1 pi\u00e8ce"}]},{"@type":"WebSite","@id":"https:\/\/bakeryfolies.com\/fr\/#website","url":"https:\/\/bakeryfolies.com\/fr\/","name":"Bakery Folies","description":"","publisher":{"@id":"https:\/\/bakeryfolies.com\/fr\/#organization"},"potentialAction":[{"@type":"SearchAction","target":{"@type":"EntryPoint","urlTemplate":"https:\/\/bakeryfolies.com\/fr\/?s={search_term_string}"},"query-input":{"@type":"PropertyValueSpecification","valueRequired":true,"valueName":"search_term_string"}}],"inLanguage":"fr-FR"},{"@type":"Organization","@id":"https:\/\/bakeryfolies.com\/fr\/#organization","name":"Bakery Folies","url":"https:\/\/bakeryfolies.com\/fr\/","logo":{"@type":"ImageObject","inLanguage":"fr-FR","@id":"https:\/\/bakeryfolies.com\/fr\/#\/schema\/logo\/image\/","url":"https:\/\/bakeryfolies.com\/wp-content\/uploads\/2025\/09\/premium_zwart-scaled.png","contentUrl":"https:\/\/bakeryfolies.com\/wp-content\/uploads\/2025\/09\/premium_zwart-scaled.png","width":2560,"height":829,"caption":"Bakery Folies"},"image":{"@id":"https:\/\/bakeryfolies.com\/fr\/#\/schema\/logo\/image\/"}}]}},"_links":{"self":[{"href":"https:\/\/bakeryfolies.com\/fr\/wp-json\/wp\/v2\/product\/3441","targetHints":{"allow":["GET"]}}],"collection":[{"href":"https:\/\/bakeryfolies.com\/fr\/wp-json\/wp\/v2\/product"}],"about":[{"href":"https:\/\/bakeryfolies.com\/fr\/wp-json\/wp\/v2\/types\/product"}],"wp:featuredmedia":[{"embeddable":true,"href":"https:\/\/bakeryfolies.com\/fr\/wp-json\/wp\/v2\/media\/3750"}],"wp:attachment":[{"href":"https:\/\/bakeryfolies.com\/fr\/wp-json\/wp\/v2\/media?parent=3441"}],"wp:term":[{"taxonomy":"product_brand","embeddable":true,"href":"https:\/\/bakeryfolies.com\/fr\/wp-json\/wp\/v2\/product_brand?post=3441"},{"taxonomy":"product_cat","embeddable":true,"href":"https:\/\/bakeryfolies.com\/fr\/wp-json\/wp\/v2\/product_cat?post=3441"},{"taxonomy":"product_tag","embeddable":true,"href":"https:\/\/bakeryfolies.com\/fr\/wp-json\/wp\/v2\/product_tag?post=3441"}],"curies":[{"name":"wp","href":"https:\/\/api.w.org\/{rel}","templated":true}]}}