{"id":3243,"date":"2025-10-20T19:30:22","date_gmt":"2025-10-20T19:30:22","guid":{"rendered":"https:\/\/bakeryfolies.com\/?post_type=product&#038;p=3243"},"modified":"2025-11-06T12:16:36","modified_gmt":"2025-11-06T12:16:36","slug":"petits-pains-diamant-calora-epeautre-multicereales-au-levain","status":"publish","type":"product","link":"https:\/\/bakeryfolies.com\/fr\/shop\/petits-pains-diamant-calora-epeautre-multicereales-au-levain\/","title":{"rendered":"Petits pains Minora \u2013 mini pistolets au levain \u2013 4 pi\u00e8ces"},"content":{"rendered":"<p data-start=\"90\" data-end=\"356\">Minora, d\u00e9riv\u00e9 du latin <em data-start=\"124\" data-end=\"131\">minor<\/em> \u2014 petit et raffin\u00e9 \u2014 est un \u00e9l\u00e9gant mini-pain au levain. Ces petits pains sont pr\u00e9par\u00e9s avec le m\u00eame soin que leurs homologues plus grands : avec une fermentation naturelle, de longs temps de repos et un pur savoir-faire artisanal.<\/p>\n<p data-start=\"358\" data-end=\"698\">Gr\u00e2ce \u00e0 leur format compact et leur texture a\u00e9r\u00e9e, les petits pains Minora sont le compl\u00e9ment parfait de toute table. Un compagnon \u00e9l\u00e9gant pour chaque repas ou un moment de pur plaisir boulanger. Avec leur cro\u00fbte dor\u00e9e et d\u00e9licate et leur mie moelleuse et savoureuse, ils apportent l&rsquo;authenticit\u00e9 artisanale dans un format petit et raffin\u00e9.<\/p>\n","protected":false},"excerpt":{"rendered":"<p>Minora, d\u00e9riv\u00e9 du latin minor \u2014 petit et raffin\u00e9 \u2014 est un \u00e9l\u00e9gant mini-pain au levain. Ces petits pains sont pr\u00e9par\u00e9s avec le m\u00eame soin que leurs homologues plus grands : avec une fermentation naturelle, de longs temps de repos et un pur savoir-faire artisanal. Gr\u00e2ce \u00e0 leur format compact et leur texture a\u00e9r\u00e9e, les [&hellip;]<\/p>\n","protected":false},"featured_media":3756,"template":"","meta":{"_acf_changed":false},"product_brand":[],"product_cat":[117],"product_tag":[],"class_list":{"0":"post-3243","1":"product","2":"type-product","3":"status-publish","4":"has-post-thumbnail","6":"product_cat-premium","8":"first","9":"instock","10":"sale","11":"shipping-taxable","12":"purchasable","13":"product-type-simple"},"acf":[],"yoast_head":"<!-- This site is optimized with the Yoast SEO plugin v27.4 - https:\/\/yoast.com\/product\/yoast-seo-wordpress\/ -->\n<title>Petits pains Minora - mini pistolets au levain - 4 pi\u00e8ces - Bakery Folies<\/title>\n<meta name=\"description\" content=\"Les Minora sont d&#039;\u00e9l\u00e9gants mini pains au levain avec une texture a\u00e9r\u00e9e et une mie moelleuse. Cuits artisanalement avec une fermentation naturelle. Conditionnement : 4\u00d750 g.\" \/>\n<meta name=\"robots\" content=\"index, follow, max-snippet:-1, max-image-preview:large, max-video-preview:-1\" \/>\n<link rel=\"canonical\" href=\"https:\/\/bakeryfolies.com\/fr\/shop\/petits-pains-diamant-calora-epeautre-multicereales-au-levain\/\" \/>\n<meta property=\"og:locale\" content=\"fr_FR\" \/>\n<meta property=\"og:type\" content=\"article\" \/>\n<meta property=\"og:title\" content=\"Petits pains Minora - mini pistolets au levain - 4 pi\u00e8ces - Bakery Folies\" \/>\n<meta property=\"og:description\" content=\"Les Minora sont d&#039;\u00e9l\u00e9gants mini pains au levain avec une texture a\u00e9r\u00e9e et une mie moelleuse. Cuits artisanalement avec une fermentation naturelle. Conditionnement : 4\u00d750 g.\" \/>\n<meta property=\"og:url\" content=\"https:\/\/bakeryfolies.com\/fr\/shop\/petits-pains-diamant-calora-epeautre-multicereales-au-levain\/\" \/>\n<meta property=\"og:site_name\" content=\"Bakery Folies\" \/>\n<meta property=\"article:modified_time\" content=\"2025-11-06T12:16:36+00:00\" \/>\n<meta property=\"og:image\" content=\"https:\/\/bakeryfolies.com\/wp-content\/uploads\/2025\/10\/Minora-sourdough-mini-pistolets.jpg\" \/>\n\t<meta property=\"og:image:width\" content=\"605\" \/>\n\t<meta property=\"og:image:height\" content=\"581\" \/>\n\t<meta property=\"og:image:type\" content=\"image\/jpeg\" \/>\n<meta name=\"twitter:card\" content=\"summary_large_image\" \/>\n<meta name=\"twitter:label1\" content=\"Dur\u00e9e de lecture estim\u00e9e\" \/>\n\t<meta name=\"twitter:data1\" content=\"1 minute\" \/>\n<script type=\"application\/ld+json\" class=\"yoast-schema-graph\">{\"@context\":\"https:\\\/\\\/schema.org\",\"@graph\":[{\"@type\":\"WebPage\",\"@id\":\"https:\\\/\\\/bakeryfolies.com\\\/fr\\\/shop\\\/petits-pains-diamant-calora-epeautre-multicereales-au-levain\\\/\",\"url\":\"https:\\\/\\\/bakeryfolies.com\\\/fr\\\/shop\\\/petits-pains-diamant-calora-epeautre-multicereales-au-levain\\\/\",\"name\":\"Petits pains Minora - mini pistolets au levain - 4 pi\u00e8ces - Bakery Folies\",\"isPartOf\":{\"@id\":\"https:\\\/\\\/bakeryfolies.com\\\/fr\\\/#website\"},\"primaryImageOfPage\":{\"@id\":\"https:\\\/\\\/bakeryfolies.com\\\/fr\\\/shop\\\/petits-pains-diamant-calora-epeautre-multicereales-au-levain\\\/#primaryimage\"},\"image\":{\"@id\":\"https:\\\/\\\/bakeryfolies.com\\\/fr\\\/shop\\\/petits-pains-diamant-calora-epeautre-multicereales-au-levain\\\/#primaryimage\"},\"thumbnailUrl\":\"https:\\\/\\\/bakeryfolies.com\\\/wp-content\\\/uploads\\\/2025\\\/10\\\/Minora-sourdough-mini-pistolets.jpg\",\"datePublished\":\"2025-10-20T19:30:22+00:00\",\"dateModified\":\"2025-11-06T12:16:36+00:00\",\"description\":\"Les Minora sont d'\u00e9l\u00e9gants mini pains au levain avec une texture a\u00e9r\u00e9e et une mie moelleuse. Cuits artisanalement avec une fermentation naturelle. Conditionnement : 4\u00d750 g.\",\"breadcrumb\":{\"@id\":\"https:\\\/\\\/bakeryfolies.com\\\/fr\\\/shop\\\/petits-pains-diamant-calora-epeautre-multicereales-au-levain\\\/#breadcrumb\"},\"inLanguage\":\"fr-FR\",\"potentialAction\":[{\"@type\":\"ReadAction\",\"target\":[\"https:\\\/\\\/bakeryfolies.com\\\/fr\\\/shop\\\/petits-pains-diamant-calora-epeautre-multicereales-au-levain\\\/\"]}]},{\"@type\":\"ImageObject\",\"inLanguage\":\"fr-FR\",\"@id\":\"https:\\\/\\\/bakeryfolies.com\\\/fr\\\/shop\\\/petits-pains-diamant-calora-epeautre-multicereales-au-levain\\\/#primaryimage\",\"url\":\"https:\\\/\\\/bakeryfolies.com\\\/wp-content\\\/uploads\\\/2025\\\/10\\\/Minora-sourdough-mini-pistolets.jpg\",\"contentUrl\":\"https:\\\/\\\/bakeryfolies.com\\\/wp-content\\\/uploads\\\/2025\\\/10\\\/Minora-sourdough-mini-pistolets.jpg\",\"width\":605,\"height\":581},{\"@type\":\"BreadcrumbList\",\"@id\":\"https:\\\/\\\/bakeryfolies.com\\\/fr\\\/shop\\\/petits-pains-diamant-calora-epeautre-multicereales-au-levain\\\/#breadcrumb\",\"itemListElement\":[{\"@type\":\"ListItem\",\"position\":1,\"name\":\"Accueil\",\"item\":\"https:\\\/\\\/bakeryfolies.com\\\/fr\\\/\"},{\"@type\":\"ListItem\",\"position\":2,\"name\":\"Petits pains Minora \u2013 mini pistolets au levain \u2013 4 pi\u00e8ces\"}]},{\"@type\":\"WebSite\",\"@id\":\"https:\\\/\\\/bakeryfolies.com\\\/fr\\\/#website\",\"url\":\"https:\\\/\\\/bakeryfolies.com\\\/fr\\\/\",\"name\":\"Bakery Folies\",\"description\":\"\",\"publisher\":{\"@id\":\"https:\\\/\\\/bakeryfolies.com\\\/fr\\\/#organization\"},\"potentialAction\":[{\"@type\":\"SearchAction\",\"target\":{\"@type\":\"EntryPoint\",\"urlTemplate\":\"https:\\\/\\\/bakeryfolies.com\\\/fr\\\/?s={search_term_string}\"},\"query-input\":{\"@type\":\"PropertyValueSpecification\",\"valueRequired\":true,\"valueName\":\"search_term_string\"}}],\"inLanguage\":\"fr-FR\"},{\"@type\":\"Organization\",\"@id\":\"https:\\\/\\\/bakeryfolies.com\\\/fr\\\/#organization\",\"name\":\"Bakery Folies\",\"url\":\"https:\\\/\\\/bakeryfolies.com\\\/fr\\\/\",\"logo\":{\"@type\":\"ImageObject\",\"inLanguage\":\"fr-FR\",\"@id\":\"https:\\\/\\\/bakeryfolies.com\\\/fr\\\/#\\\/schema\\\/logo\\\/image\\\/\",\"url\":\"https:\\\/\\\/bakeryfolies.com\\\/wp-content\\\/uploads\\\/2025\\\/09\\\/premium_zwart-scaled.png\",\"contentUrl\":\"https:\\\/\\\/bakeryfolies.com\\\/wp-content\\\/uploads\\\/2025\\\/09\\\/premium_zwart-scaled.png\",\"width\":2560,\"height\":829,\"caption\":\"Bakery Folies\"},\"image\":{\"@id\":\"https:\\\/\\\/bakeryfolies.com\\\/fr\\\/#\\\/schema\\\/logo\\\/image\\\/\"}}]}<\/script>\n<!-- \/ Yoast SEO plugin. -->","yoast_head_json":{"title":"Petits pains Minora - mini pistolets au levain - 4 pi\u00e8ces - Bakery Folies","description":"Les Minora sont d'\u00e9l\u00e9gants mini pains au levain avec une texture a\u00e9r\u00e9e et une mie moelleuse. Cuits artisanalement avec une fermentation naturelle. Conditionnement : 4\u00d750 g.","robots":{"index":"index","follow":"follow","max-snippet":"max-snippet:-1","max-image-preview":"max-image-preview:large","max-video-preview":"max-video-preview:-1"},"canonical":"https:\/\/bakeryfolies.com\/fr\/shop\/petits-pains-diamant-calora-epeautre-multicereales-au-levain\/","og_locale":"fr_FR","og_type":"article","og_title":"Petits pains Minora - mini pistolets au levain - 4 pi\u00e8ces - Bakery Folies","og_description":"Les Minora sont d'\u00e9l\u00e9gants mini pains au levain avec une texture a\u00e9r\u00e9e et une mie moelleuse. Cuits artisanalement avec une fermentation naturelle. Conditionnement : 4\u00d750 g.","og_url":"https:\/\/bakeryfolies.com\/fr\/shop\/petits-pains-diamant-calora-epeautre-multicereales-au-levain\/","og_site_name":"Bakery Folies","article_modified_time":"2025-11-06T12:16:36+00:00","og_image":[{"width":605,"height":581,"url":"https:\/\/bakeryfolies.com\/wp-content\/uploads\/2025\/10\/Minora-sourdough-mini-pistolets.jpg","type":"image\/jpeg"}],"twitter_card":"summary_large_image","twitter_misc":{"Dur\u00e9e de lecture estim\u00e9e":"1 minute"},"schema":{"@context":"https:\/\/schema.org","@graph":[{"@type":"WebPage","@id":"https:\/\/bakeryfolies.com\/fr\/shop\/petits-pains-diamant-calora-epeautre-multicereales-au-levain\/","url":"https:\/\/bakeryfolies.com\/fr\/shop\/petits-pains-diamant-calora-epeautre-multicereales-au-levain\/","name":"Petits pains Minora - mini pistolets au levain - 4 pi\u00e8ces - Bakery Folies","isPartOf":{"@id":"https:\/\/bakeryfolies.com\/fr\/#website"},"primaryImageOfPage":{"@id":"https:\/\/bakeryfolies.com\/fr\/shop\/petits-pains-diamant-calora-epeautre-multicereales-au-levain\/#primaryimage"},"image":{"@id":"https:\/\/bakeryfolies.com\/fr\/shop\/petits-pains-diamant-calora-epeautre-multicereales-au-levain\/#primaryimage"},"thumbnailUrl":"https:\/\/bakeryfolies.com\/wp-content\/uploads\/2025\/10\/Minora-sourdough-mini-pistolets.jpg","datePublished":"2025-10-20T19:30:22+00:00","dateModified":"2025-11-06T12:16:36+00:00","description":"Les Minora sont d'\u00e9l\u00e9gants mini pains au levain avec une texture a\u00e9r\u00e9e et une mie moelleuse. Cuits artisanalement avec une fermentation naturelle. Conditionnement : 4\u00d750 g.","breadcrumb":{"@id":"https:\/\/bakeryfolies.com\/fr\/shop\/petits-pains-diamant-calora-epeautre-multicereales-au-levain\/#breadcrumb"},"inLanguage":"fr-FR","potentialAction":[{"@type":"ReadAction","target":["https:\/\/bakeryfolies.com\/fr\/shop\/petits-pains-diamant-calora-epeautre-multicereales-au-levain\/"]}]},{"@type":"ImageObject","inLanguage":"fr-FR","@id":"https:\/\/bakeryfolies.com\/fr\/shop\/petits-pains-diamant-calora-epeautre-multicereales-au-levain\/#primaryimage","url":"https:\/\/bakeryfolies.com\/wp-content\/uploads\/2025\/10\/Minora-sourdough-mini-pistolets.jpg","contentUrl":"https:\/\/bakeryfolies.com\/wp-content\/uploads\/2025\/10\/Minora-sourdough-mini-pistolets.jpg","width":605,"height":581},{"@type":"BreadcrumbList","@id":"https:\/\/bakeryfolies.com\/fr\/shop\/petits-pains-diamant-calora-epeautre-multicereales-au-levain\/#breadcrumb","itemListElement":[{"@type":"ListItem","position":1,"name":"Accueil","item":"https:\/\/bakeryfolies.com\/fr\/"},{"@type":"ListItem","position":2,"name":"Petits pains Minora \u2013 mini pistolets au levain \u2013 4 pi\u00e8ces"}]},{"@type":"WebSite","@id":"https:\/\/bakeryfolies.com\/fr\/#website","url":"https:\/\/bakeryfolies.com\/fr\/","name":"Bakery Folies","description":"","publisher":{"@id":"https:\/\/bakeryfolies.com\/fr\/#organization"},"potentialAction":[{"@type":"SearchAction","target":{"@type":"EntryPoint","urlTemplate":"https:\/\/bakeryfolies.com\/fr\/?s={search_term_string}"},"query-input":{"@type":"PropertyValueSpecification","valueRequired":true,"valueName":"search_term_string"}}],"inLanguage":"fr-FR"},{"@type":"Organization","@id":"https:\/\/bakeryfolies.com\/fr\/#organization","name":"Bakery Folies","url":"https:\/\/bakeryfolies.com\/fr\/","logo":{"@type":"ImageObject","inLanguage":"fr-FR","@id":"https:\/\/bakeryfolies.com\/fr\/#\/schema\/logo\/image\/","url":"https:\/\/bakeryfolies.com\/wp-content\/uploads\/2025\/09\/premium_zwart-scaled.png","contentUrl":"https:\/\/bakeryfolies.com\/wp-content\/uploads\/2025\/09\/premium_zwart-scaled.png","width":2560,"height":829,"caption":"Bakery Folies"},"image":{"@id":"https:\/\/bakeryfolies.com\/fr\/#\/schema\/logo\/image\/"}}]}},"_links":{"self":[{"href":"https:\/\/bakeryfolies.com\/fr\/wp-json\/wp\/v2\/product\/3243","targetHints":{"allow":["GET"]}}],"collection":[{"href":"https:\/\/bakeryfolies.com\/fr\/wp-json\/wp\/v2\/product"}],"about":[{"href":"https:\/\/bakeryfolies.com\/fr\/wp-json\/wp\/v2\/types\/product"}],"wp:featuredmedia":[{"embeddable":true,"href":"https:\/\/bakeryfolies.com\/fr\/wp-json\/wp\/v2\/media\/3756"}],"wp:attachment":[{"href":"https:\/\/bakeryfolies.com\/fr\/wp-json\/wp\/v2\/media?parent=3243"}],"wp:term":[{"taxonomy":"product_brand","embeddable":true,"href":"https:\/\/bakeryfolies.com\/fr\/wp-json\/wp\/v2\/product_brand?post=3243"},{"taxonomy":"product_cat","embeddable":true,"href":"https:\/\/bakeryfolies.com\/fr\/wp-json\/wp\/v2\/product_cat?post=3243"},{"taxonomy":"product_tag","embeddable":true,"href":"https:\/\/bakeryfolies.com\/fr\/wp-json\/wp\/v2\/product_tag?post=3243"}],"curies":[{"name":"wp","href":"https:\/\/api.w.org\/{rel}","templated":true}]}}