{"id":3237,"date":"2025-10-20T19:24:16","date_gmt":"2025-10-20T19:24:16","guid":{"rendered":"https:\/\/bakeryfolies.com\/?post_type=product&#038;p=3237"},"modified":"2025-11-06T11:47:49","modified_gmt":"2025-11-06T11:47:49","slug":"petits-pains-en-forme-de-diamant-cerealis-levain-multicereales","status":"publish","type":"product","link":"https:\/\/bakeryfolies.com\/fr\/shop\/petits-pains-en-forme-de-diamant-cerealis-levain-multicereales\/","title":{"rendered":"Petits pains diamant Calora \u2013 \u00e9peautre multic\u00e9r\u00e9ales au levain \u2013 4 pi\u00e8ces"},"content":{"rendered":"<p data-start=\"90\" data-end=\"362\">Calora, d\u00e9riv\u00e9 du latin <em data-start=\"124\" data-end=\"131\">calor<\/em> \u2014 chaleur et \u00e9clat \u2014 refl\u00e8te la douceur naturelle et la teinte dor\u00e9e du potiron. Ces petits pains d&rsquo;\u00e9peautre en forme de diamant, pr\u00e9par\u00e9s avec du levain d&rsquo;\u00e9peautre et du potiron, offrent un go\u00fbt doux et plein avec une note chaleureuse subtile.<\/p>\n<p data-start=\"364\" data-end=\"597\">La combinaison d&rsquo;\u00e9peautre et de potiron cr\u00e9e une mie a\u00e9rienne et un go\u00fbt raffin\u00e9 et d\u00e9licat. Calora unit tradition, nutrition et \u00e9l\u00e9gance en un petit pain unique \u00e0 la fois nourrissant et raffin\u00e9.<\/p>\n","protected":false},"excerpt":{"rendered":"<p>Calora, d\u00e9riv\u00e9 du latin calor \u2014 chaleur et \u00e9clat \u2014 refl\u00e8te la douceur naturelle et la teinte dor\u00e9e du potiron. Ces petits pains d&rsquo;\u00e9peautre en forme de diamant, pr\u00e9par\u00e9s avec du levain d&rsquo;\u00e9peautre et du potiron, offrent un go\u00fbt doux et plein avec une note chaleureuse subtile. La combinaison d&rsquo;\u00e9peautre et de potiron cr\u00e9e une [&hellip;]<\/p>\n","protected":false},"featured_media":3240,"template":"","meta":{"_acf_changed":false},"product_brand":[],"product_cat":[117],"product_tag":[],"class_list":{"0":"post-3237","1":"product","2":"type-product","3":"status-publish","4":"has-post-thumbnail","6":"product_cat-premium","8":"first","9":"instock","10":"shipping-taxable","11":"product-type-simple"},"acf":[],"yoast_head":"<!-- This site is optimized with the Yoast SEO plugin v27.4 - https:\/\/yoast.com\/product\/yoast-seo-wordpress\/ -->\n<title>Petits pains diamant Calora - \u00e9peautre multic\u00e9r\u00e9ales au levain - 4 pi\u00e8ces - Bakery Folies<\/title>\n<meta name=\"description\" content=\"Calora combine le levain d&#039;\u00e9peautre et le potiron pour cr\u00e9er des petits pains a\u00e9riens et raffin\u00e9s au go\u00fbt doux et chaleureux. Cuits de fa\u00e7on artisanale. Conditionnement : 4\u00d780 g.\" \/>\n<meta name=\"robots\" content=\"index, follow, max-snippet:-1, max-image-preview:large, max-video-preview:-1\" \/>\n<link rel=\"canonical\" href=\"https:\/\/bakeryfolies.com\/fr\/shop\/petits-pains-en-forme-de-diamant-cerealis-levain-multicereales\/\" \/>\n<meta property=\"og:locale\" content=\"fr_FR\" \/>\n<meta property=\"og:type\" content=\"article\" \/>\n<meta property=\"og:title\" content=\"Petits pains diamant Calora - \u00e9peautre multic\u00e9r\u00e9ales au levain - 4 pi\u00e8ces - Bakery Folies\" \/>\n<meta property=\"og:description\" content=\"Calora combine le levain d&#039;\u00e9peautre et le potiron pour cr\u00e9er des petits pains a\u00e9riens et raffin\u00e9s au go\u00fbt doux et chaleureux. Cuits de fa\u00e7on artisanale. Conditionnement : 4\u00d780 g.\" \/>\n<meta property=\"og:url\" content=\"https:\/\/bakeryfolies.com\/fr\/shop\/petits-pains-en-forme-de-diamant-cerealis-levain-multicereales\/\" \/>\n<meta property=\"og:site_name\" content=\"Bakery Folies\" \/>\n<meta property=\"article:modified_time\" content=\"2025-11-06T11:47:49+00:00\" \/>\n<meta property=\"og:image\" content=\"https:\/\/bakeryfolies.com\/wp-content\/uploads\/2025\/10\/Calora-spelt-multigrain-sourdough-diamond-bread.jpg\" \/>\n\t<meta property=\"og:image:width\" content=\"605\" \/>\n\t<meta property=\"og:image:height\" content=\"581\" \/>\n\t<meta property=\"og:image:type\" content=\"image\/jpeg\" \/>\n<meta name=\"twitter:card\" content=\"summary_large_image\" \/>\n<meta name=\"twitter:label1\" content=\"Dur\u00e9e de lecture estim\u00e9e\" \/>\n\t<meta name=\"twitter:data1\" content=\"1 minute\" \/>\n<script type=\"application\/ld+json\" class=\"yoast-schema-graph\">{\"@context\":\"https:\\\/\\\/schema.org\",\"@graph\":[{\"@type\":\"WebPage\",\"@id\":\"https:\\\/\\\/bakeryfolies.com\\\/fr\\\/shop\\\/petits-pains-en-forme-de-diamant-cerealis-levain-multicereales\\\/\",\"url\":\"https:\\\/\\\/bakeryfolies.com\\\/fr\\\/shop\\\/petits-pains-en-forme-de-diamant-cerealis-levain-multicereales\\\/\",\"name\":\"Petits pains diamant Calora - \u00e9peautre multic\u00e9r\u00e9ales au levain - 4 pi\u00e8ces - Bakery Folies\",\"isPartOf\":{\"@id\":\"https:\\\/\\\/bakeryfolies.com\\\/fr\\\/#website\"},\"primaryImageOfPage\":{\"@id\":\"https:\\\/\\\/bakeryfolies.com\\\/fr\\\/shop\\\/petits-pains-en-forme-de-diamant-cerealis-levain-multicereales\\\/#primaryimage\"},\"image\":{\"@id\":\"https:\\\/\\\/bakeryfolies.com\\\/fr\\\/shop\\\/petits-pains-en-forme-de-diamant-cerealis-levain-multicereales\\\/#primaryimage\"},\"thumbnailUrl\":\"https:\\\/\\\/bakeryfolies.com\\\/wp-content\\\/uploads\\\/2025\\\/10\\\/Calora-spelt-multigrain-sourdough-diamond-bread.jpg\",\"datePublished\":\"2025-10-20T19:24:16+00:00\",\"dateModified\":\"2025-11-06T11:47:49+00:00\",\"description\":\"Calora combine le levain d'\u00e9peautre et le potiron pour cr\u00e9er des petits pains a\u00e9riens et raffin\u00e9s au go\u00fbt doux et chaleureux. Cuits de fa\u00e7on artisanale. Conditionnement : 4\u00d780 g.\",\"breadcrumb\":{\"@id\":\"https:\\\/\\\/bakeryfolies.com\\\/fr\\\/shop\\\/petits-pains-en-forme-de-diamant-cerealis-levain-multicereales\\\/#breadcrumb\"},\"inLanguage\":\"fr-FR\",\"potentialAction\":[{\"@type\":\"ReadAction\",\"target\":[\"https:\\\/\\\/bakeryfolies.com\\\/fr\\\/shop\\\/petits-pains-en-forme-de-diamant-cerealis-levain-multicereales\\\/\"]}]},{\"@type\":\"ImageObject\",\"inLanguage\":\"fr-FR\",\"@id\":\"https:\\\/\\\/bakeryfolies.com\\\/fr\\\/shop\\\/petits-pains-en-forme-de-diamant-cerealis-levain-multicereales\\\/#primaryimage\",\"url\":\"https:\\\/\\\/bakeryfolies.com\\\/wp-content\\\/uploads\\\/2025\\\/10\\\/Calora-spelt-multigrain-sourdough-diamond-bread.jpg\",\"contentUrl\":\"https:\\\/\\\/bakeryfolies.com\\\/wp-content\\\/uploads\\\/2025\\\/10\\\/Calora-spelt-multigrain-sourdough-diamond-bread.jpg\",\"width\":605,\"height\":581},{\"@type\":\"BreadcrumbList\",\"@id\":\"https:\\\/\\\/bakeryfolies.com\\\/fr\\\/shop\\\/petits-pains-en-forme-de-diamant-cerealis-levain-multicereales\\\/#breadcrumb\",\"itemListElement\":[{\"@type\":\"ListItem\",\"position\":1,\"name\":\"Accueil\",\"item\":\"https:\\\/\\\/bakeryfolies.com\\\/fr\\\/\"},{\"@type\":\"ListItem\",\"position\":2,\"name\":\"Petits pains diamant Calora \u2013 \u00e9peautre multic\u00e9r\u00e9ales au levain \u2013 4 pi\u00e8ces\"}]},{\"@type\":\"WebSite\",\"@id\":\"https:\\\/\\\/bakeryfolies.com\\\/fr\\\/#website\",\"url\":\"https:\\\/\\\/bakeryfolies.com\\\/fr\\\/\",\"name\":\"Bakery Folies\",\"description\":\"\",\"publisher\":{\"@id\":\"https:\\\/\\\/bakeryfolies.com\\\/fr\\\/#organization\"},\"potentialAction\":[{\"@type\":\"SearchAction\",\"target\":{\"@type\":\"EntryPoint\",\"urlTemplate\":\"https:\\\/\\\/bakeryfolies.com\\\/fr\\\/?s={search_term_string}\"},\"query-input\":{\"@type\":\"PropertyValueSpecification\",\"valueRequired\":true,\"valueName\":\"search_term_string\"}}],\"inLanguage\":\"fr-FR\"},{\"@type\":\"Organization\",\"@id\":\"https:\\\/\\\/bakeryfolies.com\\\/fr\\\/#organization\",\"name\":\"Bakery Folies\",\"url\":\"https:\\\/\\\/bakeryfolies.com\\\/fr\\\/\",\"logo\":{\"@type\":\"ImageObject\",\"inLanguage\":\"fr-FR\",\"@id\":\"https:\\\/\\\/bakeryfolies.com\\\/fr\\\/#\\\/schema\\\/logo\\\/image\\\/\",\"url\":\"https:\\\/\\\/bakeryfolies.com\\\/wp-content\\\/uploads\\\/2025\\\/09\\\/premium_zwart-scaled.png\",\"contentUrl\":\"https:\\\/\\\/bakeryfolies.com\\\/wp-content\\\/uploads\\\/2025\\\/09\\\/premium_zwart-scaled.png\",\"width\":2560,\"height\":829,\"caption\":\"Bakery Folies\"},\"image\":{\"@id\":\"https:\\\/\\\/bakeryfolies.com\\\/fr\\\/#\\\/schema\\\/logo\\\/image\\\/\"}}]}<\/script>\n<!-- \/ Yoast SEO plugin. -->","yoast_head_json":{"title":"Petits pains diamant Calora - \u00e9peautre multic\u00e9r\u00e9ales au levain - 4 pi\u00e8ces - Bakery Folies","description":"Calora combine le levain d'\u00e9peautre et le potiron pour cr\u00e9er des petits pains a\u00e9riens et raffin\u00e9s au go\u00fbt doux et chaleureux. Cuits de fa\u00e7on artisanale. Conditionnement : 4\u00d780 g.","robots":{"index":"index","follow":"follow","max-snippet":"max-snippet:-1","max-image-preview":"max-image-preview:large","max-video-preview":"max-video-preview:-1"},"canonical":"https:\/\/bakeryfolies.com\/fr\/shop\/petits-pains-en-forme-de-diamant-cerealis-levain-multicereales\/","og_locale":"fr_FR","og_type":"article","og_title":"Petits pains diamant Calora - \u00e9peautre multic\u00e9r\u00e9ales au levain - 4 pi\u00e8ces - Bakery Folies","og_description":"Calora combine le levain d'\u00e9peautre et le potiron pour cr\u00e9er des petits pains a\u00e9riens et raffin\u00e9s au go\u00fbt doux et chaleureux. Cuits de fa\u00e7on artisanale. Conditionnement : 4\u00d780 g.","og_url":"https:\/\/bakeryfolies.com\/fr\/shop\/petits-pains-en-forme-de-diamant-cerealis-levain-multicereales\/","og_site_name":"Bakery Folies","article_modified_time":"2025-11-06T11:47:49+00:00","og_image":[{"width":605,"height":581,"url":"https:\/\/bakeryfolies.com\/wp-content\/uploads\/2025\/10\/Calora-spelt-multigrain-sourdough-diamond-bread.jpg","type":"image\/jpeg"}],"twitter_card":"summary_large_image","twitter_misc":{"Dur\u00e9e de lecture estim\u00e9e":"1 minute"},"schema":{"@context":"https:\/\/schema.org","@graph":[{"@type":"WebPage","@id":"https:\/\/bakeryfolies.com\/fr\/shop\/petits-pains-en-forme-de-diamant-cerealis-levain-multicereales\/","url":"https:\/\/bakeryfolies.com\/fr\/shop\/petits-pains-en-forme-de-diamant-cerealis-levain-multicereales\/","name":"Petits pains diamant Calora - \u00e9peautre multic\u00e9r\u00e9ales au levain - 4 pi\u00e8ces - Bakery Folies","isPartOf":{"@id":"https:\/\/bakeryfolies.com\/fr\/#website"},"primaryImageOfPage":{"@id":"https:\/\/bakeryfolies.com\/fr\/shop\/petits-pains-en-forme-de-diamant-cerealis-levain-multicereales\/#primaryimage"},"image":{"@id":"https:\/\/bakeryfolies.com\/fr\/shop\/petits-pains-en-forme-de-diamant-cerealis-levain-multicereales\/#primaryimage"},"thumbnailUrl":"https:\/\/bakeryfolies.com\/wp-content\/uploads\/2025\/10\/Calora-spelt-multigrain-sourdough-diamond-bread.jpg","datePublished":"2025-10-20T19:24:16+00:00","dateModified":"2025-11-06T11:47:49+00:00","description":"Calora combine le levain d'\u00e9peautre et le potiron pour cr\u00e9er des petits pains a\u00e9riens et raffin\u00e9s au go\u00fbt doux et chaleureux. Cuits de fa\u00e7on artisanale. Conditionnement : 4\u00d780 g.","breadcrumb":{"@id":"https:\/\/bakeryfolies.com\/fr\/shop\/petits-pains-en-forme-de-diamant-cerealis-levain-multicereales\/#breadcrumb"},"inLanguage":"fr-FR","potentialAction":[{"@type":"ReadAction","target":["https:\/\/bakeryfolies.com\/fr\/shop\/petits-pains-en-forme-de-diamant-cerealis-levain-multicereales\/"]}]},{"@type":"ImageObject","inLanguage":"fr-FR","@id":"https:\/\/bakeryfolies.com\/fr\/shop\/petits-pains-en-forme-de-diamant-cerealis-levain-multicereales\/#primaryimage","url":"https:\/\/bakeryfolies.com\/wp-content\/uploads\/2025\/10\/Calora-spelt-multigrain-sourdough-diamond-bread.jpg","contentUrl":"https:\/\/bakeryfolies.com\/wp-content\/uploads\/2025\/10\/Calora-spelt-multigrain-sourdough-diamond-bread.jpg","width":605,"height":581},{"@type":"BreadcrumbList","@id":"https:\/\/bakeryfolies.com\/fr\/shop\/petits-pains-en-forme-de-diamant-cerealis-levain-multicereales\/#breadcrumb","itemListElement":[{"@type":"ListItem","position":1,"name":"Accueil","item":"https:\/\/bakeryfolies.com\/fr\/"},{"@type":"ListItem","position":2,"name":"Petits pains diamant Calora \u2013 \u00e9peautre multic\u00e9r\u00e9ales au levain \u2013 4 pi\u00e8ces"}]},{"@type":"WebSite","@id":"https:\/\/bakeryfolies.com\/fr\/#website","url":"https:\/\/bakeryfolies.com\/fr\/","name":"Bakery Folies","description":"","publisher":{"@id":"https:\/\/bakeryfolies.com\/fr\/#organization"},"potentialAction":[{"@type":"SearchAction","target":{"@type":"EntryPoint","urlTemplate":"https:\/\/bakeryfolies.com\/fr\/?s={search_term_string}"},"query-input":{"@type":"PropertyValueSpecification","valueRequired":true,"valueName":"search_term_string"}}],"inLanguage":"fr-FR"},{"@type":"Organization","@id":"https:\/\/bakeryfolies.com\/fr\/#organization","name":"Bakery Folies","url":"https:\/\/bakeryfolies.com\/fr\/","logo":{"@type":"ImageObject","inLanguage":"fr-FR","@id":"https:\/\/bakeryfolies.com\/fr\/#\/schema\/logo\/image\/","url":"https:\/\/bakeryfolies.com\/wp-content\/uploads\/2025\/09\/premium_zwart-scaled.png","contentUrl":"https:\/\/bakeryfolies.com\/wp-content\/uploads\/2025\/09\/premium_zwart-scaled.png","width":2560,"height":829,"caption":"Bakery Folies"},"image":{"@id":"https:\/\/bakeryfolies.com\/fr\/#\/schema\/logo\/image\/"}}]}},"_links":{"self":[{"href":"https:\/\/bakeryfolies.com\/fr\/wp-json\/wp\/v2\/product\/3237","targetHints":{"allow":["GET"]}}],"collection":[{"href":"https:\/\/bakeryfolies.com\/fr\/wp-json\/wp\/v2\/product"}],"about":[{"href":"https:\/\/bakeryfolies.com\/fr\/wp-json\/wp\/v2\/types\/product"}],"wp:featuredmedia":[{"embeddable":true,"href":"https:\/\/bakeryfolies.com\/fr\/wp-json\/wp\/v2\/media\/3240"}],"wp:attachment":[{"href":"https:\/\/bakeryfolies.com\/fr\/wp-json\/wp\/v2\/media?parent=3237"}],"wp:term":[{"taxonomy":"product_brand","embeddable":true,"href":"https:\/\/bakeryfolies.com\/fr\/wp-json\/wp\/v2\/product_brand?post=3237"},{"taxonomy":"product_cat","embeddable":true,"href":"https:\/\/bakeryfolies.com\/fr\/wp-json\/wp\/v2\/product_cat?post=3237"},{"taxonomy":"product_tag","embeddable":true,"href":"https:\/\/bakeryfolies.com\/fr\/wp-json\/wp\/v2\/product_tag?post=3237"}],"curies":[{"name":"wp","href":"https:\/\/api.w.org\/{rel}","templated":true}]}}