{"id":3231,"date":"2025-10-20T19:12:57","date_gmt":"2025-10-20T19:12:57","guid":{"rendered":"https:\/\/bakeryfolies.com\/?post_type=product&#038;p=3231"},"modified":"2025-11-06T11:49:50","modified_gmt":"2025-11-06T11:49:50","slug":"petits-pains-plenora-pistolets-au-levain-multicereales-2-pieces","status":"publish","type":"product","link":"https:\/\/bakeryfolies.com\/fr\/shop\/petits-pains-plenora-pistolets-au-levain-multicereales-2-pieces\/","title":{"rendered":"Petits pains en forme de diamant Cerealis \u2013 levain multic\u00e9r\u00e9ales \u2013 4 pi\u00e8ces"},"content":{"rendered":"<p data-start=\"92\" data-end=\"388\">Cerealis, nomm\u00e9 d&rsquo;apr\u00e8s C\u00e9r\u00e8s \u2013 la d\u00e9esse romaine des c\u00e9r\u00e9ales \u2013 incarne l&rsquo;abondance et le raffinement. Ces \u00e9l\u00e9gants petits pains multic\u00e9r\u00e9ales en forme de diamant allient savoir-faire artisanal, fermentation naturelle et longs temps de repos, permettant au levain de d\u00e9velopper pleinement son caract\u00e8re.<\/p>\n<p data-start=\"390\" data-end=\"666\">Le m\u00e9lange de c\u00e9r\u00e9ales soigneusement s\u00e9lectionn\u00e9 conf\u00e8re \u00e0 Cerealis une saveur riche et complexe qui se d\u00e9ploie harmonieusement et \u00e9l\u00e9gamment en bouche. Un petit pain \u00e0 la fois nourrissant et raffin\u00e9 \u2013 id\u00e9al comme pain de table ou comme accompagnement sophistiqu\u00e9 pour chaque repas.<\/p>\n","protected":false},"excerpt":{"rendered":"<p>Cerealis, nomm\u00e9 d&rsquo;apr\u00e8s C\u00e9r\u00e8s \u2013 la d\u00e9esse romaine des c\u00e9r\u00e9ales \u2013 incarne l&rsquo;abondance et le raffinement. Ces \u00e9l\u00e9gants petits pains multic\u00e9r\u00e9ales en forme de diamant allient savoir-faire artisanal, fermentation naturelle et longs temps de repos, permettant au levain de d\u00e9velopper pleinement son caract\u00e8re. Le m\u00e9lange de c\u00e9r\u00e9ales soigneusement s\u00e9lectionn\u00e9 conf\u00e8re \u00e0 Cerealis une saveur riche [&hellip;]<\/p>\n","protected":false},"featured_media":3234,"template":"","meta":{"_acf_changed":false},"product_brand":[],"product_cat":[117],"product_tag":[],"class_list":{"0":"post-3231","1":"product","2":"type-product","3":"status-publish","4":"has-post-thumbnail","6":"product_cat-premium","8":"first","9":"instock","10":"shipping-taxable","11":"product-type-simple"},"acf":[],"yoast_head":"<!-- This site is optimized with the Yoast SEO plugin v27.4 - https:\/\/yoast.com\/product\/yoast-seo-wordpress\/ -->\n<title>Petits pains en forme de diamant Cerealis - levain multic\u00e9r\u00e9ales - 4 pi\u00e8ces - Bakery Folies<\/title>\n<meta name=\"description\" content=\"Cerealis sont d&#039;\u00e9l\u00e9gants petits pains au levain multic\u00e9r\u00e9ales \u00e0 la saveur riche et raffin\u00e9e. Pr\u00e9par\u00e9s artisanalement avec une fermentation naturelle. Conditionnement : 4\u00d780 g.\" \/>\n<meta name=\"robots\" content=\"index, follow, max-snippet:-1, max-image-preview:large, max-video-preview:-1\" \/>\n<link rel=\"canonical\" href=\"https:\/\/bakeryfolies.com\/fr\/shop\/petits-pains-plenora-pistolets-au-levain-multicereales-2-pieces\/\" \/>\n<meta property=\"og:locale\" content=\"fr_FR\" \/>\n<meta property=\"og:type\" content=\"article\" \/>\n<meta property=\"og:title\" content=\"Petits pains en forme de diamant Cerealis - levain multic\u00e9r\u00e9ales - 4 pi\u00e8ces - Bakery Folies\" \/>\n<meta property=\"og:description\" content=\"Cerealis sont d&#039;\u00e9l\u00e9gants petits pains au levain multic\u00e9r\u00e9ales \u00e0 la saveur riche et raffin\u00e9e. Pr\u00e9par\u00e9s artisanalement avec une fermentation naturelle. Conditionnement : 4\u00d780 g.\" \/>\n<meta property=\"og:url\" content=\"https:\/\/bakeryfolies.com\/fr\/shop\/petits-pains-plenora-pistolets-au-levain-multicereales-2-pieces\/\" \/>\n<meta property=\"og:site_name\" content=\"Bakery Folies\" \/>\n<meta property=\"article:modified_time\" content=\"2025-11-06T11:49:50+00:00\" \/>\n<meta property=\"og:image\" content=\"https:\/\/bakeryfolies.com\/wp-content\/uploads\/2025\/10\/Cerealis-multigrain-sourdough-diamond-bread.jpg\" \/>\n\t<meta property=\"og:image:width\" content=\"605\" \/>\n\t<meta property=\"og:image:height\" content=\"581\" \/>\n\t<meta property=\"og:image:type\" content=\"image\/jpeg\" \/>\n<meta name=\"twitter:card\" content=\"summary_large_image\" \/>\n<meta name=\"twitter:label1\" content=\"Dur\u00e9e de lecture estim\u00e9e\" \/>\n\t<meta name=\"twitter:data1\" content=\"1 minute\" \/>\n<script type=\"application\/ld+json\" class=\"yoast-schema-graph\">{\"@context\":\"https:\\\/\\\/schema.org\",\"@graph\":[{\"@type\":\"WebPage\",\"@id\":\"https:\\\/\\\/bakeryfolies.com\\\/fr\\\/shop\\\/petits-pains-plenora-pistolets-au-levain-multicereales-2-pieces\\\/\",\"url\":\"https:\\\/\\\/bakeryfolies.com\\\/fr\\\/shop\\\/petits-pains-plenora-pistolets-au-levain-multicereales-2-pieces\\\/\",\"name\":\"Petits pains en forme de diamant Cerealis - levain multic\u00e9r\u00e9ales - 4 pi\u00e8ces - Bakery Folies\",\"isPartOf\":{\"@id\":\"https:\\\/\\\/bakeryfolies.com\\\/fr\\\/#website\"},\"primaryImageOfPage\":{\"@id\":\"https:\\\/\\\/bakeryfolies.com\\\/fr\\\/shop\\\/petits-pains-plenora-pistolets-au-levain-multicereales-2-pieces\\\/#primaryimage\"},\"image\":{\"@id\":\"https:\\\/\\\/bakeryfolies.com\\\/fr\\\/shop\\\/petits-pains-plenora-pistolets-au-levain-multicereales-2-pieces\\\/#primaryimage\"},\"thumbnailUrl\":\"https:\\\/\\\/bakeryfolies.com\\\/wp-content\\\/uploads\\\/2025\\\/10\\\/Cerealis-multigrain-sourdough-diamond-bread.jpg\",\"datePublished\":\"2025-10-20T19:12:57+00:00\",\"dateModified\":\"2025-11-06T11:49:50+00:00\",\"description\":\"Cerealis sont d'\u00e9l\u00e9gants petits pains au levain multic\u00e9r\u00e9ales \u00e0 la saveur riche et raffin\u00e9e. Pr\u00e9par\u00e9s artisanalement avec une fermentation naturelle. Conditionnement : 4\u00d780 g.\",\"breadcrumb\":{\"@id\":\"https:\\\/\\\/bakeryfolies.com\\\/fr\\\/shop\\\/petits-pains-plenora-pistolets-au-levain-multicereales-2-pieces\\\/#breadcrumb\"},\"inLanguage\":\"fr-FR\",\"potentialAction\":[{\"@type\":\"ReadAction\",\"target\":[\"https:\\\/\\\/bakeryfolies.com\\\/fr\\\/shop\\\/petits-pains-plenora-pistolets-au-levain-multicereales-2-pieces\\\/\"]}]},{\"@type\":\"ImageObject\",\"inLanguage\":\"fr-FR\",\"@id\":\"https:\\\/\\\/bakeryfolies.com\\\/fr\\\/shop\\\/petits-pains-plenora-pistolets-au-levain-multicereales-2-pieces\\\/#primaryimage\",\"url\":\"https:\\\/\\\/bakeryfolies.com\\\/wp-content\\\/uploads\\\/2025\\\/10\\\/Cerealis-multigrain-sourdough-diamond-bread.jpg\",\"contentUrl\":\"https:\\\/\\\/bakeryfolies.com\\\/wp-content\\\/uploads\\\/2025\\\/10\\\/Cerealis-multigrain-sourdough-diamond-bread.jpg\",\"width\":605,\"height\":581},{\"@type\":\"BreadcrumbList\",\"@id\":\"https:\\\/\\\/bakeryfolies.com\\\/fr\\\/shop\\\/petits-pains-plenora-pistolets-au-levain-multicereales-2-pieces\\\/#breadcrumb\",\"itemListElement\":[{\"@type\":\"ListItem\",\"position\":1,\"name\":\"Accueil\",\"item\":\"https:\\\/\\\/bakeryfolies.com\\\/fr\\\/\"},{\"@type\":\"ListItem\",\"position\":2,\"name\":\"Petits pains en forme de diamant Cerealis \u2013 levain multic\u00e9r\u00e9ales \u2013 4 pi\u00e8ces\"}]},{\"@type\":\"WebSite\",\"@id\":\"https:\\\/\\\/bakeryfolies.com\\\/fr\\\/#website\",\"url\":\"https:\\\/\\\/bakeryfolies.com\\\/fr\\\/\",\"name\":\"Bakery Folies\",\"description\":\"\",\"publisher\":{\"@id\":\"https:\\\/\\\/bakeryfolies.com\\\/fr\\\/#organization\"},\"potentialAction\":[{\"@type\":\"SearchAction\",\"target\":{\"@type\":\"EntryPoint\",\"urlTemplate\":\"https:\\\/\\\/bakeryfolies.com\\\/fr\\\/?s={search_term_string}\"},\"query-input\":{\"@type\":\"PropertyValueSpecification\",\"valueRequired\":true,\"valueName\":\"search_term_string\"}}],\"inLanguage\":\"fr-FR\"},{\"@type\":\"Organization\",\"@id\":\"https:\\\/\\\/bakeryfolies.com\\\/fr\\\/#organization\",\"name\":\"Bakery Folies\",\"url\":\"https:\\\/\\\/bakeryfolies.com\\\/fr\\\/\",\"logo\":{\"@type\":\"ImageObject\",\"inLanguage\":\"fr-FR\",\"@id\":\"https:\\\/\\\/bakeryfolies.com\\\/fr\\\/#\\\/schema\\\/logo\\\/image\\\/\",\"url\":\"https:\\\/\\\/bakeryfolies.com\\\/wp-content\\\/uploads\\\/2025\\\/09\\\/premium_zwart-scaled.png\",\"contentUrl\":\"https:\\\/\\\/bakeryfolies.com\\\/wp-content\\\/uploads\\\/2025\\\/09\\\/premium_zwart-scaled.png\",\"width\":2560,\"height\":829,\"caption\":\"Bakery Folies\"},\"image\":{\"@id\":\"https:\\\/\\\/bakeryfolies.com\\\/fr\\\/#\\\/schema\\\/logo\\\/image\\\/\"}}]}<\/script>\n<!-- \/ Yoast SEO plugin. -->","yoast_head_json":{"title":"Petits pains en forme de diamant Cerealis - levain multic\u00e9r\u00e9ales - 4 pi\u00e8ces - Bakery Folies","description":"Cerealis sont d'\u00e9l\u00e9gants petits pains au levain multic\u00e9r\u00e9ales \u00e0 la saveur riche et raffin\u00e9e. Pr\u00e9par\u00e9s artisanalement avec une fermentation naturelle. Conditionnement : 4\u00d780 g.","robots":{"index":"index","follow":"follow","max-snippet":"max-snippet:-1","max-image-preview":"max-image-preview:large","max-video-preview":"max-video-preview:-1"},"canonical":"https:\/\/bakeryfolies.com\/fr\/shop\/petits-pains-plenora-pistolets-au-levain-multicereales-2-pieces\/","og_locale":"fr_FR","og_type":"article","og_title":"Petits pains en forme de diamant Cerealis - levain multic\u00e9r\u00e9ales - 4 pi\u00e8ces - Bakery Folies","og_description":"Cerealis sont d'\u00e9l\u00e9gants petits pains au levain multic\u00e9r\u00e9ales \u00e0 la saveur riche et raffin\u00e9e. Pr\u00e9par\u00e9s artisanalement avec une fermentation naturelle. Conditionnement : 4\u00d780 g.","og_url":"https:\/\/bakeryfolies.com\/fr\/shop\/petits-pains-plenora-pistolets-au-levain-multicereales-2-pieces\/","og_site_name":"Bakery Folies","article_modified_time":"2025-11-06T11:49:50+00:00","og_image":[{"width":605,"height":581,"url":"https:\/\/bakeryfolies.com\/wp-content\/uploads\/2025\/10\/Cerealis-multigrain-sourdough-diamond-bread.jpg","type":"image\/jpeg"}],"twitter_card":"summary_large_image","twitter_misc":{"Dur\u00e9e de lecture estim\u00e9e":"1 minute"},"schema":{"@context":"https:\/\/schema.org","@graph":[{"@type":"WebPage","@id":"https:\/\/bakeryfolies.com\/fr\/shop\/petits-pains-plenora-pistolets-au-levain-multicereales-2-pieces\/","url":"https:\/\/bakeryfolies.com\/fr\/shop\/petits-pains-plenora-pistolets-au-levain-multicereales-2-pieces\/","name":"Petits pains en forme de diamant Cerealis - levain multic\u00e9r\u00e9ales - 4 pi\u00e8ces - Bakery Folies","isPartOf":{"@id":"https:\/\/bakeryfolies.com\/fr\/#website"},"primaryImageOfPage":{"@id":"https:\/\/bakeryfolies.com\/fr\/shop\/petits-pains-plenora-pistolets-au-levain-multicereales-2-pieces\/#primaryimage"},"image":{"@id":"https:\/\/bakeryfolies.com\/fr\/shop\/petits-pains-plenora-pistolets-au-levain-multicereales-2-pieces\/#primaryimage"},"thumbnailUrl":"https:\/\/bakeryfolies.com\/wp-content\/uploads\/2025\/10\/Cerealis-multigrain-sourdough-diamond-bread.jpg","datePublished":"2025-10-20T19:12:57+00:00","dateModified":"2025-11-06T11:49:50+00:00","description":"Cerealis sont d'\u00e9l\u00e9gants petits pains au levain multic\u00e9r\u00e9ales \u00e0 la saveur riche et raffin\u00e9e. Pr\u00e9par\u00e9s artisanalement avec une fermentation naturelle. Conditionnement : 4\u00d780 g.","breadcrumb":{"@id":"https:\/\/bakeryfolies.com\/fr\/shop\/petits-pains-plenora-pistolets-au-levain-multicereales-2-pieces\/#breadcrumb"},"inLanguage":"fr-FR","potentialAction":[{"@type":"ReadAction","target":["https:\/\/bakeryfolies.com\/fr\/shop\/petits-pains-plenora-pistolets-au-levain-multicereales-2-pieces\/"]}]},{"@type":"ImageObject","inLanguage":"fr-FR","@id":"https:\/\/bakeryfolies.com\/fr\/shop\/petits-pains-plenora-pistolets-au-levain-multicereales-2-pieces\/#primaryimage","url":"https:\/\/bakeryfolies.com\/wp-content\/uploads\/2025\/10\/Cerealis-multigrain-sourdough-diamond-bread.jpg","contentUrl":"https:\/\/bakeryfolies.com\/wp-content\/uploads\/2025\/10\/Cerealis-multigrain-sourdough-diamond-bread.jpg","width":605,"height":581},{"@type":"BreadcrumbList","@id":"https:\/\/bakeryfolies.com\/fr\/shop\/petits-pains-plenora-pistolets-au-levain-multicereales-2-pieces\/#breadcrumb","itemListElement":[{"@type":"ListItem","position":1,"name":"Accueil","item":"https:\/\/bakeryfolies.com\/fr\/"},{"@type":"ListItem","position":2,"name":"Petits pains en forme de diamant Cerealis \u2013 levain multic\u00e9r\u00e9ales \u2013 4 pi\u00e8ces"}]},{"@type":"WebSite","@id":"https:\/\/bakeryfolies.com\/fr\/#website","url":"https:\/\/bakeryfolies.com\/fr\/","name":"Bakery Folies","description":"","publisher":{"@id":"https:\/\/bakeryfolies.com\/fr\/#organization"},"potentialAction":[{"@type":"SearchAction","target":{"@type":"EntryPoint","urlTemplate":"https:\/\/bakeryfolies.com\/fr\/?s={search_term_string}"},"query-input":{"@type":"PropertyValueSpecification","valueRequired":true,"valueName":"search_term_string"}}],"inLanguage":"fr-FR"},{"@type":"Organization","@id":"https:\/\/bakeryfolies.com\/fr\/#organization","name":"Bakery Folies","url":"https:\/\/bakeryfolies.com\/fr\/","logo":{"@type":"ImageObject","inLanguage":"fr-FR","@id":"https:\/\/bakeryfolies.com\/fr\/#\/schema\/logo\/image\/","url":"https:\/\/bakeryfolies.com\/wp-content\/uploads\/2025\/09\/premium_zwart-scaled.png","contentUrl":"https:\/\/bakeryfolies.com\/wp-content\/uploads\/2025\/09\/premium_zwart-scaled.png","width":2560,"height":829,"caption":"Bakery Folies"},"image":{"@id":"https:\/\/bakeryfolies.com\/fr\/#\/schema\/logo\/image\/"}}]}},"_links":{"self":[{"href":"https:\/\/bakeryfolies.com\/fr\/wp-json\/wp\/v2\/product\/3231","targetHints":{"allow":["GET"]}}],"collection":[{"href":"https:\/\/bakeryfolies.com\/fr\/wp-json\/wp\/v2\/product"}],"about":[{"href":"https:\/\/bakeryfolies.com\/fr\/wp-json\/wp\/v2\/types\/product"}],"wp:featuredmedia":[{"embeddable":true,"href":"https:\/\/bakeryfolies.com\/fr\/wp-json\/wp\/v2\/media\/3234"}],"wp:attachment":[{"href":"https:\/\/bakeryfolies.com\/fr\/wp-json\/wp\/v2\/media?parent=3231"}],"wp:term":[{"taxonomy":"product_brand","embeddable":true,"href":"https:\/\/bakeryfolies.com\/fr\/wp-json\/wp\/v2\/product_brand?post=3231"},{"taxonomy":"product_cat","embeddable":true,"href":"https:\/\/bakeryfolies.com\/fr\/wp-json\/wp\/v2\/product_cat?post=3231"},{"taxonomy":"product_tag","embeddable":true,"href":"https:\/\/bakeryfolies.com\/fr\/wp-json\/wp\/v2\/product_tag?post=3231"}],"curies":[{"name":"wp","href":"https:\/\/api.w.org\/{rel}","templated":true}]}}