{"id":3225,"date":"2025-10-20T19:08:35","date_gmt":"2025-10-20T19:08:35","guid":{"rendered":"https:\/\/bakeryfolies.com\/?post_type=product&#038;p=3225"},"modified":"2025-11-06T12:18:43","modified_gmt":"2025-11-06T12:18:43","slug":"petits-pains-candora-pistolet-au-levain","status":"publish","type":"product","link":"https:\/\/bakeryfolies.com\/fr\/shop\/petits-pains-candora-pistolet-au-levain\/","title":{"rendered":"Petits pains Plenora \u2013 pistolets au levain multic\u00e9r\u00e9ales \u2013 2 pi\u00e8ces"},"content":{"rendered":"<p data-start=\"109\" data-end=\"419\">Plenora, d\u00e9riv\u00e9 du latin <em data-start=\"144\" data-end=\"152\">plenus<\/em> \u2014 pl\u00e9nitude et abondance \u2014 symbolise la richesse et la profondeur. Ce petit pain au levain multic\u00e9r\u00e9ales combine un m\u00e9lange soigneusement choisi de c\u00e9r\u00e9ales avec une pr\u00e9paration artisanale, une fermentation naturelle et de longs temps de repos pour permettre le d\u00e9veloppement complet des saveurs.<\/p>\n<p data-start=\"421\" data-end=\"666\">Le m\u00e9lange \u00e9quilibr\u00e9 de c\u00e9r\u00e9ales conf\u00e8re \u00e0 Plenora une saveur riche et intense qui se d\u00e9voile \u00e9l\u00e9gamment avec une touche de complexit\u00e9. Une combinaison harmonieuse de force et de raffinement, incarn\u00e9e dans un pain nourrissant et \u00e9l\u00e9gant.<\/p>\n","protected":false},"excerpt":{"rendered":"<p>Plenora, d\u00e9riv\u00e9 du latin plenus \u2014 pl\u00e9nitude et abondance \u2014 symbolise la richesse et la profondeur. Ce petit pain au levain multic\u00e9r\u00e9ales combine un m\u00e9lange soigneusement choisi de c\u00e9r\u00e9ales avec une pr\u00e9paration artisanale, une fermentation naturelle et de longs temps de repos pour permettre le d\u00e9veloppement complet des saveurs. Le m\u00e9lange \u00e9quilibr\u00e9 de c\u00e9r\u00e9ales conf\u00e8re [&hellip;]<\/p>\n","protected":false},"featured_media":3228,"template":"","meta":{"_acf_changed":false},"product_brand":[],"product_cat":[117],"product_tag":[],"class_list":{"0":"post-3225","1":"product","2":"type-product","3":"status-publish","4":"has-post-thumbnail","6":"product_cat-premium","8":"first","9":"instock","10":"shipping-taxable","11":"product-type-simple"},"acf":[],"yoast_head":"<!-- This site is optimized with the Yoast SEO plugin v27.4 - https:\/\/yoast.com\/product\/yoast-seo-wordpress\/ -->\n<title>Petits pains Plenora - pistolets au levain multic\u00e9r\u00e9ales - 2 pi\u00e8ces - Bakery Folies<\/title>\n<meta name=\"description\" content=\"Plenora est un pain au levain multic\u00e9r\u00e9ales \u00e0 la saveur riche et intense. Pr\u00e9par\u00e9 artisanalement avec une fermentation naturelle et des c\u00e9r\u00e9ales soigneusement s\u00e9lectionn\u00e9es.\" \/>\n<meta name=\"robots\" content=\"index, follow, max-snippet:-1, max-image-preview:large, max-video-preview:-1\" \/>\n<link rel=\"canonical\" href=\"https:\/\/bakeryfolies.com\/fr\/shop\/petits-pains-candora-pistolet-au-levain\/\" \/>\n<meta property=\"og:locale\" content=\"fr_FR\" \/>\n<meta property=\"og:type\" content=\"article\" \/>\n<meta property=\"og:title\" content=\"Petits pains Plenora - pistolets au levain multic\u00e9r\u00e9ales - 2 pi\u00e8ces - Bakery Folies\" \/>\n<meta property=\"og:description\" content=\"Plenora est un pain au levain multic\u00e9r\u00e9ales \u00e0 la saveur riche et intense. Pr\u00e9par\u00e9 artisanalement avec une fermentation naturelle et des c\u00e9r\u00e9ales soigneusement s\u00e9lectionn\u00e9es.\" \/>\n<meta property=\"og:url\" content=\"https:\/\/bakeryfolies.com\/fr\/shop\/petits-pains-candora-pistolet-au-levain\/\" \/>\n<meta property=\"og:site_name\" content=\"Bakery Folies\" \/>\n<meta property=\"article:modified_time\" content=\"2025-11-06T12:18:43+00:00\" \/>\n<meta property=\"og:image\" content=\"https:\/\/bakeryfolies.com\/wp-content\/uploads\/2025\/10\/Plenora-multigrain-sourdough-pistolet.jpg\" \/>\n\t<meta property=\"og:image:width\" content=\"605\" \/>\n\t<meta property=\"og:image:height\" content=\"581\" \/>\n\t<meta property=\"og:image:type\" content=\"image\/jpeg\" \/>\n<meta name=\"twitter:card\" content=\"summary_large_image\" \/>\n<meta name=\"twitter:label1\" content=\"Dur\u00e9e de lecture estim\u00e9e\" \/>\n\t<meta name=\"twitter:data1\" content=\"1 minute\" \/>\n<script type=\"application\/ld+json\" class=\"yoast-schema-graph\">{\"@context\":\"https:\\\/\\\/schema.org\",\"@graph\":[{\"@type\":\"WebPage\",\"@id\":\"https:\\\/\\\/bakeryfolies.com\\\/fr\\\/shop\\\/petits-pains-candora-pistolet-au-levain\\\/\",\"url\":\"https:\\\/\\\/bakeryfolies.com\\\/fr\\\/shop\\\/petits-pains-candora-pistolet-au-levain\\\/\",\"name\":\"Petits pains Plenora - pistolets au levain multic\u00e9r\u00e9ales - 2 pi\u00e8ces - Bakery Folies\",\"isPartOf\":{\"@id\":\"https:\\\/\\\/bakeryfolies.com\\\/fr\\\/#website\"},\"primaryImageOfPage\":{\"@id\":\"https:\\\/\\\/bakeryfolies.com\\\/fr\\\/shop\\\/petits-pains-candora-pistolet-au-levain\\\/#primaryimage\"},\"image\":{\"@id\":\"https:\\\/\\\/bakeryfolies.com\\\/fr\\\/shop\\\/petits-pains-candora-pistolet-au-levain\\\/#primaryimage\"},\"thumbnailUrl\":\"https:\\\/\\\/bakeryfolies.com\\\/wp-content\\\/uploads\\\/2025\\\/10\\\/Plenora-multigrain-sourdough-pistolet.jpg\",\"datePublished\":\"2025-10-20T19:08:35+00:00\",\"dateModified\":\"2025-11-06T12:18:43+00:00\",\"description\":\"Plenora est un pain au levain multic\u00e9r\u00e9ales \u00e0 la saveur riche et intense. Pr\u00e9par\u00e9 artisanalement avec une fermentation naturelle et des c\u00e9r\u00e9ales soigneusement s\u00e9lectionn\u00e9es.\",\"breadcrumb\":{\"@id\":\"https:\\\/\\\/bakeryfolies.com\\\/fr\\\/shop\\\/petits-pains-candora-pistolet-au-levain\\\/#breadcrumb\"},\"inLanguage\":\"fr-FR\",\"potentialAction\":[{\"@type\":\"ReadAction\",\"target\":[\"https:\\\/\\\/bakeryfolies.com\\\/fr\\\/shop\\\/petits-pains-candora-pistolet-au-levain\\\/\"]}]},{\"@type\":\"ImageObject\",\"inLanguage\":\"fr-FR\",\"@id\":\"https:\\\/\\\/bakeryfolies.com\\\/fr\\\/shop\\\/petits-pains-candora-pistolet-au-levain\\\/#primaryimage\",\"url\":\"https:\\\/\\\/bakeryfolies.com\\\/wp-content\\\/uploads\\\/2025\\\/10\\\/Plenora-multigrain-sourdough-pistolet.jpg\",\"contentUrl\":\"https:\\\/\\\/bakeryfolies.com\\\/wp-content\\\/uploads\\\/2025\\\/10\\\/Plenora-multigrain-sourdough-pistolet.jpg\",\"width\":605,\"height\":581},{\"@type\":\"BreadcrumbList\",\"@id\":\"https:\\\/\\\/bakeryfolies.com\\\/fr\\\/shop\\\/petits-pains-candora-pistolet-au-levain\\\/#breadcrumb\",\"itemListElement\":[{\"@type\":\"ListItem\",\"position\":1,\"name\":\"Accueil\",\"item\":\"https:\\\/\\\/bakeryfolies.com\\\/fr\\\/\"},{\"@type\":\"ListItem\",\"position\":2,\"name\":\"Petits pains Plenora \u2013 pistolets au levain multic\u00e9r\u00e9ales \u2013 2 pi\u00e8ces\"}]},{\"@type\":\"WebSite\",\"@id\":\"https:\\\/\\\/bakeryfolies.com\\\/fr\\\/#website\",\"url\":\"https:\\\/\\\/bakeryfolies.com\\\/fr\\\/\",\"name\":\"Bakery Folies\",\"description\":\"\",\"publisher\":{\"@id\":\"https:\\\/\\\/bakeryfolies.com\\\/fr\\\/#organization\"},\"potentialAction\":[{\"@type\":\"SearchAction\",\"target\":{\"@type\":\"EntryPoint\",\"urlTemplate\":\"https:\\\/\\\/bakeryfolies.com\\\/fr\\\/?s={search_term_string}\"},\"query-input\":{\"@type\":\"PropertyValueSpecification\",\"valueRequired\":true,\"valueName\":\"search_term_string\"}}],\"inLanguage\":\"fr-FR\"},{\"@type\":\"Organization\",\"@id\":\"https:\\\/\\\/bakeryfolies.com\\\/fr\\\/#organization\",\"name\":\"Bakery Folies\",\"url\":\"https:\\\/\\\/bakeryfolies.com\\\/fr\\\/\",\"logo\":{\"@type\":\"ImageObject\",\"inLanguage\":\"fr-FR\",\"@id\":\"https:\\\/\\\/bakeryfolies.com\\\/fr\\\/#\\\/schema\\\/logo\\\/image\\\/\",\"url\":\"https:\\\/\\\/bakeryfolies.com\\\/wp-content\\\/uploads\\\/2025\\\/09\\\/premium_zwart-scaled.png\",\"contentUrl\":\"https:\\\/\\\/bakeryfolies.com\\\/wp-content\\\/uploads\\\/2025\\\/09\\\/premium_zwart-scaled.png\",\"width\":2560,\"height\":829,\"caption\":\"Bakery Folies\"},\"image\":{\"@id\":\"https:\\\/\\\/bakeryfolies.com\\\/fr\\\/#\\\/schema\\\/logo\\\/image\\\/\"}}]}<\/script>\n<!-- \/ Yoast SEO plugin. -->","yoast_head_json":{"title":"Petits pains Plenora - pistolets au levain multic\u00e9r\u00e9ales - 2 pi\u00e8ces - Bakery Folies","description":"Plenora est un pain au levain multic\u00e9r\u00e9ales \u00e0 la saveur riche et intense. Pr\u00e9par\u00e9 artisanalement avec une fermentation naturelle et des c\u00e9r\u00e9ales soigneusement s\u00e9lectionn\u00e9es.","robots":{"index":"index","follow":"follow","max-snippet":"max-snippet:-1","max-image-preview":"max-image-preview:large","max-video-preview":"max-video-preview:-1"},"canonical":"https:\/\/bakeryfolies.com\/fr\/shop\/petits-pains-candora-pistolet-au-levain\/","og_locale":"fr_FR","og_type":"article","og_title":"Petits pains Plenora - pistolets au levain multic\u00e9r\u00e9ales - 2 pi\u00e8ces - Bakery Folies","og_description":"Plenora est un pain au levain multic\u00e9r\u00e9ales \u00e0 la saveur riche et intense. Pr\u00e9par\u00e9 artisanalement avec une fermentation naturelle et des c\u00e9r\u00e9ales soigneusement s\u00e9lectionn\u00e9es.","og_url":"https:\/\/bakeryfolies.com\/fr\/shop\/petits-pains-candora-pistolet-au-levain\/","og_site_name":"Bakery Folies","article_modified_time":"2025-11-06T12:18:43+00:00","og_image":[{"width":605,"height":581,"url":"https:\/\/bakeryfolies.com\/wp-content\/uploads\/2025\/10\/Plenora-multigrain-sourdough-pistolet.jpg","type":"image\/jpeg"}],"twitter_card":"summary_large_image","twitter_misc":{"Dur\u00e9e de lecture estim\u00e9e":"1 minute"},"schema":{"@context":"https:\/\/schema.org","@graph":[{"@type":"WebPage","@id":"https:\/\/bakeryfolies.com\/fr\/shop\/petits-pains-candora-pistolet-au-levain\/","url":"https:\/\/bakeryfolies.com\/fr\/shop\/petits-pains-candora-pistolet-au-levain\/","name":"Petits pains Plenora - pistolets au levain multic\u00e9r\u00e9ales - 2 pi\u00e8ces - Bakery Folies","isPartOf":{"@id":"https:\/\/bakeryfolies.com\/fr\/#website"},"primaryImageOfPage":{"@id":"https:\/\/bakeryfolies.com\/fr\/shop\/petits-pains-candora-pistolet-au-levain\/#primaryimage"},"image":{"@id":"https:\/\/bakeryfolies.com\/fr\/shop\/petits-pains-candora-pistolet-au-levain\/#primaryimage"},"thumbnailUrl":"https:\/\/bakeryfolies.com\/wp-content\/uploads\/2025\/10\/Plenora-multigrain-sourdough-pistolet.jpg","datePublished":"2025-10-20T19:08:35+00:00","dateModified":"2025-11-06T12:18:43+00:00","description":"Plenora est un pain au levain multic\u00e9r\u00e9ales \u00e0 la saveur riche et intense. Pr\u00e9par\u00e9 artisanalement avec une fermentation naturelle et des c\u00e9r\u00e9ales soigneusement s\u00e9lectionn\u00e9es.","breadcrumb":{"@id":"https:\/\/bakeryfolies.com\/fr\/shop\/petits-pains-candora-pistolet-au-levain\/#breadcrumb"},"inLanguage":"fr-FR","potentialAction":[{"@type":"ReadAction","target":["https:\/\/bakeryfolies.com\/fr\/shop\/petits-pains-candora-pistolet-au-levain\/"]}]},{"@type":"ImageObject","inLanguage":"fr-FR","@id":"https:\/\/bakeryfolies.com\/fr\/shop\/petits-pains-candora-pistolet-au-levain\/#primaryimage","url":"https:\/\/bakeryfolies.com\/wp-content\/uploads\/2025\/10\/Plenora-multigrain-sourdough-pistolet.jpg","contentUrl":"https:\/\/bakeryfolies.com\/wp-content\/uploads\/2025\/10\/Plenora-multigrain-sourdough-pistolet.jpg","width":605,"height":581},{"@type":"BreadcrumbList","@id":"https:\/\/bakeryfolies.com\/fr\/shop\/petits-pains-candora-pistolet-au-levain\/#breadcrumb","itemListElement":[{"@type":"ListItem","position":1,"name":"Accueil","item":"https:\/\/bakeryfolies.com\/fr\/"},{"@type":"ListItem","position":2,"name":"Petits pains Plenora \u2013 pistolets au levain multic\u00e9r\u00e9ales \u2013 2 pi\u00e8ces"}]},{"@type":"WebSite","@id":"https:\/\/bakeryfolies.com\/fr\/#website","url":"https:\/\/bakeryfolies.com\/fr\/","name":"Bakery Folies","description":"","publisher":{"@id":"https:\/\/bakeryfolies.com\/fr\/#organization"},"potentialAction":[{"@type":"SearchAction","target":{"@type":"EntryPoint","urlTemplate":"https:\/\/bakeryfolies.com\/fr\/?s={search_term_string}"},"query-input":{"@type":"PropertyValueSpecification","valueRequired":true,"valueName":"search_term_string"}}],"inLanguage":"fr-FR"},{"@type":"Organization","@id":"https:\/\/bakeryfolies.com\/fr\/#organization","name":"Bakery Folies","url":"https:\/\/bakeryfolies.com\/fr\/","logo":{"@type":"ImageObject","inLanguage":"fr-FR","@id":"https:\/\/bakeryfolies.com\/fr\/#\/schema\/logo\/image\/","url":"https:\/\/bakeryfolies.com\/wp-content\/uploads\/2025\/09\/premium_zwart-scaled.png","contentUrl":"https:\/\/bakeryfolies.com\/wp-content\/uploads\/2025\/09\/premium_zwart-scaled.png","width":2560,"height":829,"caption":"Bakery Folies"},"image":{"@id":"https:\/\/bakeryfolies.com\/fr\/#\/schema\/logo\/image\/"}}]}},"_links":{"self":[{"href":"https:\/\/bakeryfolies.com\/fr\/wp-json\/wp\/v2\/product\/3225","targetHints":{"allow":["GET"]}}],"collection":[{"href":"https:\/\/bakeryfolies.com\/fr\/wp-json\/wp\/v2\/product"}],"about":[{"href":"https:\/\/bakeryfolies.com\/fr\/wp-json\/wp\/v2\/types\/product"}],"wp:featuredmedia":[{"embeddable":true,"href":"https:\/\/bakeryfolies.com\/fr\/wp-json\/wp\/v2\/media\/3228"}],"wp:attachment":[{"href":"https:\/\/bakeryfolies.com\/fr\/wp-json\/wp\/v2\/media?parent=3225"}],"wp:term":[{"taxonomy":"product_brand","embeddable":true,"href":"https:\/\/bakeryfolies.com\/fr\/wp-json\/wp\/v2\/product_brand?post=3225"},{"taxonomy":"product_cat","embeddable":true,"href":"https:\/\/bakeryfolies.com\/fr\/wp-json\/wp\/v2\/product_cat?post=3225"},{"taxonomy":"product_tag","embeddable":true,"href":"https:\/\/bakeryfolies.com\/fr\/wp-json\/wp\/v2\/product_tag?post=3225"}],"curies":[{"name":"wp","href":"https:\/\/api.w.org\/{rel}","templated":true}]}}