{"id":3219,"date":"2025-10-20T18:59:10","date_gmt":"2025-10-20T18:59:10","guid":{"rendered":"https:\/\/bakeryfolies.com\/?post_type=product&#038;p=3219"},"modified":"2025-11-05T20:30:19","modified_gmt":"2025-11-05T20:30:19","slug":"mini-baguette-alba-nova-levain","status":"publish","type":"product","link":"https:\/\/bakeryfolies.com\/fr\/shop\/mini-baguette-alba-nova-levain\/","title":{"rendered":"Petits pains Candora \u2013 pistolet au levain \u2013 2 pi\u00e8ces"},"content":{"rendered":"<p data-start=\"130\" data-end=\"387\">Candora, d\u00e9riv\u00e9 du latin <em data-start=\"165\" data-end=\"173\">candor<\/em> \u2014 puret\u00e9 et clart\u00e9 \u2014 symbolise le raffinement et l&rsquo;\u00e9l\u00e9gance. Cette boule de pain au levain ronde est un exemple de savoir-faire artisanal : pr\u00e9par\u00e9e avec de longs temps de repos, une fermentation naturelle et cuite traditionnellement sur pierre.<\/p>\n<p data-start=\"389\" data-end=\"675\">Le r\u00e9sultat est un pain avec une mie a\u00e9r\u00e9e et savoureuse, et une cro\u00fbte dor\u00e9e et croustillante qui d\u00e9gage caract\u00e8re et finesse. Candora trouve l&rsquo;\u00e9quilibre parfait entre simplicit\u00e9 et \u00e9l\u00e9gance, id\u00e9al \u00e0 partager ou \u00e0 servir avec chaque repas raffin\u00e9.<\/p>\n","protected":false},"excerpt":{"rendered":"<p>Candora, d\u00e9riv\u00e9 du latin candor \u2014 puret\u00e9 et clart\u00e9 \u2014 symbolise le raffinement et l&rsquo;\u00e9l\u00e9gance. Cette boule de pain au levain ronde est un exemple de savoir-faire artisanal : pr\u00e9par\u00e9e avec de longs temps de repos, une fermentation naturelle et cuite traditionnellement sur pierre. Le r\u00e9sultat est un pain avec une mie a\u00e9r\u00e9e et savoureuse, [&hellip;]<\/p>\n","protected":false},"featured_media":3222,"template":"","meta":{"_acf_changed":false},"product_brand":[],"product_cat":[117],"product_tag":[],"class_list":{"0":"post-3219","1":"product","2":"type-product","3":"status-publish","4":"has-post-thumbnail","6":"product_cat-premium","8":"first","9":"instock","10":"shipping-taxable","11":"product-type-simple"},"acf":[],"yoast_head":"<!-- This site is optimized with the Yoast SEO plugin v27.4 - https:\/\/yoast.com\/product\/yoast-seo-wordpress\/ -->\n<title>Petits pains Candora - pistolet au levain - 2 pi\u00e8ces - Bakery Folies<\/title>\n<meta name=\"description\" content=\"Candora est un pain au levain artisanal avec une mie a\u00e9r\u00e9e et une cro\u00fbte croustillante. Pr\u00e9par\u00e9 avec de longs temps de repos et une fermentation naturelle pour un go\u00fbt pur.\" \/>\n<meta name=\"robots\" content=\"index, follow, max-snippet:-1, max-image-preview:large, max-video-preview:-1\" \/>\n<link rel=\"canonical\" href=\"https:\/\/bakeryfolies.com\/fr\/shop\/mini-baguette-alba-nova-levain\/\" \/>\n<meta property=\"og:locale\" content=\"fr_FR\" \/>\n<meta property=\"og:type\" content=\"article\" \/>\n<meta property=\"og:title\" content=\"Petits pains Candora - pistolet au levain - 2 pi\u00e8ces - Bakery Folies\" \/>\n<meta property=\"og:description\" content=\"Candora est un pain au levain artisanal avec une mie a\u00e9r\u00e9e et une cro\u00fbte croustillante. Pr\u00e9par\u00e9 avec de longs temps de repos et une fermentation naturelle pour un go\u00fbt pur.\" \/>\n<meta property=\"og:url\" content=\"https:\/\/bakeryfolies.com\/fr\/shop\/mini-baguette-alba-nova-levain\/\" \/>\n<meta property=\"og:site_name\" content=\"Bakery Folies\" \/>\n<meta property=\"article:modified_time\" content=\"2025-11-05T20:30:19+00:00\" \/>\n<meta property=\"og:image\" content=\"https:\/\/bakeryfolies.com\/wp-content\/uploads\/2025\/10\/Candora-sourdough-pistolet.jpg\" \/>\n\t<meta property=\"og:image:width\" content=\"605\" \/>\n\t<meta property=\"og:image:height\" content=\"581\" \/>\n\t<meta property=\"og:image:type\" content=\"image\/jpeg\" \/>\n<meta name=\"twitter:card\" content=\"summary_large_image\" \/>\n<meta name=\"twitter:label1\" content=\"Dur\u00e9e de lecture estim\u00e9e\" \/>\n\t<meta name=\"twitter:data1\" content=\"1 minute\" \/>\n<script type=\"application\/ld+json\" class=\"yoast-schema-graph\">{\"@context\":\"https:\\\/\\\/schema.org\",\"@graph\":[{\"@type\":\"WebPage\",\"@id\":\"https:\\\/\\\/bakeryfolies.com\\\/fr\\\/shop\\\/mini-baguette-alba-nova-levain\\\/\",\"url\":\"https:\\\/\\\/bakeryfolies.com\\\/fr\\\/shop\\\/mini-baguette-alba-nova-levain\\\/\",\"name\":\"Petits pains Candora - pistolet au levain - 2 pi\u00e8ces - Bakery Folies\",\"isPartOf\":{\"@id\":\"https:\\\/\\\/bakeryfolies.com\\\/fr\\\/#website\"},\"primaryImageOfPage\":{\"@id\":\"https:\\\/\\\/bakeryfolies.com\\\/fr\\\/shop\\\/mini-baguette-alba-nova-levain\\\/#primaryimage\"},\"image\":{\"@id\":\"https:\\\/\\\/bakeryfolies.com\\\/fr\\\/shop\\\/mini-baguette-alba-nova-levain\\\/#primaryimage\"},\"thumbnailUrl\":\"https:\\\/\\\/bakeryfolies.com\\\/wp-content\\\/uploads\\\/2025\\\/10\\\/Candora-sourdough-pistolet.jpg\",\"datePublished\":\"2025-10-20T18:59:10+00:00\",\"dateModified\":\"2025-11-05T20:30:19+00:00\",\"description\":\"Candora est un pain au levain artisanal avec une mie a\u00e9r\u00e9e et une cro\u00fbte croustillante. Pr\u00e9par\u00e9 avec de longs temps de repos et une fermentation naturelle pour un go\u00fbt pur.\",\"breadcrumb\":{\"@id\":\"https:\\\/\\\/bakeryfolies.com\\\/fr\\\/shop\\\/mini-baguette-alba-nova-levain\\\/#breadcrumb\"},\"inLanguage\":\"fr-FR\",\"potentialAction\":[{\"@type\":\"ReadAction\",\"target\":[\"https:\\\/\\\/bakeryfolies.com\\\/fr\\\/shop\\\/mini-baguette-alba-nova-levain\\\/\"]}]},{\"@type\":\"ImageObject\",\"inLanguage\":\"fr-FR\",\"@id\":\"https:\\\/\\\/bakeryfolies.com\\\/fr\\\/shop\\\/mini-baguette-alba-nova-levain\\\/#primaryimage\",\"url\":\"https:\\\/\\\/bakeryfolies.com\\\/wp-content\\\/uploads\\\/2025\\\/10\\\/Candora-sourdough-pistolet.jpg\",\"contentUrl\":\"https:\\\/\\\/bakeryfolies.com\\\/wp-content\\\/uploads\\\/2025\\\/10\\\/Candora-sourdough-pistolet.jpg\",\"width\":605,\"height\":581},{\"@type\":\"BreadcrumbList\",\"@id\":\"https:\\\/\\\/bakeryfolies.com\\\/fr\\\/shop\\\/mini-baguette-alba-nova-levain\\\/#breadcrumb\",\"itemListElement\":[{\"@type\":\"ListItem\",\"position\":1,\"name\":\"Accueil\",\"item\":\"https:\\\/\\\/bakeryfolies.com\\\/fr\\\/\"},{\"@type\":\"ListItem\",\"position\":2,\"name\":\"Petits pains Candora \u2013 pistolet au levain \u2013 2 pi\u00e8ces\"}]},{\"@type\":\"WebSite\",\"@id\":\"https:\\\/\\\/bakeryfolies.com\\\/fr\\\/#website\",\"url\":\"https:\\\/\\\/bakeryfolies.com\\\/fr\\\/\",\"name\":\"Bakery Folies\",\"description\":\"\",\"publisher\":{\"@id\":\"https:\\\/\\\/bakeryfolies.com\\\/fr\\\/#organization\"},\"potentialAction\":[{\"@type\":\"SearchAction\",\"target\":{\"@type\":\"EntryPoint\",\"urlTemplate\":\"https:\\\/\\\/bakeryfolies.com\\\/fr\\\/?s={search_term_string}\"},\"query-input\":{\"@type\":\"PropertyValueSpecification\",\"valueRequired\":true,\"valueName\":\"search_term_string\"}}],\"inLanguage\":\"fr-FR\"},{\"@type\":\"Organization\",\"@id\":\"https:\\\/\\\/bakeryfolies.com\\\/fr\\\/#organization\",\"name\":\"Bakery Folies\",\"url\":\"https:\\\/\\\/bakeryfolies.com\\\/fr\\\/\",\"logo\":{\"@type\":\"ImageObject\",\"inLanguage\":\"fr-FR\",\"@id\":\"https:\\\/\\\/bakeryfolies.com\\\/fr\\\/#\\\/schema\\\/logo\\\/image\\\/\",\"url\":\"https:\\\/\\\/bakeryfolies.com\\\/wp-content\\\/uploads\\\/2025\\\/09\\\/premium_zwart-scaled.png\",\"contentUrl\":\"https:\\\/\\\/bakeryfolies.com\\\/wp-content\\\/uploads\\\/2025\\\/09\\\/premium_zwart-scaled.png\",\"width\":2560,\"height\":829,\"caption\":\"Bakery Folies\"},\"image\":{\"@id\":\"https:\\\/\\\/bakeryfolies.com\\\/fr\\\/#\\\/schema\\\/logo\\\/image\\\/\"}}]}<\/script>\n<!-- \/ Yoast SEO plugin. -->","yoast_head_json":{"title":"Petits pains Candora - pistolet au levain - 2 pi\u00e8ces - Bakery Folies","description":"Candora est un pain au levain artisanal avec une mie a\u00e9r\u00e9e et une cro\u00fbte croustillante. Pr\u00e9par\u00e9 avec de longs temps de repos et une fermentation naturelle pour un go\u00fbt pur.","robots":{"index":"index","follow":"follow","max-snippet":"max-snippet:-1","max-image-preview":"max-image-preview:large","max-video-preview":"max-video-preview:-1"},"canonical":"https:\/\/bakeryfolies.com\/fr\/shop\/mini-baguette-alba-nova-levain\/","og_locale":"fr_FR","og_type":"article","og_title":"Petits pains Candora - pistolet au levain - 2 pi\u00e8ces - Bakery Folies","og_description":"Candora est un pain au levain artisanal avec une mie a\u00e9r\u00e9e et une cro\u00fbte croustillante. Pr\u00e9par\u00e9 avec de longs temps de repos et une fermentation naturelle pour un go\u00fbt pur.","og_url":"https:\/\/bakeryfolies.com\/fr\/shop\/mini-baguette-alba-nova-levain\/","og_site_name":"Bakery Folies","article_modified_time":"2025-11-05T20:30:19+00:00","og_image":[{"width":605,"height":581,"url":"https:\/\/bakeryfolies.com\/wp-content\/uploads\/2025\/10\/Candora-sourdough-pistolet.jpg","type":"image\/jpeg"}],"twitter_card":"summary_large_image","twitter_misc":{"Dur\u00e9e de lecture estim\u00e9e":"1 minute"},"schema":{"@context":"https:\/\/schema.org","@graph":[{"@type":"WebPage","@id":"https:\/\/bakeryfolies.com\/fr\/shop\/mini-baguette-alba-nova-levain\/","url":"https:\/\/bakeryfolies.com\/fr\/shop\/mini-baguette-alba-nova-levain\/","name":"Petits pains Candora - pistolet au levain - 2 pi\u00e8ces - Bakery Folies","isPartOf":{"@id":"https:\/\/bakeryfolies.com\/fr\/#website"},"primaryImageOfPage":{"@id":"https:\/\/bakeryfolies.com\/fr\/shop\/mini-baguette-alba-nova-levain\/#primaryimage"},"image":{"@id":"https:\/\/bakeryfolies.com\/fr\/shop\/mini-baguette-alba-nova-levain\/#primaryimage"},"thumbnailUrl":"https:\/\/bakeryfolies.com\/wp-content\/uploads\/2025\/10\/Candora-sourdough-pistolet.jpg","datePublished":"2025-10-20T18:59:10+00:00","dateModified":"2025-11-05T20:30:19+00:00","description":"Candora est un pain au levain artisanal avec une mie a\u00e9r\u00e9e et une cro\u00fbte croustillante. Pr\u00e9par\u00e9 avec de longs temps de repos et une fermentation naturelle pour un go\u00fbt pur.","breadcrumb":{"@id":"https:\/\/bakeryfolies.com\/fr\/shop\/mini-baguette-alba-nova-levain\/#breadcrumb"},"inLanguage":"fr-FR","potentialAction":[{"@type":"ReadAction","target":["https:\/\/bakeryfolies.com\/fr\/shop\/mini-baguette-alba-nova-levain\/"]}]},{"@type":"ImageObject","inLanguage":"fr-FR","@id":"https:\/\/bakeryfolies.com\/fr\/shop\/mini-baguette-alba-nova-levain\/#primaryimage","url":"https:\/\/bakeryfolies.com\/wp-content\/uploads\/2025\/10\/Candora-sourdough-pistolet.jpg","contentUrl":"https:\/\/bakeryfolies.com\/wp-content\/uploads\/2025\/10\/Candora-sourdough-pistolet.jpg","width":605,"height":581},{"@type":"BreadcrumbList","@id":"https:\/\/bakeryfolies.com\/fr\/shop\/mini-baguette-alba-nova-levain\/#breadcrumb","itemListElement":[{"@type":"ListItem","position":1,"name":"Accueil","item":"https:\/\/bakeryfolies.com\/fr\/"},{"@type":"ListItem","position":2,"name":"Petits pains Candora \u2013 pistolet au levain \u2013 2 pi\u00e8ces"}]},{"@type":"WebSite","@id":"https:\/\/bakeryfolies.com\/fr\/#website","url":"https:\/\/bakeryfolies.com\/fr\/","name":"Bakery Folies","description":"","publisher":{"@id":"https:\/\/bakeryfolies.com\/fr\/#organization"},"potentialAction":[{"@type":"SearchAction","target":{"@type":"EntryPoint","urlTemplate":"https:\/\/bakeryfolies.com\/fr\/?s={search_term_string}"},"query-input":{"@type":"PropertyValueSpecification","valueRequired":true,"valueName":"search_term_string"}}],"inLanguage":"fr-FR"},{"@type":"Organization","@id":"https:\/\/bakeryfolies.com\/fr\/#organization","name":"Bakery Folies","url":"https:\/\/bakeryfolies.com\/fr\/","logo":{"@type":"ImageObject","inLanguage":"fr-FR","@id":"https:\/\/bakeryfolies.com\/fr\/#\/schema\/logo\/image\/","url":"https:\/\/bakeryfolies.com\/wp-content\/uploads\/2025\/09\/premium_zwart-scaled.png","contentUrl":"https:\/\/bakeryfolies.com\/wp-content\/uploads\/2025\/09\/premium_zwart-scaled.png","width":2560,"height":829,"caption":"Bakery Folies"},"image":{"@id":"https:\/\/bakeryfolies.com\/fr\/#\/schema\/logo\/image\/"}}]}},"_links":{"self":[{"href":"https:\/\/bakeryfolies.com\/fr\/wp-json\/wp\/v2\/product\/3219","targetHints":{"allow":["GET"]}}],"collection":[{"href":"https:\/\/bakeryfolies.com\/fr\/wp-json\/wp\/v2\/product"}],"about":[{"href":"https:\/\/bakeryfolies.com\/fr\/wp-json\/wp\/v2\/types\/product"}],"wp:featuredmedia":[{"embeddable":true,"href":"https:\/\/bakeryfolies.com\/fr\/wp-json\/wp\/v2\/media\/3222"}],"wp:attachment":[{"href":"https:\/\/bakeryfolies.com\/fr\/wp-json\/wp\/v2\/media?parent=3219"}],"wp:term":[{"taxonomy":"product_brand","embeddable":true,"href":"https:\/\/bakeryfolies.com\/fr\/wp-json\/wp\/v2\/product_brand?post=3219"},{"taxonomy":"product_cat","embeddable":true,"href":"https:\/\/bakeryfolies.com\/fr\/wp-json\/wp\/v2\/product_cat?post=3219"},{"taxonomy":"product_tag","embeddable":true,"href":"https:\/\/bakeryfolies.com\/fr\/wp-json\/wp\/v2\/product_tag?post=3219"}],"curies":[{"name":"wp","href":"https:\/\/api.w.org\/{rel}","templated":true}]}}