{"id":3052,"date":"2025-10-15T18:17:18","date_gmt":"2025-10-15T18:17:18","guid":{"rendered":"https:\/\/bakeryfolies.com\/?post_type=product&#038;p=3052"},"modified":"2025-11-06T12:06:30","modified_gmt":"2025-11-06T12:06:30","slug":"baguette-neositon-multigrains-sans-gluten","status":"publish","type":"product","link":"https:\/\/bakeryfolies.com\/fr\/shop\/baguette-neositon-multigrains-sans-gluten\/","title":{"rendered":"Petits pains Lepikon \u2013 millet nature sans gluten \u2013 6 pcs"},"content":{"rendered":"<p>Lepikon est un petit pain sans gluten \u00e0 base de millet \u2014 pur, nourrissant et l\u00e9ger en go\u00fbt. Ces petits pains naturels ont une structure douce et a\u00e9r\u00e9e et un ar\u00f4me subtil de c\u00e9r\u00e9ales. Pr\u00e9par\u00e9s artisanalement avec des ingr\u00e9dients sans gluten soigneusement s\u00e9lectionn\u00e9s, sans additifs inutiles. Parfait pour ceux qui mangent sans gluten et aiment la simplicit\u00e9 et la qualit\u00e9.<\/p>\n","protected":false},"excerpt":{"rendered":"<p>Lepikon est un petit pain sans gluten \u00e0 base de millet \u2014 pur, nourrissant et l\u00e9ger en go\u00fbt. Ces petits pains naturels ont une structure douce et a\u00e9r\u00e9e et un ar\u00f4me subtil de c\u00e9r\u00e9ales. Pr\u00e9par\u00e9s artisanalement avec des ingr\u00e9dients sans gluten soigneusement s\u00e9lectionn\u00e9s, sans additifs inutiles. Parfait pour ceux qui mangent sans gluten et aiment [&hellip;]<\/p>\n","protected":false},"featured_media":3055,"template":"","meta":{"_acf_changed":false},"product_brand":[],"product_cat":[113],"product_tag":[],"class_list":{"0":"post-3052","1":"product","2":"type-product","3":"status-publish","4":"has-post-thumbnail","6":"product_cat-gluten-free","8":"first","9":"instock","10":"shipping-taxable","11":"product-type-simple"},"acf":[],"yoast_head":"<!-- This site is optimized with the Yoast SEO plugin v27.4 - https:\/\/yoast.com\/product\/yoast-seo-wordpress\/ -->\n<title>Petits pains Lepikon - millet nature sans gluten - 6 pcs - Bakery Folies<\/title>\n<meta name=\"description\" content=\"Les Lepikon sont des petits pains sans gluten au millet : purs, nourrissants et l\u00e9gers. Pr\u00e9par\u00e9s artisanalement avec des ingr\u00e9dients soigneusement s\u00e9lectionn\u00e9s. Emballage : 6 pi\u00e8ces.\" \/>\n<meta name=\"robots\" content=\"index, follow, max-snippet:-1, max-image-preview:large, max-video-preview:-1\" \/>\n<link rel=\"canonical\" href=\"https:\/\/bakeryfolies.com\/fr\/shop\/baguette-neositon-multigrains-sans-gluten\/\" \/>\n<meta property=\"og:locale\" content=\"fr_FR\" \/>\n<meta property=\"og:type\" content=\"article\" \/>\n<meta property=\"og:title\" content=\"Petits pains Lepikon - millet nature sans gluten - 6 pcs - Bakery Folies\" \/>\n<meta property=\"og:description\" content=\"Les Lepikon sont des petits pains sans gluten au millet : purs, nourrissants et l\u00e9gers. Pr\u00e9par\u00e9s artisanalement avec des ingr\u00e9dients soigneusement s\u00e9lectionn\u00e9s. Emballage : 6 pi\u00e8ces.\" \/>\n<meta property=\"og:url\" content=\"https:\/\/bakeryfolies.com\/fr\/shop\/baguette-neositon-multigrains-sans-gluten\/\" \/>\n<meta property=\"og:site_name\" content=\"Bakery Folies\" \/>\n<meta property=\"article:modified_time\" content=\"2025-11-06T12:06:30+00:00\" \/>\n<meta property=\"og:image\" content=\"https:\/\/bakeryfolies.com\/wp-content\/uploads\/2025\/10\/Lepikon-gluten-free-gierst-millet-bread.jpg.png\" \/>\n\t<meta property=\"og:image:width\" content=\"605\" \/>\n\t<meta property=\"og:image:height\" content=\"581\" \/>\n\t<meta property=\"og:image:type\" content=\"image\/png\" \/>\n<meta name=\"twitter:card\" content=\"summary_large_image\" \/>\n<meta name=\"twitter:label1\" content=\"Dur\u00e9e de lecture estim\u00e9e\" \/>\n\t<meta name=\"twitter:data1\" content=\"1 minute\" \/>\n<script type=\"application\/ld+json\" class=\"yoast-schema-graph\">{\"@context\":\"https:\\\/\\\/schema.org\",\"@graph\":[{\"@type\":\"WebPage\",\"@id\":\"https:\\\/\\\/bakeryfolies.com\\\/fr\\\/shop\\\/baguette-neositon-multigrains-sans-gluten\\\/\",\"url\":\"https:\\\/\\\/bakeryfolies.com\\\/fr\\\/shop\\\/baguette-neositon-multigrains-sans-gluten\\\/\",\"name\":\"Petits pains Lepikon - millet nature sans gluten - 6 pcs - Bakery Folies\",\"isPartOf\":{\"@id\":\"https:\\\/\\\/bakeryfolies.com\\\/fr\\\/#website\"},\"primaryImageOfPage\":{\"@id\":\"https:\\\/\\\/bakeryfolies.com\\\/fr\\\/shop\\\/baguette-neositon-multigrains-sans-gluten\\\/#primaryimage\"},\"image\":{\"@id\":\"https:\\\/\\\/bakeryfolies.com\\\/fr\\\/shop\\\/baguette-neositon-multigrains-sans-gluten\\\/#primaryimage\"},\"thumbnailUrl\":\"https:\\\/\\\/bakeryfolies.com\\\/wp-content\\\/uploads\\\/2025\\\/10\\\/Lepikon-gluten-free-gierst-millet-bread.jpg.png\",\"datePublished\":\"2025-10-15T18:17:18+00:00\",\"dateModified\":\"2025-11-06T12:06:30+00:00\",\"description\":\"Les Lepikon sont des petits pains sans gluten au millet : purs, nourrissants et l\u00e9gers. Pr\u00e9par\u00e9s artisanalement avec des ingr\u00e9dients soigneusement s\u00e9lectionn\u00e9s. Emballage : 6 pi\u00e8ces.\",\"breadcrumb\":{\"@id\":\"https:\\\/\\\/bakeryfolies.com\\\/fr\\\/shop\\\/baguette-neositon-multigrains-sans-gluten\\\/#breadcrumb\"},\"inLanguage\":\"fr-FR\",\"potentialAction\":[{\"@type\":\"ReadAction\",\"target\":[\"https:\\\/\\\/bakeryfolies.com\\\/fr\\\/shop\\\/baguette-neositon-multigrains-sans-gluten\\\/\"]}]},{\"@type\":\"ImageObject\",\"inLanguage\":\"fr-FR\",\"@id\":\"https:\\\/\\\/bakeryfolies.com\\\/fr\\\/shop\\\/baguette-neositon-multigrains-sans-gluten\\\/#primaryimage\",\"url\":\"https:\\\/\\\/bakeryfolies.com\\\/wp-content\\\/uploads\\\/2025\\\/10\\\/Lepikon-gluten-free-gierst-millet-bread.jpg.png\",\"contentUrl\":\"https:\\\/\\\/bakeryfolies.com\\\/wp-content\\\/uploads\\\/2025\\\/10\\\/Lepikon-gluten-free-gierst-millet-bread.jpg.png\",\"width\":605,\"height\":581},{\"@type\":\"BreadcrumbList\",\"@id\":\"https:\\\/\\\/bakeryfolies.com\\\/fr\\\/shop\\\/baguette-neositon-multigrains-sans-gluten\\\/#breadcrumb\",\"itemListElement\":[{\"@type\":\"ListItem\",\"position\":1,\"name\":\"Accueil\",\"item\":\"https:\\\/\\\/bakeryfolies.com\\\/fr\\\/\"},{\"@type\":\"ListItem\",\"position\":2,\"name\":\"Petits pains Lepikon \u2013 millet nature sans gluten \u2013 6 pcs\"}]},{\"@type\":\"WebSite\",\"@id\":\"https:\\\/\\\/bakeryfolies.com\\\/fr\\\/#website\",\"url\":\"https:\\\/\\\/bakeryfolies.com\\\/fr\\\/\",\"name\":\"Bakery Folies\",\"description\":\"\",\"publisher\":{\"@id\":\"https:\\\/\\\/bakeryfolies.com\\\/fr\\\/#organization\"},\"potentialAction\":[{\"@type\":\"SearchAction\",\"target\":{\"@type\":\"EntryPoint\",\"urlTemplate\":\"https:\\\/\\\/bakeryfolies.com\\\/fr\\\/?s={search_term_string}\"},\"query-input\":{\"@type\":\"PropertyValueSpecification\",\"valueRequired\":true,\"valueName\":\"search_term_string\"}}],\"inLanguage\":\"fr-FR\"},{\"@type\":\"Organization\",\"@id\":\"https:\\\/\\\/bakeryfolies.com\\\/fr\\\/#organization\",\"name\":\"Bakery Folies\",\"url\":\"https:\\\/\\\/bakeryfolies.com\\\/fr\\\/\",\"logo\":{\"@type\":\"ImageObject\",\"inLanguage\":\"fr-FR\",\"@id\":\"https:\\\/\\\/bakeryfolies.com\\\/fr\\\/#\\\/schema\\\/logo\\\/image\\\/\",\"url\":\"https:\\\/\\\/bakeryfolies.com\\\/wp-content\\\/uploads\\\/2025\\\/09\\\/premium_zwart-scaled.png\",\"contentUrl\":\"https:\\\/\\\/bakeryfolies.com\\\/wp-content\\\/uploads\\\/2025\\\/09\\\/premium_zwart-scaled.png\",\"width\":2560,\"height\":829,\"caption\":\"Bakery Folies\"},\"image\":{\"@id\":\"https:\\\/\\\/bakeryfolies.com\\\/fr\\\/#\\\/schema\\\/logo\\\/image\\\/\"}}]}<\/script>\n<!-- \/ Yoast SEO plugin. -->","yoast_head_json":{"title":"Petits pains Lepikon - millet nature sans gluten - 6 pcs - Bakery Folies","description":"Les Lepikon sont des petits pains sans gluten au millet : purs, nourrissants et l\u00e9gers. Pr\u00e9par\u00e9s artisanalement avec des ingr\u00e9dients soigneusement s\u00e9lectionn\u00e9s. Emballage : 6 pi\u00e8ces.","robots":{"index":"index","follow":"follow","max-snippet":"max-snippet:-1","max-image-preview":"max-image-preview:large","max-video-preview":"max-video-preview:-1"},"canonical":"https:\/\/bakeryfolies.com\/fr\/shop\/baguette-neositon-multigrains-sans-gluten\/","og_locale":"fr_FR","og_type":"article","og_title":"Petits pains Lepikon - millet nature sans gluten - 6 pcs - Bakery Folies","og_description":"Les Lepikon sont des petits pains sans gluten au millet : purs, nourrissants et l\u00e9gers. Pr\u00e9par\u00e9s artisanalement avec des ingr\u00e9dients soigneusement s\u00e9lectionn\u00e9s. Emballage : 6 pi\u00e8ces.","og_url":"https:\/\/bakeryfolies.com\/fr\/shop\/baguette-neositon-multigrains-sans-gluten\/","og_site_name":"Bakery Folies","article_modified_time":"2025-11-06T12:06:30+00:00","og_image":[{"width":605,"height":581,"url":"https:\/\/bakeryfolies.com\/wp-content\/uploads\/2025\/10\/Lepikon-gluten-free-gierst-millet-bread.jpg.png","type":"image\/png"}],"twitter_card":"summary_large_image","twitter_misc":{"Dur\u00e9e de lecture estim\u00e9e":"1 minute"},"schema":{"@context":"https:\/\/schema.org","@graph":[{"@type":"WebPage","@id":"https:\/\/bakeryfolies.com\/fr\/shop\/baguette-neositon-multigrains-sans-gluten\/","url":"https:\/\/bakeryfolies.com\/fr\/shop\/baguette-neositon-multigrains-sans-gluten\/","name":"Petits pains Lepikon - millet nature sans gluten - 6 pcs - Bakery Folies","isPartOf":{"@id":"https:\/\/bakeryfolies.com\/fr\/#website"},"primaryImageOfPage":{"@id":"https:\/\/bakeryfolies.com\/fr\/shop\/baguette-neositon-multigrains-sans-gluten\/#primaryimage"},"image":{"@id":"https:\/\/bakeryfolies.com\/fr\/shop\/baguette-neositon-multigrains-sans-gluten\/#primaryimage"},"thumbnailUrl":"https:\/\/bakeryfolies.com\/wp-content\/uploads\/2025\/10\/Lepikon-gluten-free-gierst-millet-bread.jpg.png","datePublished":"2025-10-15T18:17:18+00:00","dateModified":"2025-11-06T12:06:30+00:00","description":"Les Lepikon sont des petits pains sans gluten au millet : purs, nourrissants et l\u00e9gers. Pr\u00e9par\u00e9s artisanalement avec des ingr\u00e9dients soigneusement s\u00e9lectionn\u00e9s. Emballage : 6 pi\u00e8ces.","breadcrumb":{"@id":"https:\/\/bakeryfolies.com\/fr\/shop\/baguette-neositon-multigrains-sans-gluten\/#breadcrumb"},"inLanguage":"fr-FR","potentialAction":[{"@type":"ReadAction","target":["https:\/\/bakeryfolies.com\/fr\/shop\/baguette-neositon-multigrains-sans-gluten\/"]}]},{"@type":"ImageObject","inLanguage":"fr-FR","@id":"https:\/\/bakeryfolies.com\/fr\/shop\/baguette-neositon-multigrains-sans-gluten\/#primaryimage","url":"https:\/\/bakeryfolies.com\/wp-content\/uploads\/2025\/10\/Lepikon-gluten-free-gierst-millet-bread.jpg.png","contentUrl":"https:\/\/bakeryfolies.com\/wp-content\/uploads\/2025\/10\/Lepikon-gluten-free-gierst-millet-bread.jpg.png","width":605,"height":581},{"@type":"BreadcrumbList","@id":"https:\/\/bakeryfolies.com\/fr\/shop\/baguette-neositon-multigrains-sans-gluten\/#breadcrumb","itemListElement":[{"@type":"ListItem","position":1,"name":"Accueil","item":"https:\/\/bakeryfolies.com\/fr\/"},{"@type":"ListItem","position":2,"name":"Petits pains Lepikon \u2013 millet nature sans gluten \u2013 6 pcs"}]},{"@type":"WebSite","@id":"https:\/\/bakeryfolies.com\/fr\/#website","url":"https:\/\/bakeryfolies.com\/fr\/","name":"Bakery Folies","description":"","publisher":{"@id":"https:\/\/bakeryfolies.com\/fr\/#organization"},"potentialAction":[{"@type":"SearchAction","target":{"@type":"EntryPoint","urlTemplate":"https:\/\/bakeryfolies.com\/fr\/?s={search_term_string}"},"query-input":{"@type":"PropertyValueSpecification","valueRequired":true,"valueName":"search_term_string"}}],"inLanguage":"fr-FR"},{"@type":"Organization","@id":"https:\/\/bakeryfolies.com\/fr\/#organization","name":"Bakery Folies","url":"https:\/\/bakeryfolies.com\/fr\/","logo":{"@type":"ImageObject","inLanguage":"fr-FR","@id":"https:\/\/bakeryfolies.com\/fr\/#\/schema\/logo\/image\/","url":"https:\/\/bakeryfolies.com\/wp-content\/uploads\/2025\/09\/premium_zwart-scaled.png","contentUrl":"https:\/\/bakeryfolies.com\/wp-content\/uploads\/2025\/09\/premium_zwart-scaled.png","width":2560,"height":829,"caption":"Bakery Folies"},"image":{"@id":"https:\/\/bakeryfolies.com\/fr\/#\/schema\/logo\/image\/"}}]}},"_links":{"self":[{"href":"https:\/\/bakeryfolies.com\/fr\/wp-json\/wp\/v2\/product\/3052","targetHints":{"allow":["GET"]}}],"collection":[{"href":"https:\/\/bakeryfolies.com\/fr\/wp-json\/wp\/v2\/product"}],"about":[{"href":"https:\/\/bakeryfolies.com\/fr\/wp-json\/wp\/v2\/types\/product"}],"wp:featuredmedia":[{"embeddable":true,"href":"https:\/\/bakeryfolies.com\/fr\/wp-json\/wp\/v2\/media\/3055"}],"wp:attachment":[{"href":"https:\/\/bakeryfolies.com\/fr\/wp-json\/wp\/v2\/media?parent=3052"}],"wp:term":[{"taxonomy":"product_brand","embeddable":true,"href":"https:\/\/bakeryfolies.com\/fr\/wp-json\/wp\/v2\/product_brand?post=3052"},{"taxonomy":"product_cat","embeddable":true,"href":"https:\/\/bakeryfolies.com\/fr\/wp-json\/wp\/v2\/product_cat?post=3052"},{"taxonomy":"product_tag","embeddable":true,"href":"https:\/\/bakeryfolies.com\/fr\/wp-json\/wp\/v2\/product_tag?post=3052"}],"curies":[{"name":"wp","href":"https:\/\/api.w.org\/{rel}","templated":true}]}}