{"id":3046,"date":"2025-10-15T18:09:04","date_gmt":"2025-10-15T18:09:04","guid":{"rendered":"https:\/\/bakeryfolies.com\/?post_type=product&#038;p=3046"},"modified":"2025-11-05T20:25:43","modified_gmt":"2025-11-05T20:25:43","slug":"pain-spora-multigrains-sans-gluten","status":"publish","type":"product","link":"https:\/\/bakeryfolies.com\/fr\/shop\/pain-spora-multigrains-sans-gluten\/","title":{"rendered":"Baguette Neositon \u2013 sans gluten multic\u00e9r\u00e9ales \u2013 2 pcs"},"content":{"rendered":"<p>Ces baguettes multigrains sans gluten combinent une composition nutritive avec une saveur artisanale d\u00e9licieuse. Fabriqu\u00e9es avec des c\u00e9r\u00e9ales et des graines sans gluten soigneusement s\u00e9lectionn\u00e9es, et cuites pour une cro\u00fbte croustillante et un int\u00e9rieur a\u00e9r\u00e9. Parfaites pour partager ou servir individuellement \u00e0 chaque repas. Id\u00e9ales pour ceux qui mangent sans gluten sans sacrifier la qualit\u00e9 ou le plaisir.<\/p>\n","protected":false},"excerpt":{"rendered":"<p>Ces baguettes multigrains sans gluten combinent une composition nutritive avec une saveur artisanale d\u00e9licieuse. Fabriqu\u00e9es avec des c\u00e9r\u00e9ales et des graines sans gluten soigneusement s\u00e9lectionn\u00e9es, et cuites pour une cro\u00fbte croustillante et un int\u00e9rieur a\u00e9r\u00e9. Parfaites pour partager ou servir individuellement \u00e0 chaque repas. Id\u00e9ales pour ceux qui mangent sans gluten sans sacrifier la qualit\u00e9 [&hellip;]<\/p>\n","protected":false},"featured_media":3049,"template":"","meta":{"_acf_changed":false},"product_brand":[],"product_cat":[113],"product_tag":[],"class_list":{"0":"post-3046","1":"product","2":"type-product","3":"status-publish","4":"has-post-thumbnail","6":"product_cat-gluten-free","8":"first","9":"instock","10":"shipping-taxable","11":"product-type-simple"},"acf":[],"yoast_head":"<!-- This site is optimized with the Yoast SEO plugin v27.4 - https:\/\/yoast.com\/product\/yoast-seo-wordpress\/ -->\n<title>Baguette Neositon - sans gluten multic\u00e9r\u00e9ales - 2 pcs - Bakery Folies<\/title>\n<meta name=\"description\" content=\"Baguettes multigrains artisanales sans gluten avec une cro\u00fbte croustillante et une mie a\u00e9r\u00e9e. Fabriqu\u00e9es avec des c\u00e9r\u00e9ales et des graines sans gluten soigneusement s\u00e9lectionn\u00e9es.\" \/>\n<meta name=\"robots\" content=\"index, follow, max-snippet:-1, max-image-preview:large, max-video-preview:-1\" \/>\n<link rel=\"canonical\" href=\"https:\/\/bakeryfolies.com\/fr\/shop\/pain-spora-multigrains-sans-gluten\/\" \/>\n<meta property=\"og:locale\" content=\"fr_FR\" \/>\n<meta property=\"og:type\" content=\"article\" \/>\n<meta property=\"og:title\" content=\"Baguette Neositon - sans gluten multic\u00e9r\u00e9ales - 2 pcs - Bakery Folies\" \/>\n<meta property=\"og:description\" content=\"Baguettes multigrains artisanales sans gluten avec une cro\u00fbte croustillante et une mie a\u00e9r\u00e9e. Fabriqu\u00e9es avec des c\u00e9r\u00e9ales et des graines sans gluten soigneusement s\u00e9lectionn\u00e9es.\" \/>\n<meta property=\"og:url\" content=\"https:\/\/bakeryfolies.com\/fr\/shop\/pain-spora-multigrains-sans-gluten\/\" \/>\n<meta property=\"og:site_name\" content=\"Bakery Folies\" \/>\n<meta property=\"article:modified_time\" content=\"2025-11-05T20:25:43+00:00\" \/>\n<meta property=\"og:image\" content=\"https:\/\/bakeryfolies.com\/wp-content\/uploads\/2025\/10\/Neosition-gluten-free-multigrain-baguettes.jpg.png\" \/>\n\t<meta property=\"og:image:width\" content=\"605\" \/>\n\t<meta property=\"og:image:height\" content=\"581\" \/>\n\t<meta property=\"og:image:type\" content=\"image\/png\" \/>\n<meta name=\"twitter:card\" content=\"summary_large_image\" \/>\n<meta name=\"twitter:label1\" content=\"Dur\u00e9e de lecture estim\u00e9e\" \/>\n\t<meta name=\"twitter:data1\" content=\"1 minute\" \/>\n<script type=\"application\/ld+json\" class=\"yoast-schema-graph\">{\"@context\":\"https:\\\/\\\/schema.org\",\"@graph\":[{\"@type\":\"WebPage\",\"@id\":\"https:\\\/\\\/bakeryfolies.com\\\/fr\\\/shop\\\/pain-spora-multigrains-sans-gluten\\\/\",\"url\":\"https:\\\/\\\/bakeryfolies.com\\\/fr\\\/shop\\\/pain-spora-multigrains-sans-gluten\\\/\",\"name\":\"Baguette Neositon - sans gluten multic\u00e9r\u00e9ales - 2 pcs - Bakery Folies\",\"isPartOf\":{\"@id\":\"https:\\\/\\\/bakeryfolies.com\\\/fr\\\/#website\"},\"primaryImageOfPage\":{\"@id\":\"https:\\\/\\\/bakeryfolies.com\\\/fr\\\/shop\\\/pain-spora-multigrains-sans-gluten\\\/#primaryimage\"},\"image\":{\"@id\":\"https:\\\/\\\/bakeryfolies.com\\\/fr\\\/shop\\\/pain-spora-multigrains-sans-gluten\\\/#primaryimage\"},\"thumbnailUrl\":\"https:\\\/\\\/bakeryfolies.com\\\/wp-content\\\/uploads\\\/2025\\\/10\\\/Neosition-gluten-free-multigrain-baguettes.jpg.png\",\"datePublished\":\"2025-10-15T18:09:04+00:00\",\"dateModified\":\"2025-11-05T20:25:43+00:00\",\"description\":\"Baguettes multigrains artisanales sans gluten avec une cro\u00fbte croustillante et une mie a\u00e9r\u00e9e. Fabriqu\u00e9es avec des c\u00e9r\u00e9ales et des graines sans gluten soigneusement s\u00e9lectionn\u00e9es.\",\"breadcrumb\":{\"@id\":\"https:\\\/\\\/bakeryfolies.com\\\/fr\\\/shop\\\/pain-spora-multigrains-sans-gluten\\\/#breadcrumb\"},\"inLanguage\":\"fr-FR\",\"potentialAction\":[{\"@type\":\"ReadAction\",\"target\":[\"https:\\\/\\\/bakeryfolies.com\\\/fr\\\/shop\\\/pain-spora-multigrains-sans-gluten\\\/\"]}]},{\"@type\":\"ImageObject\",\"inLanguage\":\"fr-FR\",\"@id\":\"https:\\\/\\\/bakeryfolies.com\\\/fr\\\/shop\\\/pain-spora-multigrains-sans-gluten\\\/#primaryimage\",\"url\":\"https:\\\/\\\/bakeryfolies.com\\\/wp-content\\\/uploads\\\/2025\\\/10\\\/Neosition-gluten-free-multigrain-baguettes.jpg.png\",\"contentUrl\":\"https:\\\/\\\/bakeryfolies.com\\\/wp-content\\\/uploads\\\/2025\\\/10\\\/Neosition-gluten-free-multigrain-baguettes.jpg.png\",\"width\":605,\"height\":581},{\"@type\":\"BreadcrumbList\",\"@id\":\"https:\\\/\\\/bakeryfolies.com\\\/fr\\\/shop\\\/pain-spora-multigrains-sans-gluten\\\/#breadcrumb\",\"itemListElement\":[{\"@type\":\"ListItem\",\"position\":1,\"name\":\"Accueil\",\"item\":\"https:\\\/\\\/bakeryfolies.com\\\/fr\\\/\"},{\"@type\":\"ListItem\",\"position\":2,\"name\":\"Baguette Neositon \u2013 sans gluten multic\u00e9r\u00e9ales \u2013 2 pcs\"}]},{\"@type\":\"WebSite\",\"@id\":\"https:\\\/\\\/bakeryfolies.com\\\/fr\\\/#website\",\"url\":\"https:\\\/\\\/bakeryfolies.com\\\/fr\\\/\",\"name\":\"Bakery Folies\",\"description\":\"\",\"publisher\":{\"@id\":\"https:\\\/\\\/bakeryfolies.com\\\/fr\\\/#organization\"},\"potentialAction\":[{\"@type\":\"SearchAction\",\"target\":{\"@type\":\"EntryPoint\",\"urlTemplate\":\"https:\\\/\\\/bakeryfolies.com\\\/fr\\\/?s={search_term_string}\"},\"query-input\":{\"@type\":\"PropertyValueSpecification\",\"valueRequired\":true,\"valueName\":\"search_term_string\"}}],\"inLanguage\":\"fr-FR\"},{\"@type\":\"Organization\",\"@id\":\"https:\\\/\\\/bakeryfolies.com\\\/fr\\\/#organization\",\"name\":\"Bakery Folies\",\"url\":\"https:\\\/\\\/bakeryfolies.com\\\/fr\\\/\",\"logo\":{\"@type\":\"ImageObject\",\"inLanguage\":\"fr-FR\",\"@id\":\"https:\\\/\\\/bakeryfolies.com\\\/fr\\\/#\\\/schema\\\/logo\\\/image\\\/\",\"url\":\"https:\\\/\\\/bakeryfolies.com\\\/wp-content\\\/uploads\\\/2025\\\/09\\\/premium_zwart-scaled.png\",\"contentUrl\":\"https:\\\/\\\/bakeryfolies.com\\\/wp-content\\\/uploads\\\/2025\\\/09\\\/premium_zwart-scaled.png\",\"width\":2560,\"height\":829,\"caption\":\"Bakery Folies\"},\"image\":{\"@id\":\"https:\\\/\\\/bakeryfolies.com\\\/fr\\\/#\\\/schema\\\/logo\\\/image\\\/\"}}]}<\/script>\n<!-- \/ Yoast SEO plugin. -->","yoast_head_json":{"title":"Baguette Neositon - sans gluten multic\u00e9r\u00e9ales - 2 pcs - Bakery Folies","description":"Baguettes multigrains artisanales sans gluten avec une cro\u00fbte croustillante et une mie a\u00e9r\u00e9e. Fabriqu\u00e9es avec des c\u00e9r\u00e9ales et des graines sans gluten soigneusement s\u00e9lectionn\u00e9es.","robots":{"index":"index","follow":"follow","max-snippet":"max-snippet:-1","max-image-preview":"max-image-preview:large","max-video-preview":"max-video-preview:-1"},"canonical":"https:\/\/bakeryfolies.com\/fr\/shop\/pain-spora-multigrains-sans-gluten\/","og_locale":"fr_FR","og_type":"article","og_title":"Baguette Neositon - sans gluten multic\u00e9r\u00e9ales - 2 pcs - Bakery Folies","og_description":"Baguettes multigrains artisanales sans gluten avec une cro\u00fbte croustillante et une mie a\u00e9r\u00e9e. Fabriqu\u00e9es avec des c\u00e9r\u00e9ales et des graines sans gluten soigneusement s\u00e9lectionn\u00e9es.","og_url":"https:\/\/bakeryfolies.com\/fr\/shop\/pain-spora-multigrains-sans-gluten\/","og_site_name":"Bakery Folies","article_modified_time":"2025-11-05T20:25:43+00:00","og_image":[{"width":605,"height":581,"url":"https:\/\/bakeryfolies.com\/wp-content\/uploads\/2025\/10\/Neosition-gluten-free-multigrain-baguettes.jpg.png","type":"image\/png"}],"twitter_card":"summary_large_image","twitter_misc":{"Dur\u00e9e de lecture estim\u00e9e":"1 minute"},"schema":{"@context":"https:\/\/schema.org","@graph":[{"@type":"WebPage","@id":"https:\/\/bakeryfolies.com\/fr\/shop\/pain-spora-multigrains-sans-gluten\/","url":"https:\/\/bakeryfolies.com\/fr\/shop\/pain-spora-multigrains-sans-gluten\/","name":"Baguette Neositon - sans gluten multic\u00e9r\u00e9ales - 2 pcs - Bakery Folies","isPartOf":{"@id":"https:\/\/bakeryfolies.com\/fr\/#website"},"primaryImageOfPage":{"@id":"https:\/\/bakeryfolies.com\/fr\/shop\/pain-spora-multigrains-sans-gluten\/#primaryimage"},"image":{"@id":"https:\/\/bakeryfolies.com\/fr\/shop\/pain-spora-multigrains-sans-gluten\/#primaryimage"},"thumbnailUrl":"https:\/\/bakeryfolies.com\/wp-content\/uploads\/2025\/10\/Neosition-gluten-free-multigrain-baguettes.jpg.png","datePublished":"2025-10-15T18:09:04+00:00","dateModified":"2025-11-05T20:25:43+00:00","description":"Baguettes multigrains artisanales sans gluten avec une cro\u00fbte croustillante et une mie a\u00e9r\u00e9e. Fabriqu\u00e9es avec des c\u00e9r\u00e9ales et des graines sans gluten soigneusement s\u00e9lectionn\u00e9es.","breadcrumb":{"@id":"https:\/\/bakeryfolies.com\/fr\/shop\/pain-spora-multigrains-sans-gluten\/#breadcrumb"},"inLanguage":"fr-FR","potentialAction":[{"@type":"ReadAction","target":["https:\/\/bakeryfolies.com\/fr\/shop\/pain-spora-multigrains-sans-gluten\/"]}]},{"@type":"ImageObject","inLanguage":"fr-FR","@id":"https:\/\/bakeryfolies.com\/fr\/shop\/pain-spora-multigrains-sans-gluten\/#primaryimage","url":"https:\/\/bakeryfolies.com\/wp-content\/uploads\/2025\/10\/Neosition-gluten-free-multigrain-baguettes.jpg.png","contentUrl":"https:\/\/bakeryfolies.com\/wp-content\/uploads\/2025\/10\/Neosition-gluten-free-multigrain-baguettes.jpg.png","width":605,"height":581},{"@type":"BreadcrumbList","@id":"https:\/\/bakeryfolies.com\/fr\/shop\/pain-spora-multigrains-sans-gluten\/#breadcrumb","itemListElement":[{"@type":"ListItem","position":1,"name":"Accueil","item":"https:\/\/bakeryfolies.com\/fr\/"},{"@type":"ListItem","position":2,"name":"Baguette Neositon \u2013 sans gluten multic\u00e9r\u00e9ales \u2013 2 pcs"}]},{"@type":"WebSite","@id":"https:\/\/bakeryfolies.com\/fr\/#website","url":"https:\/\/bakeryfolies.com\/fr\/","name":"Bakery Folies","description":"","publisher":{"@id":"https:\/\/bakeryfolies.com\/fr\/#organization"},"potentialAction":[{"@type":"SearchAction","target":{"@type":"EntryPoint","urlTemplate":"https:\/\/bakeryfolies.com\/fr\/?s={search_term_string}"},"query-input":{"@type":"PropertyValueSpecification","valueRequired":true,"valueName":"search_term_string"}}],"inLanguage":"fr-FR"},{"@type":"Organization","@id":"https:\/\/bakeryfolies.com\/fr\/#organization","name":"Bakery Folies","url":"https:\/\/bakeryfolies.com\/fr\/","logo":{"@type":"ImageObject","inLanguage":"fr-FR","@id":"https:\/\/bakeryfolies.com\/fr\/#\/schema\/logo\/image\/","url":"https:\/\/bakeryfolies.com\/wp-content\/uploads\/2025\/09\/premium_zwart-scaled.png","contentUrl":"https:\/\/bakeryfolies.com\/wp-content\/uploads\/2025\/09\/premium_zwart-scaled.png","width":2560,"height":829,"caption":"Bakery Folies"},"image":{"@id":"https:\/\/bakeryfolies.com\/fr\/#\/schema\/logo\/image\/"}}]}},"_links":{"self":[{"href":"https:\/\/bakeryfolies.com\/fr\/wp-json\/wp\/v2\/product\/3046","targetHints":{"allow":["GET"]}}],"collection":[{"href":"https:\/\/bakeryfolies.com\/fr\/wp-json\/wp\/v2\/product"}],"about":[{"href":"https:\/\/bakeryfolies.com\/fr\/wp-json\/wp\/v2\/types\/product"}],"wp:featuredmedia":[{"embeddable":true,"href":"https:\/\/bakeryfolies.com\/fr\/wp-json\/wp\/v2\/media\/3049"}],"wp:attachment":[{"href":"https:\/\/bakeryfolies.com\/fr\/wp-json\/wp\/v2\/media?parent=3046"}],"wp:term":[{"taxonomy":"product_brand","embeddable":true,"href":"https:\/\/bakeryfolies.com\/fr\/wp-json\/wp\/v2\/product_brand?post=3046"},{"taxonomy":"product_cat","embeddable":true,"href":"https:\/\/bakeryfolies.com\/fr\/wp-json\/wp\/v2\/product_cat?post=3046"},{"taxonomy":"product_tag","embeddable":true,"href":"https:\/\/bakeryfolies.com\/fr\/wp-json\/wp\/v2\/product_tag?post=3046"}],"curies":[{"name":"wp","href":"https:\/\/api.w.org\/{rel}","templated":true}]}}