{"id":3040,"date":"2025-10-15T17:56:39","date_gmt":"2025-10-15T17:56:39","guid":{"rendered":"https:\/\/bakeryfolies.com\/?post_type=product&#038;p=3040"},"modified":"2025-11-06T12:23:47","modified_gmt":"2025-11-06T12:23:47","slug":"pain-leukos-sans-gluten-blanc","status":"publish","type":"product","link":"https:\/\/bakeryfolies.com\/fr\/shop\/pain-leukos-sans-gluten-blanc\/","title":{"rendered":"Pain Spora \u2013 multigrains sans gluten \u2013 1 pi\u00e8ce"},"content":{"rendered":"<p>Spora est un pain multigrains sans gluten qui allie artisanat et richesse nutritionnelle. Fabriqu\u00e9 avec des c\u00e9r\u00e9ales et des graines sans gluten soigneusement s\u00e9lectionn\u00e9es pour une saveur pleine et riche et une texture nourrissante. Ce pain combine une structure ferme avec une mie l\u00e9g\u00e8re, id\u00e9al pour ceux qui mangent sans gluten sans sacrifier la qualit\u00e9 ou le plaisir. Parfait pour un usage quotidien, les garnitures sal\u00e9es et sucr\u00e9es sont parfaitement mises en valeur.<\/p>\n","protected":false},"excerpt":{"rendered":"<p>Spora est un pain multigrains sans gluten qui allie artisanat et richesse nutritionnelle. Fabriqu\u00e9 avec des c\u00e9r\u00e9ales et des graines sans gluten soigneusement s\u00e9lectionn\u00e9es pour une saveur pleine et riche et une texture nourrissante. Ce pain combine une structure ferme avec une mie l\u00e9g\u00e8re, id\u00e9al pour ceux qui mangent sans gluten sans sacrifier la qualit\u00e9 [&hellip;]<\/p>\n","protected":false},"featured_media":3043,"template":"","meta":{"_acf_changed":false},"product_brand":[],"product_cat":[113],"product_tag":[],"class_list":{"0":"post-3040","1":"product","2":"type-product","3":"status-publish","4":"has-post-thumbnail","6":"product_cat-gluten-free","8":"first","9":"instock","10":"shipping-taxable","11":"product-type-simple"},"acf":[],"yoast_head":"<!-- This site is optimized with the Yoast SEO plugin v27.4 - https:\/\/yoast.com\/product\/yoast-seo-wordpress\/ -->\n<title>Pain Spora - multigrains sans gluten - 1 pi\u00e8ce - Bakery Folies<\/title>\n<meta name=\"description\" content=\"Spora est un pain multigrains sans gluten avec une saveur riche et une structure nutritive. Pr\u00e9par\u00e9 artisanalement avec des c\u00e9r\u00e9ales et des graines sans gluten soigneusement s\u00e9lectionn\u00e9es.\" \/>\n<meta name=\"robots\" content=\"index, follow, max-snippet:-1, max-image-preview:large, max-video-preview:-1\" \/>\n<link rel=\"canonical\" href=\"https:\/\/bakeryfolies.com\/fr\/shop\/pain-leukos-sans-gluten-blanc\/\" \/>\n<meta property=\"og:locale\" content=\"fr_FR\" \/>\n<meta property=\"og:type\" content=\"article\" \/>\n<meta property=\"og:title\" content=\"Pain Spora - multigrains sans gluten - 1 pi\u00e8ce - Bakery Folies\" \/>\n<meta property=\"og:description\" content=\"Spora est un pain multigrains sans gluten avec une saveur riche et une structure nutritive. Pr\u00e9par\u00e9 artisanalement avec des c\u00e9r\u00e9ales et des graines sans gluten soigneusement s\u00e9lectionn\u00e9es.\" \/>\n<meta property=\"og:url\" content=\"https:\/\/bakeryfolies.com\/fr\/shop\/pain-leukos-sans-gluten-blanc\/\" \/>\n<meta property=\"og:site_name\" content=\"Bakery Folies\" \/>\n<meta property=\"article:modified_time\" content=\"2025-11-06T12:23:47+00:00\" \/>\n<meta property=\"og:image\" content=\"https:\/\/bakeryfolies.com\/wp-content\/uploads\/2025\/10\/Spora-gluten-free-multigrain-bread.jpg.png\" \/>\n\t<meta property=\"og:image:width\" content=\"605\" \/>\n\t<meta property=\"og:image:height\" content=\"581\" \/>\n\t<meta property=\"og:image:type\" content=\"image\/png\" \/>\n<meta name=\"twitter:card\" content=\"summary_large_image\" \/>\n<meta name=\"twitter:label1\" content=\"Dur\u00e9e de lecture estim\u00e9e\" \/>\n\t<meta name=\"twitter:data1\" content=\"1 minute\" \/>\n<script type=\"application\/ld+json\" class=\"yoast-schema-graph\">{\"@context\":\"https:\\\/\\\/schema.org\",\"@graph\":[{\"@type\":\"WebPage\",\"@id\":\"https:\\\/\\\/bakeryfolies.com\\\/fr\\\/shop\\\/pain-leukos-sans-gluten-blanc\\\/\",\"url\":\"https:\\\/\\\/bakeryfolies.com\\\/fr\\\/shop\\\/pain-leukos-sans-gluten-blanc\\\/\",\"name\":\"Pain Spora - multigrains sans gluten - 1 pi\u00e8ce - Bakery Folies\",\"isPartOf\":{\"@id\":\"https:\\\/\\\/bakeryfolies.com\\\/fr\\\/#website\"},\"primaryImageOfPage\":{\"@id\":\"https:\\\/\\\/bakeryfolies.com\\\/fr\\\/shop\\\/pain-leukos-sans-gluten-blanc\\\/#primaryimage\"},\"image\":{\"@id\":\"https:\\\/\\\/bakeryfolies.com\\\/fr\\\/shop\\\/pain-leukos-sans-gluten-blanc\\\/#primaryimage\"},\"thumbnailUrl\":\"https:\\\/\\\/bakeryfolies.com\\\/wp-content\\\/uploads\\\/2025\\\/10\\\/Spora-gluten-free-multigrain-bread.jpg.png\",\"datePublished\":\"2025-10-15T17:56:39+00:00\",\"dateModified\":\"2025-11-06T12:23:47+00:00\",\"description\":\"Spora est un pain multigrains sans gluten avec une saveur riche et une structure nutritive. Pr\u00e9par\u00e9 artisanalement avec des c\u00e9r\u00e9ales et des graines sans gluten soigneusement s\u00e9lectionn\u00e9es.\",\"breadcrumb\":{\"@id\":\"https:\\\/\\\/bakeryfolies.com\\\/fr\\\/shop\\\/pain-leukos-sans-gluten-blanc\\\/#breadcrumb\"},\"inLanguage\":\"fr-FR\",\"potentialAction\":[{\"@type\":\"ReadAction\",\"target\":[\"https:\\\/\\\/bakeryfolies.com\\\/fr\\\/shop\\\/pain-leukos-sans-gluten-blanc\\\/\"]}]},{\"@type\":\"ImageObject\",\"inLanguage\":\"fr-FR\",\"@id\":\"https:\\\/\\\/bakeryfolies.com\\\/fr\\\/shop\\\/pain-leukos-sans-gluten-blanc\\\/#primaryimage\",\"url\":\"https:\\\/\\\/bakeryfolies.com\\\/wp-content\\\/uploads\\\/2025\\\/10\\\/Spora-gluten-free-multigrain-bread.jpg.png\",\"contentUrl\":\"https:\\\/\\\/bakeryfolies.com\\\/wp-content\\\/uploads\\\/2025\\\/10\\\/Spora-gluten-free-multigrain-bread.jpg.png\",\"width\":605,\"height\":581},{\"@type\":\"BreadcrumbList\",\"@id\":\"https:\\\/\\\/bakeryfolies.com\\\/fr\\\/shop\\\/pain-leukos-sans-gluten-blanc\\\/#breadcrumb\",\"itemListElement\":[{\"@type\":\"ListItem\",\"position\":1,\"name\":\"Accueil\",\"item\":\"https:\\\/\\\/bakeryfolies.com\\\/fr\\\/\"},{\"@type\":\"ListItem\",\"position\":2,\"name\":\"Pain Spora \u2013 multigrains sans gluten \u2013 1 pi\u00e8ce\"}]},{\"@type\":\"WebSite\",\"@id\":\"https:\\\/\\\/bakeryfolies.com\\\/fr\\\/#website\",\"url\":\"https:\\\/\\\/bakeryfolies.com\\\/fr\\\/\",\"name\":\"Bakery Folies\",\"description\":\"\",\"publisher\":{\"@id\":\"https:\\\/\\\/bakeryfolies.com\\\/fr\\\/#organization\"},\"potentialAction\":[{\"@type\":\"SearchAction\",\"target\":{\"@type\":\"EntryPoint\",\"urlTemplate\":\"https:\\\/\\\/bakeryfolies.com\\\/fr\\\/?s={search_term_string}\"},\"query-input\":{\"@type\":\"PropertyValueSpecification\",\"valueRequired\":true,\"valueName\":\"search_term_string\"}}],\"inLanguage\":\"fr-FR\"},{\"@type\":\"Organization\",\"@id\":\"https:\\\/\\\/bakeryfolies.com\\\/fr\\\/#organization\",\"name\":\"Bakery Folies\",\"url\":\"https:\\\/\\\/bakeryfolies.com\\\/fr\\\/\",\"logo\":{\"@type\":\"ImageObject\",\"inLanguage\":\"fr-FR\",\"@id\":\"https:\\\/\\\/bakeryfolies.com\\\/fr\\\/#\\\/schema\\\/logo\\\/image\\\/\",\"url\":\"https:\\\/\\\/bakeryfolies.com\\\/wp-content\\\/uploads\\\/2025\\\/09\\\/premium_zwart-scaled.png\",\"contentUrl\":\"https:\\\/\\\/bakeryfolies.com\\\/wp-content\\\/uploads\\\/2025\\\/09\\\/premium_zwart-scaled.png\",\"width\":2560,\"height\":829,\"caption\":\"Bakery Folies\"},\"image\":{\"@id\":\"https:\\\/\\\/bakeryfolies.com\\\/fr\\\/#\\\/schema\\\/logo\\\/image\\\/\"}}]}<\/script>\n<!-- \/ Yoast SEO plugin. -->","yoast_head_json":{"title":"Pain Spora - multigrains sans gluten - 1 pi\u00e8ce - Bakery Folies","description":"Spora est un pain multigrains sans gluten avec une saveur riche et une structure nutritive. Pr\u00e9par\u00e9 artisanalement avec des c\u00e9r\u00e9ales et des graines sans gluten soigneusement s\u00e9lectionn\u00e9es.","robots":{"index":"index","follow":"follow","max-snippet":"max-snippet:-1","max-image-preview":"max-image-preview:large","max-video-preview":"max-video-preview:-1"},"canonical":"https:\/\/bakeryfolies.com\/fr\/shop\/pain-leukos-sans-gluten-blanc\/","og_locale":"fr_FR","og_type":"article","og_title":"Pain Spora - multigrains sans gluten - 1 pi\u00e8ce - Bakery Folies","og_description":"Spora est un pain multigrains sans gluten avec une saveur riche et une structure nutritive. Pr\u00e9par\u00e9 artisanalement avec des c\u00e9r\u00e9ales et des graines sans gluten soigneusement s\u00e9lectionn\u00e9es.","og_url":"https:\/\/bakeryfolies.com\/fr\/shop\/pain-leukos-sans-gluten-blanc\/","og_site_name":"Bakery Folies","article_modified_time":"2025-11-06T12:23:47+00:00","og_image":[{"width":605,"height":581,"url":"https:\/\/bakeryfolies.com\/wp-content\/uploads\/2025\/10\/Spora-gluten-free-multigrain-bread.jpg.png","type":"image\/png"}],"twitter_card":"summary_large_image","twitter_misc":{"Dur\u00e9e de lecture estim\u00e9e":"1 minute"},"schema":{"@context":"https:\/\/schema.org","@graph":[{"@type":"WebPage","@id":"https:\/\/bakeryfolies.com\/fr\/shop\/pain-leukos-sans-gluten-blanc\/","url":"https:\/\/bakeryfolies.com\/fr\/shop\/pain-leukos-sans-gluten-blanc\/","name":"Pain Spora - multigrains sans gluten - 1 pi\u00e8ce - Bakery Folies","isPartOf":{"@id":"https:\/\/bakeryfolies.com\/fr\/#website"},"primaryImageOfPage":{"@id":"https:\/\/bakeryfolies.com\/fr\/shop\/pain-leukos-sans-gluten-blanc\/#primaryimage"},"image":{"@id":"https:\/\/bakeryfolies.com\/fr\/shop\/pain-leukos-sans-gluten-blanc\/#primaryimage"},"thumbnailUrl":"https:\/\/bakeryfolies.com\/wp-content\/uploads\/2025\/10\/Spora-gluten-free-multigrain-bread.jpg.png","datePublished":"2025-10-15T17:56:39+00:00","dateModified":"2025-11-06T12:23:47+00:00","description":"Spora est un pain multigrains sans gluten avec une saveur riche et une structure nutritive. Pr\u00e9par\u00e9 artisanalement avec des c\u00e9r\u00e9ales et des graines sans gluten soigneusement s\u00e9lectionn\u00e9es.","breadcrumb":{"@id":"https:\/\/bakeryfolies.com\/fr\/shop\/pain-leukos-sans-gluten-blanc\/#breadcrumb"},"inLanguage":"fr-FR","potentialAction":[{"@type":"ReadAction","target":["https:\/\/bakeryfolies.com\/fr\/shop\/pain-leukos-sans-gluten-blanc\/"]}]},{"@type":"ImageObject","inLanguage":"fr-FR","@id":"https:\/\/bakeryfolies.com\/fr\/shop\/pain-leukos-sans-gluten-blanc\/#primaryimage","url":"https:\/\/bakeryfolies.com\/wp-content\/uploads\/2025\/10\/Spora-gluten-free-multigrain-bread.jpg.png","contentUrl":"https:\/\/bakeryfolies.com\/wp-content\/uploads\/2025\/10\/Spora-gluten-free-multigrain-bread.jpg.png","width":605,"height":581},{"@type":"BreadcrumbList","@id":"https:\/\/bakeryfolies.com\/fr\/shop\/pain-leukos-sans-gluten-blanc\/#breadcrumb","itemListElement":[{"@type":"ListItem","position":1,"name":"Accueil","item":"https:\/\/bakeryfolies.com\/fr\/"},{"@type":"ListItem","position":2,"name":"Pain Spora \u2013 multigrains sans gluten \u2013 1 pi\u00e8ce"}]},{"@type":"WebSite","@id":"https:\/\/bakeryfolies.com\/fr\/#website","url":"https:\/\/bakeryfolies.com\/fr\/","name":"Bakery Folies","description":"","publisher":{"@id":"https:\/\/bakeryfolies.com\/fr\/#organization"},"potentialAction":[{"@type":"SearchAction","target":{"@type":"EntryPoint","urlTemplate":"https:\/\/bakeryfolies.com\/fr\/?s={search_term_string}"},"query-input":{"@type":"PropertyValueSpecification","valueRequired":true,"valueName":"search_term_string"}}],"inLanguage":"fr-FR"},{"@type":"Organization","@id":"https:\/\/bakeryfolies.com\/fr\/#organization","name":"Bakery Folies","url":"https:\/\/bakeryfolies.com\/fr\/","logo":{"@type":"ImageObject","inLanguage":"fr-FR","@id":"https:\/\/bakeryfolies.com\/fr\/#\/schema\/logo\/image\/","url":"https:\/\/bakeryfolies.com\/wp-content\/uploads\/2025\/09\/premium_zwart-scaled.png","contentUrl":"https:\/\/bakeryfolies.com\/wp-content\/uploads\/2025\/09\/premium_zwart-scaled.png","width":2560,"height":829,"caption":"Bakery Folies"},"image":{"@id":"https:\/\/bakeryfolies.com\/fr\/#\/schema\/logo\/image\/"}}]}},"_links":{"self":[{"href":"https:\/\/bakeryfolies.com\/fr\/wp-json\/wp\/v2\/product\/3040","targetHints":{"allow":["GET"]}}],"collection":[{"href":"https:\/\/bakeryfolies.com\/fr\/wp-json\/wp\/v2\/product"}],"about":[{"href":"https:\/\/bakeryfolies.com\/fr\/wp-json\/wp\/v2\/types\/product"}],"wp:featuredmedia":[{"embeddable":true,"href":"https:\/\/bakeryfolies.com\/fr\/wp-json\/wp\/v2\/media\/3043"}],"wp:attachment":[{"href":"https:\/\/bakeryfolies.com\/fr\/wp-json\/wp\/v2\/media?parent=3040"}],"wp:term":[{"taxonomy":"product_brand","embeddable":true,"href":"https:\/\/bakeryfolies.com\/fr\/wp-json\/wp\/v2\/product_brand?post=3040"},{"taxonomy":"product_cat","embeddable":true,"href":"https:\/\/bakeryfolies.com\/fr\/wp-json\/wp\/v2\/product_cat?post=3040"},{"taxonomy":"product_tag","embeddable":true,"href":"https:\/\/bakeryfolies.com\/fr\/wp-json\/wp\/v2\/product_tag?post=3040"}],"curies":[{"name":"wp","href":"https:\/\/api.w.org\/{rel}","templated":true}]}}