{"id":3034,"date":"2025-10-15T17:48:58","date_gmt":"2025-10-15T17:48:58","guid":{"rendered":"https:\/\/bakeryfolies.com\/?post_type=product&#038;p=3034"},"modified":"2025-11-06T12:11:39","modified_gmt":"2025-11-06T12:11:39","slug":"petits-pains-integrum-levain-complet-2","status":"publish","type":"product","link":"https:\/\/bakeryfolies.com\/fr\/shop\/petits-pains-integrum-levain-complet-2\/","title":{"rendered":"Mini baguette Alba Nova \u2013 levain \u2013 12 pi\u00e8ces"},"content":{"rendered":"<p data-start=\"118\" data-end=\"357\">Alba Nova symbolise le renouveau, la fra\u00eecheur et la puret\u00e9. Cette mini-baguette au levain est un hommage \u00e0 la simplicit\u00e9 et au raffinement : pr\u00e9par\u00e9e dans le respect des longs temps de repos, de la fermentation naturelle et cuite traditionnellement sur pierre.<\/p>\n<p data-start=\"359\" data-end=\"631\">Gr\u00e2ce \u00e0 son format compact, Alba Nova est parfaite pour \u00eatre partag\u00e9e ou servie individuellement lors d&rsquo;un repas raffin\u00e9. La combinaison d&rsquo;une mie a\u00e9r\u00e9e et d&rsquo;une cro\u00fbte dor\u00e9e et croustillante fait de ce pain un classique intemporel avec une allure moderne et \u00e9l\u00e9gante.<\/p>\n","protected":false},"excerpt":{"rendered":"<p>Alba Nova symbolise le renouveau, la fra\u00eecheur et la puret\u00e9. Cette mini-baguette au levain est un hommage \u00e0 la simplicit\u00e9 et au raffinement : pr\u00e9par\u00e9e dans le respect des longs temps de repos, de la fermentation naturelle et cuite traditionnellement sur pierre. Gr\u00e2ce \u00e0 son format compact, Alba Nova est parfaite pour \u00eatre partag\u00e9e ou [&hellip;]<\/p>\n","protected":false},"featured_media":3037,"template":"","meta":{"_acf_changed":false},"product_brand":[],"product_cat":[117],"product_tag":[],"class_list":{"0":"post-3034","1":"product","2":"type-product","3":"status-publish","4":"has-post-thumbnail","6":"product_cat-premium","8":"first","9":"instock","10":"shipping-taxable","11":"product-type-simple"},"acf":[],"yoast_head":"<!-- This site is optimized with the Yoast SEO plugin v27.4 - https:\/\/yoast.com\/product\/yoast-seo-wordpress\/ -->\n<title>Mini baguette Alba Nova - levain - 12 pi\u00e8ces - Bakery Folies<\/title>\n<meta name=\"description\" content=\"Alba Nova est une mini baguette au levain avec une mie a\u00e9r\u00e9e et une cro\u00fbte croustillante. Cuite artisanalement sur pierre pour une saveur \u00e9l\u00e9gante et intemporelle.\" \/>\n<meta name=\"robots\" content=\"index, follow, max-snippet:-1, max-image-preview:large, max-video-preview:-1\" \/>\n<link rel=\"canonical\" href=\"https:\/\/bakeryfolies.com\/fr\/shop\/petits-pains-integrum-levain-complet-2\/\" \/>\n<meta property=\"og:locale\" content=\"fr_FR\" \/>\n<meta property=\"og:type\" content=\"article\" \/>\n<meta property=\"og:title\" content=\"Mini baguette Alba Nova - levain - 12 pi\u00e8ces - Bakery Folies\" \/>\n<meta property=\"og:description\" content=\"Alba Nova est une mini baguette au levain avec une mie a\u00e9r\u00e9e et une cro\u00fbte croustillante. Cuite artisanalement sur pierre pour une saveur \u00e9l\u00e9gante et intemporelle.\" \/>\n<meta property=\"og:url\" content=\"https:\/\/bakeryfolies.com\/fr\/shop\/petits-pains-integrum-levain-complet-2\/\" \/>\n<meta property=\"og:site_name\" content=\"Bakery Folies\" \/>\n<meta property=\"article:modified_time\" content=\"2025-11-06T12:11:39+00:00\" \/>\n<meta property=\"og:image\" content=\"https:\/\/bakeryfolies.com\/wp-content\/uploads\/2025\/10\/Alba-Nova-Mini-Sourdough-baguettes.jpg.png\" \/>\n\t<meta property=\"og:image:width\" content=\"605\" \/>\n\t<meta property=\"og:image:height\" content=\"581\" \/>\n\t<meta property=\"og:image:type\" content=\"image\/png\" \/>\n<meta name=\"twitter:card\" content=\"summary_large_image\" \/>\n<meta name=\"twitter:label1\" content=\"Dur\u00e9e de lecture estim\u00e9e\" \/>\n\t<meta name=\"twitter:data1\" content=\"1 minute\" \/>\n<script type=\"application\/ld+json\" class=\"yoast-schema-graph\">{\"@context\":\"https:\\\/\\\/schema.org\",\"@graph\":[{\"@type\":\"WebPage\",\"@id\":\"https:\\\/\\\/bakeryfolies.com\\\/fr\\\/shop\\\/petits-pains-integrum-levain-complet-2\\\/\",\"url\":\"https:\\\/\\\/bakeryfolies.com\\\/fr\\\/shop\\\/petits-pains-integrum-levain-complet-2\\\/\",\"name\":\"Mini baguette Alba Nova - levain - 12 pi\u00e8ces - Bakery Folies\",\"isPartOf\":{\"@id\":\"https:\\\/\\\/bakeryfolies.com\\\/fr\\\/#website\"},\"primaryImageOfPage\":{\"@id\":\"https:\\\/\\\/bakeryfolies.com\\\/fr\\\/shop\\\/petits-pains-integrum-levain-complet-2\\\/#primaryimage\"},\"image\":{\"@id\":\"https:\\\/\\\/bakeryfolies.com\\\/fr\\\/shop\\\/petits-pains-integrum-levain-complet-2\\\/#primaryimage\"},\"thumbnailUrl\":\"https:\\\/\\\/bakeryfolies.com\\\/wp-content\\\/uploads\\\/2025\\\/10\\\/Alba-Nova-Mini-Sourdough-baguettes.jpg.png\",\"datePublished\":\"2025-10-15T17:48:58+00:00\",\"dateModified\":\"2025-11-06T12:11:39+00:00\",\"description\":\"Alba Nova est une mini baguette au levain avec une mie a\u00e9r\u00e9e et une cro\u00fbte croustillante. Cuite artisanalement sur pierre pour une saveur \u00e9l\u00e9gante et intemporelle.\",\"breadcrumb\":{\"@id\":\"https:\\\/\\\/bakeryfolies.com\\\/fr\\\/shop\\\/petits-pains-integrum-levain-complet-2\\\/#breadcrumb\"},\"inLanguage\":\"fr-FR\",\"potentialAction\":[{\"@type\":\"ReadAction\",\"target\":[\"https:\\\/\\\/bakeryfolies.com\\\/fr\\\/shop\\\/petits-pains-integrum-levain-complet-2\\\/\"]}]},{\"@type\":\"ImageObject\",\"inLanguage\":\"fr-FR\",\"@id\":\"https:\\\/\\\/bakeryfolies.com\\\/fr\\\/shop\\\/petits-pains-integrum-levain-complet-2\\\/#primaryimage\",\"url\":\"https:\\\/\\\/bakeryfolies.com\\\/wp-content\\\/uploads\\\/2025\\\/10\\\/Alba-Nova-Mini-Sourdough-baguettes.jpg.png\",\"contentUrl\":\"https:\\\/\\\/bakeryfolies.com\\\/wp-content\\\/uploads\\\/2025\\\/10\\\/Alba-Nova-Mini-Sourdough-baguettes.jpg.png\",\"width\":605,\"height\":581},{\"@type\":\"BreadcrumbList\",\"@id\":\"https:\\\/\\\/bakeryfolies.com\\\/fr\\\/shop\\\/petits-pains-integrum-levain-complet-2\\\/#breadcrumb\",\"itemListElement\":[{\"@type\":\"ListItem\",\"position\":1,\"name\":\"Accueil\",\"item\":\"https:\\\/\\\/bakeryfolies.com\\\/fr\\\/\"},{\"@type\":\"ListItem\",\"position\":2,\"name\":\"Mini baguette Alba Nova \u2013 levain \u2013 12 pi\u00e8ces\"}]},{\"@type\":\"WebSite\",\"@id\":\"https:\\\/\\\/bakeryfolies.com\\\/fr\\\/#website\",\"url\":\"https:\\\/\\\/bakeryfolies.com\\\/fr\\\/\",\"name\":\"Bakery Folies\",\"description\":\"\",\"publisher\":{\"@id\":\"https:\\\/\\\/bakeryfolies.com\\\/fr\\\/#organization\"},\"potentialAction\":[{\"@type\":\"SearchAction\",\"target\":{\"@type\":\"EntryPoint\",\"urlTemplate\":\"https:\\\/\\\/bakeryfolies.com\\\/fr\\\/?s={search_term_string}\"},\"query-input\":{\"@type\":\"PropertyValueSpecification\",\"valueRequired\":true,\"valueName\":\"search_term_string\"}}],\"inLanguage\":\"fr-FR\"},{\"@type\":\"Organization\",\"@id\":\"https:\\\/\\\/bakeryfolies.com\\\/fr\\\/#organization\",\"name\":\"Bakery Folies\",\"url\":\"https:\\\/\\\/bakeryfolies.com\\\/fr\\\/\",\"logo\":{\"@type\":\"ImageObject\",\"inLanguage\":\"fr-FR\",\"@id\":\"https:\\\/\\\/bakeryfolies.com\\\/fr\\\/#\\\/schema\\\/logo\\\/image\\\/\",\"url\":\"https:\\\/\\\/bakeryfolies.com\\\/wp-content\\\/uploads\\\/2025\\\/09\\\/premium_zwart-scaled.png\",\"contentUrl\":\"https:\\\/\\\/bakeryfolies.com\\\/wp-content\\\/uploads\\\/2025\\\/09\\\/premium_zwart-scaled.png\",\"width\":2560,\"height\":829,\"caption\":\"Bakery Folies\"},\"image\":{\"@id\":\"https:\\\/\\\/bakeryfolies.com\\\/fr\\\/#\\\/schema\\\/logo\\\/image\\\/\"}}]}<\/script>\n<!-- \/ Yoast SEO plugin. -->","yoast_head_json":{"title":"Mini baguette Alba Nova - levain - 12 pi\u00e8ces - Bakery Folies","description":"Alba Nova est une mini baguette au levain avec une mie a\u00e9r\u00e9e et une cro\u00fbte croustillante. Cuite artisanalement sur pierre pour une saveur \u00e9l\u00e9gante et intemporelle.","robots":{"index":"index","follow":"follow","max-snippet":"max-snippet:-1","max-image-preview":"max-image-preview:large","max-video-preview":"max-video-preview:-1"},"canonical":"https:\/\/bakeryfolies.com\/fr\/shop\/petits-pains-integrum-levain-complet-2\/","og_locale":"fr_FR","og_type":"article","og_title":"Mini baguette Alba Nova - levain - 12 pi\u00e8ces - Bakery Folies","og_description":"Alba Nova est une mini baguette au levain avec une mie a\u00e9r\u00e9e et une cro\u00fbte croustillante. Cuite artisanalement sur pierre pour une saveur \u00e9l\u00e9gante et intemporelle.","og_url":"https:\/\/bakeryfolies.com\/fr\/shop\/petits-pains-integrum-levain-complet-2\/","og_site_name":"Bakery Folies","article_modified_time":"2025-11-06T12:11:39+00:00","og_image":[{"width":605,"height":581,"url":"https:\/\/bakeryfolies.com\/wp-content\/uploads\/2025\/10\/Alba-Nova-Mini-Sourdough-baguettes.jpg.png","type":"image\/png"}],"twitter_card":"summary_large_image","twitter_misc":{"Dur\u00e9e de lecture estim\u00e9e":"1 minute"},"schema":{"@context":"https:\/\/schema.org","@graph":[{"@type":"WebPage","@id":"https:\/\/bakeryfolies.com\/fr\/shop\/petits-pains-integrum-levain-complet-2\/","url":"https:\/\/bakeryfolies.com\/fr\/shop\/petits-pains-integrum-levain-complet-2\/","name":"Mini baguette Alba Nova - levain - 12 pi\u00e8ces - Bakery Folies","isPartOf":{"@id":"https:\/\/bakeryfolies.com\/fr\/#website"},"primaryImageOfPage":{"@id":"https:\/\/bakeryfolies.com\/fr\/shop\/petits-pains-integrum-levain-complet-2\/#primaryimage"},"image":{"@id":"https:\/\/bakeryfolies.com\/fr\/shop\/petits-pains-integrum-levain-complet-2\/#primaryimage"},"thumbnailUrl":"https:\/\/bakeryfolies.com\/wp-content\/uploads\/2025\/10\/Alba-Nova-Mini-Sourdough-baguettes.jpg.png","datePublished":"2025-10-15T17:48:58+00:00","dateModified":"2025-11-06T12:11:39+00:00","description":"Alba Nova est une mini baguette au levain avec une mie a\u00e9r\u00e9e et une cro\u00fbte croustillante. Cuite artisanalement sur pierre pour une saveur \u00e9l\u00e9gante et intemporelle.","breadcrumb":{"@id":"https:\/\/bakeryfolies.com\/fr\/shop\/petits-pains-integrum-levain-complet-2\/#breadcrumb"},"inLanguage":"fr-FR","potentialAction":[{"@type":"ReadAction","target":["https:\/\/bakeryfolies.com\/fr\/shop\/petits-pains-integrum-levain-complet-2\/"]}]},{"@type":"ImageObject","inLanguage":"fr-FR","@id":"https:\/\/bakeryfolies.com\/fr\/shop\/petits-pains-integrum-levain-complet-2\/#primaryimage","url":"https:\/\/bakeryfolies.com\/wp-content\/uploads\/2025\/10\/Alba-Nova-Mini-Sourdough-baguettes.jpg.png","contentUrl":"https:\/\/bakeryfolies.com\/wp-content\/uploads\/2025\/10\/Alba-Nova-Mini-Sourdough-baguettes.jpg.png","width":605,"height":581},{"@type":"BreadcrumbList","@id":"https:\/\/bakeryfolies.com\/fr\/shop\/petits-pains-integrum-levain-complet-2\/#breadcrumb","itemListElement":[{"@type":"ListItem","position":1,"name":"Accueil","item":"https:\/\/bakeryfolies.com\/fr\/"},{"@type":"ListItem","position":2,"name":"Mini baguette Alba Nova \u2013 levain \u2013 12 pi\u00e8ces"}]},{"@type":"WebSite","@id":"https:\/\/bakeryfolies.com\/fr\/#website","url":"https:\/\/bakeryfolies.com\/fr\/","name":"Bakery Folies","description":"","publisher":{"@id":"https:\/\/bakeryfolies.com\/fr\/#organization"},"potentialAction":[{"@type":"SearchAction","target":{"@type":"EntryPoint","urlTemplate":"https:\/\/bakeryfolies.com\/fr\/?s={search_term_string}"},"query-input":{"@type":"PropertyValueSpecification","valueRequired":true,"valueName":"search_term_string"}}],"inLanguage":"fr-FR"},{"@type":"Organization","@id":"https:\/\/bakeryfolies.com\/fr\/#organization","name":"Bakery Folies","url":"https:\/\/bakeryfolies.com\/fr\/","logo":{"@type":"ImageObject","inLanguage":"fr-FR","@id":"https:\/\/bakeryfolies.com\/fr\/#\/schema\/logo\/image\/","url":"https:\/\/bakeryfolies.com\/wp-content\/uploads\/2025\/09\/premium_zwart-scaled.png","contentUrl":"https:\/\/bakeryfolies.com\/wp-content\/uploads\/2025\/09\/premium_zwart-scaled.png","width":2560,"height":829,"caption":"Bakery Folies"},"image":{"@id":"https:\/\/bakeryfolies.com\/fr\/#\/schema\/logo\/image\/"}}]}},"_links":{"self":[{"href":"https:\/\/bakeryfolies.com\/fr\/wp-json\/wp\/v2\/product\/3034","targetHints":{"allow":["GET"]}}],"collection":[{"href":"https:\/\/bakeryfolies.com\/fr\/wp-json\/wp\/v2\/product"}],"about":[{"href":"https:\/\/bakeryfolies.com\/fr\/wp-json\/wp\/v2\/types\/product"}],"wp:featuredmedia":[{"embeddable":true,"href":"https:\/\/bakeryfolies.com\/fr\/wp-json\/wp\/v2\/media\/3037"}],"wp:attachment":[{"href":"https:\/\/bakeryfolies.com\/fr\/wp-json\/wp\/v2\/media?parent=3034"}],"wp:term":[{"taxonomy":"product_brand","embeddable":true,"href":"https:\/\/bakeryfolies.com\/fr\/wp-json\/wp\/v2\/product_brand?post=3034"},{"taxonomy":"product_cat","embeddable":true,"href":"https:\/\/bakeryfolies.com\/fr\/wp-json\/wp\/v2\/product_cat?post=3034"},{"taxonomy":"product_tag","embeddable":true,"href":"https:\/\/bakeryfolies.com\/fr\/wp-json\/wp\/v2\/product_tag?post=3034"}],"curies":[{"name":"wp","href":"https:\/\/api.w.org\/{rel}","templated":true}]}}