{"id":3028,"date":"2025-10-15T17:38:18","date_gmt":"2025-10-15T17:38:18","guid":{"rendered":"https:\/\/bakeryfolies.com\/?post_type=product&#038;p=3028"},"modified":"2025-11-05T20:28:11","modified_gmt":"2025-11-05T20:28:11","slug":"petits-pains-integrum-levain-complet","status":"publish","type":"product","link":"https:\/\/bakeryfolies.com\/fr\/shop\/petits-pains-integrum-levain-complet\/","title":{"rendered":"Pain Leuk\u00f3s \u2013 sans gluten blanc \u2013 1 pi\u00e8ce"},"content":{"rendered":"<p>Leuk\u00f3s repr\u00e9sente la lumi\u00e8re et la puret\u00e9. Ce pain blanc sans gluten combine une texture douce et a\u00e9r\u00e9e avec une saveur neutre et pure. Id\u00e9al pour ceux qui mangent sans gluten, sans sacrifier la qualit\u00e9 ou le plaisir. Pr\u00e9par\u00e9 artisanalement avec des ingr\u00e9dients soigneusement s\u00e9lectionn\u00e9s pour un pain qui s&rsquo;accorde parfaitement avec les garnitures sucr\u00e9es et sal\u00e9es.<\/p>\n","protected":false},"excerpt":{"rendered":"<p>Leuk\u00f3s repr\u00e9sente la lumi\u00e8re et la puret\u00e9. Ce pain blanc sans gluten combine une texture douce et a\u00e9r\u00e9e avec une saveur neutre et pure. Id\u00e9al pour ceux qui mangent sans gluten, sans sacrifier la qualit\u00e9 ou le plaisir. Pr\u00e9par\u00e9 artisanalement avec des ingr\u00e9dients soigneusement s\u00e9lectionn\u00e9s pour un pain qui s&rsquo;accorde parfaitement avec les garnitures sucr\u00e9es [&hellip;]<\/p>\n","protected":false},"featured_media":3031,"template":"","meta":{"_acf_changed":false},"product_brand":[],"product_cat":[113],"product_tag":[],"class_list":{"0":"post-3028","1":"product","2":"type-product","3":"status-publish","4":"has-post-thumbnail","6":"product_cat-gluten-free","8":"first","9":"instock","10":"shipping-taxable","11":"product-type-simple"},"acf":[],"yoast_head":"<!-- This site is optimized with the Yoast SEO plugin v27.4 - https:\/\/yoast.com\/product\/yoast-seo-wordpress\/ -->\n<title>Pain Leuk\u00f3s - sans gluten blanc - 1 pi\u00e8ce - Bakery Folies<\/title>\n<meta name=\"description\" content=\"Leuk\u00f3s est un pain blanc sans gluten avec une texture douce et une saveur pure. Pr\u00e9par\u00e9 artisanalement avec soin et base id\u00e9ale pour chaque repas.\" \/>\n<meta name=\"robots\" content=\"index, follow, max-snippet:-1, max-image-preview:large, max-video-preview:-1\" \/>\n<link rel=\"canonical\" href=\"https:\/\/bakeryfolies.com\/fr\/shop\/petits-pains-integrum-levain-complet\/\" \/>\n<meta property=\"og:locale\" content=\"fr_FR\" \/>\n<meta property=\"og:type\" content=\"article\" \/>\n<meta property=\"og:title\" content=\"Pain Leuk\u00f3s - sans gluten blanc - 1 pi\u00e8ce - Bakery Folies\" \/>\n<meta property=\"og:description\" content=\"Leuk\u00f3s est un pain blanc sans gluten avec une texture douce et une saveur pure. Pr\u00e9par\u00e9 artisanalement avec soin et base id\u00e9ale pour chaque repas.\" \/>\n<meta property=\"og:url\" content=\"https:\/\/bakeryfolies.com\/fr\/shop\/petits-pains-integrum-levain-complet\/\" \/>\n<meta property=\"og:site_name\" content=\"Bakery Folies\" \/>\n<meta property=\"article:modified_time\" content=\"2025-11-05T20:28:11+00:00\" \/>\n<meta property=\"og:image\" content=\"https:\/\/bakeryfolies.com\/wp-content\/uploads\/2025\/10\/Leukos-gluten-free-white-bread.jpg.png\" \/>\n\t<meta property=\"og:image:width\" content=\"605\" \/>\n\t<meta property=\"og:image:height\" content=\"581\" \/>\n\t<meta property=\"og:image:type\" content=\"image\/png\" \/>\n<meta name=\"twitter:card\" content=\"summary_large_image\" \/>\n<meta name=\"twitter:label1\" content=\"Dur\u00e9e de lecture estim\u00e9e\" \/>\n\t<meta name=\"twitter:data1\" content=\"1 minute\" \/>\n<script type=\"application\/ld+json\" class=\"yoast-schema-graph\">{\"@context\":\"https:\\\/\\\/schema.org\",\"@graph\":[{\"@type\":\"WebPage\",\"@id\":\"https:\\\/\\\/bakeryfolies.com\\\/fr\\\/shop\\\/petits-pains-integrum-levain-complet\\\/\",\"url\":\"https:\\\/\\\/bakeryfolies.com\\\/fr\\\/shop\\\/petits-pains-integrum-levain-complet\\\/\",\"name\":\"Pain Leuk\u00f3s - sans gluten blanc - 1 pi\u00e8ce - Bakery Folies\",\"isPartOf\":{\"@id\":\"https:\\\/\\\/bakeryfolies.com\\\/fr\\\/#website\"},\"primaryImageOfPage\":{\"@id\":\"https:\\\/\\\/bakeryfolies.com\\\/fr\\\/shop\\\/petits-pains-integrum-levain-complet\\\/#primaryimage\"},\"image\":{\"@id\":\"https:\\\/\\\/bakeryfolies.com\\\/fr\\\/shop\\\/petits-pains-integrum-levain-complet\\\/#primaryimage\"},\"thumbnailUrl\":\"https:\\\/\\\/bakeryfolies.com\\\/wp-content\\\/uploads\\\/2025\\\/10\\\/Leukos-gluten-free-white-bread.jpg.png\",\"datePublished\":\"2025-10-15T17:38:18+00:00\",\"dateModified\":\"2025-11-05T20:28:11+00:00\",\"description\":\"Leuk\u00f3s est un pain blanc sans gluten avec une texture douce et une saveur pure. Pr\u00e9par\u00e9 artisanalement avec soin et base id\u00e9ale pour chaque repas.\",\"breadcrumb\":{\"@id\":\"https:\\\/\\\/bakeryfolies.com\\\/fr\\\/shop\\\/petits-pains-integrum-levain-complet\\\/#breadcrumb\"},\"inLanguage\":\"fr-FR\",\"potentialAction\":[{\"@type\":\"ReadAction\",\"target\":[\"https:\\\/\\\/bakeryfolies.com\\\/fr\\\/shop\\\/petits-pains-integrum-levain-complet\\\/\"]}]},{\"@type\":\"ImageObject\",\"inLanguage\":\"fr-FR\",\"@id\":\"https:\\\/\\\/bakeryfolies.com\\\/fr\\\/shop\\\/petits-pains-integrum-levain-complet\\\/#primaryimage\",\"url\":\"https:\\\/\\\/bakeryfolies.com\\\/wp-content\\\/uploads\\\/2025\\\/10\\\/Leukos-gluten-free-white-bread.jpg.png\",\"contentUrl\":\"https:\\\/\\\/bakeryfolies.com\\\/wp-content\\\/uploads\\\/2025\\\/10\\\/Leukos-gluten-free-white-bread.jpg.png\",\"width\":605,\"height\":581},{\"@type\":\"BreadcrumbList\",\"@id\":\"https:\\\/\\\/bakeryfolies.com\\\/fr\\\/shop\\\/petits-pains-integrum-levain-complet\\\/#breadcrumb\",\"itemListElement\":[{\"@type\":\"ListItem\",\"position\":1,\"name\":\"Accueil\",\"item\":\"https:\\\/\\\/bakeryfolies.com\\\/fr\\\/\"},{\"@type\":\"ListItem\",\"position\":2,\"name\":\"Pain Leuk\u00f3s \u2013 sans gluten blanc \u2013 1 pi\u00e8ce\"}]},{\"@type\":\"WebSite\",\"@id\":\"https:\\\/\\\/bakeryfolies.com\\\/fr\\\/#website\",\"url\":\"https:\\\/\\\/bakeryfolies.com\\\/fr\\\/\",\"name\":\"Bakery Folies\",\"description\":\"\",\"publisher\":{\"@id\":\"https:\\\/\\\/bakeryfolies.com\\\/fr\\\/#organization\"},\"potentialAction\":[{\"@type\":\"SearchAction\",\"target\":{\"@type\":\"EntryPoint\",\"urlTemplate\":\"https:\\\/\\\/bakeryfolies.com\\\/fr\\\/?s={search_term_string}\"},\"query-input\":{\"@type\":\"PropertyValueSpecification\",\"valueRequired\":true,\"valueName\":\"search_term_string\"}}],\"inLanguage\":\"fr-FR\"},{\"@type\":\"Organization\",\"@id\":\"https:\\\/\\\/bakeryfolies.com\\\/fr\\\/#organization\",\"name\":\"Bakery Folies\",\"url\":\"https:\\\/\\\/bakeryfolies.com\\\/fr\\\/\",\"logo\":{\"@type\":\"ImageObject\",\"inLanguage\":\"fr-FR\",\"@id\":\"https:\\\/\\\/bakeryfolies.com\\\/fr\\\/#\\\/schema\\\/logo\\\/image\\\/\",\"url\":\"https:\\\/\\\/bakeryfolies.com\\\/wp-content\\\/uploads\\\/2025\\\/09\\\/premium_zwart-scaled.png\",\"contentUrl\":\"https:\\\/\\\/bakeryfolies.com\\\/wp-content\\\/uploads\\\/2025\\\/09\\\/premium_zwart-scaled.png\",\"width\":2560,\"height\":829,\"caption\":\"Bakery Folies\"},\"image\":{\"@id\":\"https:\\\/\\\/bakeryfolies.com\\\/fr\\\/#\\\/schema\\\/logo\\\/image\\\/\"}}]}<\/script>\n<!-- \/ Yoast SEO plugin. -->","yoast_head_json":{"title":"Pain Leuk\u00f3s - sans gluten blanc - 1 pi\u00e8ce - Bakery Folies","description":"Leuk\u00f3s est un pain blanc sans gluten avec une texture douce et une saveur pure. Pr\u00e9par\u00e9 artisanalement avec soin et base id\u00e9ale pour chaque repas.","robots":{"index":"index","follow":"follow","max-snippet":"max-snippet:-1","max-image-preview":"max-image-preview:large","max-video-preview":"max-video-preview:-1"},"canonical":"https:\/\/bakeryfolies.com\/fr\/shop\/petits-pains-integrum-levain-complet\/","og_locale":"fr_FR","og_type":"article","og_title":"Pain Leuk\u00f3s - sans gluten blanc - 1 pi\u00e8ce - Bakery Folies","og_description":"Leuk\u00f3s est un pain blanc sans gluten avec une texture douce et une saveur pure. Pr\u00e9par\u00e9 artisanalement avec soin et base id\u00e9ale pour chaque repas.","og_url":"https:\/\/bakeryfolies.com\/fr\/shop\/petits-pains-integrum-levain-complet\/","og_site_name":"Bakery Folies","article_modified_time":"2025-11-05T20:28:11+00:00","og_image":[{"width":605,"height":581,"url":"https:\/\/bakeryfolies.com\/wp-content\/uploads\/2025\/10\/Leukos-gluten-free-white-bread.jpg.png","type":"image\/png"}],"twitter_card":"summary_large_image","twitter_misc":{"Dur\u00e9e de lecture estim\u00e9e":"1 minute"},"schema":{"@context":"https:\/\/schema.org","@graph":[{"@type":"WebPage","@id":"https:\/\/bakeryfolies.com\/fr\/shop\/petits-pains-integrum-levain-complet\/","url":"https:\/\/bakeryfolies.com\/fr\/shop\/petits-pains-integrum-levain-complet\/","name":"Pain Leuk\u00f3s - sans gluten blanc - 1 pi\u00e8ce - Bakery Folies","isPartOf":{"@id":"https:\/\/bakeryfolies.com\/fr\/#website"},"primaryImageOfPage":{"@id":"https:\/\/bakeryfolies.com\/fr\/shop\/petits-pains-integrum-levain-complet\/#primaryimage"},"image":{"@id":"https:\/\/bakeryfolies.com\/fr\/shop\/petits-pains-integrum-levain-complet\/#primaryimage"},"thumbnailUrl":"https:\/\/bakeryfolies.com\/wp-content\/uploads\/2025\/10\/Leukos-gluten-free-white-bread.jpg.png","datePublished":"2025-10-15T17:38:18+00:00","dateModified":"2025-11-05T20:28:11+00:00","description":"Leuk\u00f3s est un pain blanc sans gluten avec une texture douce et une saveur pure. Pr\u00e9par\u00e9 artisanalement avec soin et base id\u00e9ale pour chaque repas.","breadcrumb":{"@id":"https:\/\/bakeryfolies.com\/fr\/shop\/petits-pains-integrum-levain-complet\/#breadcrumb"},"inLanguage":"fr-FR","potentialAction":[{"@type":"ReadAction","target":["https:\/\/bakeryfolies.com\/fr\/shop\/petits-pains-integrum-levain-complet\/"]}]},{"@type":"ImageObject","inLanguage":"fr-FR","@id":"https:\/\/bakeryfolies.com\/fr\/shop\/petits-pains-integrum-levain-complet\/#primaryimage","url":"https:\/\/bakeryfolies.com\/wp-content\/uploads\/2025\/10\/Leukos-gluten-free-white-bread.jpg.png","contentUrl":"https:\/\/bakeryfolies.com\/wp-content\/uploads\/2025\/10\/Leukos-gluten-free-white-bread.jpg.png","width":605,"height":581},{"@type":"BreadcrumbList","@id":"https:\/\/bakeryfolies.com\/fr\/shop\/petits-pains-integrum-levain-complet\/#breadcrumb","itemListElement":[{"@type":"ListItem","position":1,"name":"Accueil","item":"https:\/\/bakeryfolies.com\/fr\/"},{"@type":"ListItem","position":2,"name":"Pain Leuk\u00f3s \u2013 sans gluten blanc \u2013 1 pi\u00e8ce"}]},{"@type":"WebSite","@id":"https:\/\/bakeryfolies.com\/fr\/#website","url":"https:\/\/bakeryfolies.com\/fr\/","name":"Bakery Folies","description":"","publisher":{"@id":"https:\/\/bakeryfolies.com\/fr\/#organization"},"potentialAction":[{"@type":"SearchAction","target":{"@type":"EntryPoint","urlTemplate":"https:\/\/bakeryfolies.com\/fr\/?s={search_term_string}"},"query-input":{"@type":"PropertyValueSpecification","valueRequired":true,"valueName":"search_term_string"}}],"inLanguage":"fr-FR"},{"@type":"Organization","@id":"https:\/\/bakeryfolies.com\/fr\/#organization","name":"Bakery Folies","url":"https:\/\/bakeryfolies.com\/fr\/","logo":{"@type":"ImageObject","inLanguage":"fr-FR","@id":"https:\/\/bakeryfolies.com\/fr\/#\/schema\/logo\/image\/","url":"https:\/\/bakeryfolies.com\/wp-content\/uploads\/2025\/09\/premium_zwart-scaled.png","contentUrl":"https:\/\/bakeryfolies.com\/wp-content\/uploads\/2025\/09\/premium_zwart-scaled.png","width":2560,"height":829,"caption":"Bakery Folies"},"image":{"@id":"https:\/\/bakeryfolies.com\/fr\/#\/schema\/logo\/image\/"}}]}},"_links":{"self":[{"href":"https:\/\/bakeryfolies.com\/fr\/wp-json\/wp\/v2\/product\/3028","targetHints":{"allow":["GET"]}}],"collection":[{"href":"https:\/\/bakeryfolies.com\/fr\/wp-json\/wp\/v2\/product"}],"about":[{"href":"https:\/\/bakeryfolies.com\/fr\/wp-json\/wp\/v2\/types\/product"}],"wp:featuredmedia":[{"embeddable":true,"href":"https:\/\/bakeryfolies.com\/fr\/wp-json\/wp\/v2\/media\/3031"}],"wp:attachment":[{"href":"https:\/\/bakeryfolies.com\/fr\/wp-json\/wp\/v2\/media?parent=3028"}],"wp:term":[{"taxonomy":"product_brand","embeddable":true,"href":"https:\/\/bakeryfolies.com\/fr\/wp-json\/wp\/v2\/product_brand?post=3028"},{"taxonomy":"product_cat","embeddable":true,"href":"https:\/\/bakeryfolies.com\/fr\/wp-json\/wp\/v2\/product_cat?post=3028"},{"taxonomy":"product_tag","embeddable":true,"href":"https:\/\/bakeryfolies.com\/fr\/wp-json\/wp\/v2\/product_tag?post=3028"}],"curies":[{"name":"wp","href":"https:\/\/api.w.org\/{rel}","templated":true}]}}