{"id":2780,"date":"2025-10-14T18:03:46","date_gmt":"2025-10-14T18:03:46","guid":{"rendered":"https:\/\/bakeryfolies.com\/?post_type=product&#038;p=2780"},"modified":"2025-11-06T12:00:09","modified_gmt":"2025-11-06T12:00:09","slug":"petits-pains-lumen-levain-blanc-3","status":"publish","type":"product","link":"https:\/\/bakeryfolies.com\/fr\/shop\/petits-pains-lumen-levain-blanc-3\/","title":{"rendered":"Petits pains Integrum \u2013 levain complet \u2013 6 pi\u00e8ces"},"content":{"rendered":"<p>Integrum incarne la puret\u00e9 et l&rsquo;authenticit\u00e9. Ce pain au levain complet est fabriqu\u00e9 avec de la farine compl\u00e8te soigneusement s\u00e9lectionn\u00e9e, o\u00f9<br \/>\nle grain entier est utilis\u00e9. Un m\u00e9lange de bl\u00e9 et de seigle offre une riche source de fibres, de vitamines et de min\u00e9raux. Le r\u00e9sultat est un pain au go\u00fbt prononc\u00e9 et savoureux, avec un profil nutritionnel \u00e9quilibr\u00e9.<\/p>\n","protected":false},"excerpt":{"rendered":"<p>Integrum incarne la puret\u00e9 et l&rsquo;authenticit\u00e9. Ce pain au levain complet est fabriqu\u00e9 avec de la farine compl\u00e8te soigneusement s\u00e9lectionn\u00e9e, o\u00f9 le grain entier est utilis\u00e9. Un m\u00e9lange de bl\u00e9 et de seigle offre une riche source de fibres, de vitamines et de min\u00e9raux. Le r\u00e9sultat est un pain au go\u00fbt prononc\u00e9 et savoureux, avec [&hellip;]<\/p>\n","protected":false},"featured_media":2783,"template":"","meta":{"_acf_changed":false},"product_brand":[],"product_cat":[117],"product_tag":[],"class_list":{"0":"post-2780","1":"product","2":"type-product","3":"status-publish","4":"has-post-thumbnail","6":"product_cat-premium","8":"first","9":"instock","10":"shipping-taxable","11":"product-type-simple"},"acf":[],"yoast_head":"<!-- This site is optimized with the Yoast SEO plugin v27.4 - https:\/\/yoast.com\/product\/yoast-seo-wordpress\/ -->\n<title>Petits pains Integrum - levain complet - 6 pi\u00e8ces - Bakery Folies<\/title>\n<meta name=\"description\" content=\"Integrum repr\u00e9sente la puret\u00e9 : pain au levain complet de bl\u00e9 et de seigle, riche en fibres, vitamines et min\u00e9raux. Cuit de mani\u00e8re authentique pour un go\u00fbt savoureux.\" \/>\n<meta name=\"robots\" content=\"index, follow, max-snippet:-1, max-image-preview:large, max-video-preview:-1\" \/>\n<link rel=\"canonical\" href=\"https:\/\/bakeryfolies.com\/fr\/shop\/petits-pains-lumen-levain-blanc-3\/\" \/>\n<meta property=\"og:locale\" content=\"fr_FR\" \/>\n<meta property=\"og:type\" content=\"article\" \/>\n<meta property=\"og:title\" content=\"Petits pains Integrum - levain complet - 6 pi\u00e8ces - Bakery Folies\" \/>\n<meta property=\"og:description\" content=\"Integrum repr\u00e9sente la puret\u00e9 : pain au levain complet de bl\u00e9 et de seigle, riche en fibres, vitamines et min\u00e9raux. Cuit de mani\u00e8re authentique pour un go\u00fbt savoureux.\" \/>\n<meta property=\"og:url\" content=\"https:\/\/bakeryfolies.com\/fr\/shop\/petits-pains-lumen-levain-blanc-3\/\" \/>\n<meta property=\"og:site_name\" content=\"Bakery Folies\" \/>\n<meta property=\"article:modified_time\" content=\"2025-11-06T12:00:09+00:00\" \/>\n<meta property=\"og:image\" content=\"https:\/\/bakeryfolies.com\/wp-content\/uploads\/2025\/10\/Integrum-Wholegrain-Sourdough-Bread.jpg\" \/>\n\t<meta property=\"og:image:width\" content=\"605\" \/>\n\t<meta property=\"og:image:height\" content=\"581\" \/>\n\t<meta property=\"og:image:type\" content=\"image\/jpeg\" \/>\n<meta name=\"twitter:card\" content=\"summary_large_image\" \/>\n<meta name=\"twitter:label1\" content=\"Dur\u00e9e de lecture estim\u00e9e\" \/>\n\t<meta name=\"twitter:data1\" content=\"1 minute\" \/>\n<script type=\"application\/ld+json\" class=\"yoast-schema-graph\">{\"@context\":\"https:\\\/\\\/schema.org\",\"@graph\":[{\"@type\":\"WebPage\",\"@id\":\"https:\\\/\\\/bakeryfolies.com\\\/fr\\\/shop\\\/petits-pains-lumen-levain-blanc-3\\\/\",\"url\":\"https:\\\/\\\/bakeryfolies.com\\\/fr\\\/shop\\\/petits-pains-lumen-levain-blanc-3\\\/\",\"name\":\"Petits pains Integrum - levain complet - 6 pi\u00e8ces - Bakery Folies\",\"isPartOf\":{\"@id\":\"https:\\\/\\\/bakeryfolies.com\\\/fr\\\/#website\"},\"primaryImageOfPage\":{\"@id\":\"https:\\\/\\\/bakeryfolies.com\\\/fr\\\/shop\\\/petits-pains-lumen-levain-blanc-3\\\/#primaryimage\"},\"image\":{\"@id\":\"https:\\\/\\\/bakeryfolies.com\\\/fr\\\/shop\\\/petits-pains-lumen-levain-blanc-3\\\/#primaryimage\"},\"thumbnailUrl\":\"https:\\\/\\\/bakeryfolies.com\\\/wp-content\\\/uploads\\\/2025\\\/10\\\/Integrum-Wholegrain-Sourdough-Bread.jpg\",\"datePublished\":\"2025-10-14T18:03:46+00:00\",\"dateModified\":\"2025-11-06T12:00:09+00:00\",\"description\":\"Integrum repr\u00e9sente la puret\u00e9 : pain au levain complet de bl\u00e9 et de seigle, riche en fibres, vitamines et min\u00e9raux. Cuit de mani\u00e8re authentique pour un go\u00fbt savoureux.\",\"breadcrumb\":{\"@id\":\"https:\\\/\\\/bakeryfolies.com\\\/fr\\\/shop\\\/petits-pains-lumen-levain-blanc-3\\\/#breadcrumb\"},\"inLanguage\":\"fr-FR\",\"potentialAction\":[{\"@type\":\"ReadAction\",\"target\":[\"https:\\\/\\\/bakeryfolies.com\\\/fr\\\/shop\\\/petits-pains-lumen-levain-blanc-3\\\/\"]}]},{\"@type\":\"ImageObject\",\"inLanguage\":\"fr-FR\",\"@id\":\"https:\\\/\\\/bakeryfolies.com\\\/fr\\\/shop\\\/petits-pains-lumen-levain-blanc-3\\\/#primaryimage\",\"url\":\"https:\\\/\\\/bakeryfolies.com\\\/wp-content\\\/uploads\\\/2025\\\/10\\\/Integrum-Wholegrain-Sourdough-Bread.jpg\",\"contentUrl\":\"https:\\\/\\\/bakeryfolies.com\\\/wp-content\\\/uploads\\\/2025\\\/10\\\/Integrum-Wholegrain-Sourdough-Bread.jpg\",\"width\":605,\"height\":581},{\"@type\":\"BreadcrumbList\",\"@id\":\"https:\\\/\\\/bakeryfolies.com\\\/fr\\\/shop\\\/petits-pains-lumen-levain-blanc-3\\\/#breadcrumb\",\"itemListElement\":[{\"@type\":\"ListItem\",\"position\":1,\"name\":\"Accueil\",\"item\":\"https:\\\/\\\/bakeryfolies.com\\\/fr\\\/\"},{\"@type\":\"ListItem\",\"position\":2,\"name\":\"Petits pains Integrum \u2013 levain complet \u2013 6 pi\u00e8ces\"}]},{\"@type\":\"WebSite\",\"@id\":\"https:\\\/\\\/bakeryfolies.com\\\/fr\\\/#website\",\"url\":\"https:\\\/\\\/bakeryfolies.com\\\/fr\\\/\",\"name\":\"Bakery Folies\",\"description\":\"\",\"publisher\":{\"@id\":\"https:\\\/\\\/bakeryfolies.com\\\/fr\\\/#organization\"},\"potentialAction\":[{\"@type\":\"SearchAction\",\"target\":{\"@type\":\"EntryPoint\",\"urlTemplate\":\"https:\\\/\\\/bakeryfolies.com\\\/fr\\\/?s={search_term_string}\"},\"query-input\":{\"@type\":\"PropertyValueSpecification\",\"valueRequired\":true,\"valueName\":\"search_term_string\"}}],\"inLanguage\":\"fr-FR\"},{\"@type\":\"Organization\",\"@id\":\"https:\\\/\\\/bakeryfolies.com\\\/fr\\\/#organization\",\"name\":\"Bakery Folies\",\"url\":\"https:\\\/\\\/bakeryfolies.com\\\/fr\\\/\",\"logo\":{\"@type\":\"ImageObject\",\"inLanguage\":\"fr-FR\",\"@id\":\"https:\\\/\\\/bakeryfolies.com\\\/fr\\\/#\\\/schema\\\/logo\\\/image\\\/\",\"url\":\"https:\\\/\\\/bakeryfolies.com\\\/wp-content\\\/uploads\\\/2025\\\/09\\\/premium_zwart-scaled.png\",\"contentUrl\":\"https:\\\/\\\/bakeryfolies.com\\\/wp-content\\\/uploads\\\/2025\\\/09\\\/premium_zwart-scaled.png\",\"width\":2560,\"height\":829,\"caption\":\"Bakery Folies\"},\"image\":{\"@id\":\"https:\\\/\\\/bakeryfolies.com\\\/fr\\\/#\\\/schema\\\/logo\\\/image\\\/\"}}]}<\/script>\n<!-- \/ Yoast SEO plugin. -->","yoast_head_json":{"title":"Petits pains Integrum - levain complet - 6 pi\u00e8ces - Bakery Folies","description":"Integrum repr\u00e9sente la puret\u00e9 : pain au levain complet de bl\u00e9 et de seigle, riche en fibres, vitamines et min\u00e9raux. Cuit de mani\u00e8re authentique pour un go\u00fbt savoureux.","robots":{"index":"index","follow":"follow","max-snippet":"max-snippet:-1","max-image-preview":"max-image-preview:large","max-video-preview":"max-video-preview:-1"},"canonical":"https:\/\/bakeryfolies.com\/fr\/shop\/petits-pains-lumen-levain-blanc-3\/","og_locale":"fr_FR","og_type":"article","og_title":"Petits pains Integrum - levain complet - 6 pi\u00e8ces - Bakery Folies","og_description":"Integrum repr\u00e9sente la puret\u00e9 : pain au levain complet de bl\u00e9 et de seigle, riche en fibres, vitamines et min\u00e9raux. Cuit de mani\u00e8re authentique pour un go\u00fbt savoureux.","og_url":"https:\/\/bakeryfolies.com\/fr\/shop\/petits-pains-lumen-levain-blanc-3\/","og_site_name":"Bakery Folies","article_modified_time":"2025-11-06T12:00:09+00:00","og_image":[{"width":605,"height":581,"url":"https:\/\/bakeryfolies.com\/wp-content\/uploads\/2025\/10\/Integrum-Wholegrain-Sourdough-Bread.jpg","type":"image\/jpeg"}],"twitter_card":"summary_large_image","twitter_misc":{"Dur\u00e9e de lecture estim\u00e9e":"1 minute"},"schema":{"@context":"https:\/\/schema.org","@graph":[{"@type":"WebPage","@id":"https:\/\/bakeryfolies.com\/fr\/shop\/petits-pains-lumen-levain-blanc-3\/","url":"https:\/\/bakeryfolies.com\/fr\/shop\/petits-pains-lumen-levain-blanc-3\/","name":"Petits pains Integrum - levain complet - 6 pi\u00e8ces - Bakery Folies","isPartOf":{"@id":"https:\/\/bakeryfolies.com\/fr\/#website"},"primaryImageOfPage":{"@id":"https:\/\/bakeryfolies.com\/fr\/shop\/petits-pains-lumen-levain-blanc-3\/#primaryimage"},"image":{"@id":"https:\/\/bakeryfolies.com\/fr\/shop\/petits-pains-lumen-levain-blanc-3\/#primaryimage"},"thumbnailUrl":"https:\/\/bakeryfolies.com\/wp-content\/uploads\/2025\/10\/Integrum-Wholegrain-Sourdough-Bread.jpg","datePublished":"2025-10-14T18:03:46+00:00","dateModified":"2025-11-06T12:00:09+00:00","description":"Integrum repr\u00e9sente la puret\u00e9 : pain au levain complet de bl\u00e9 et de seigle, riche en fibres, vitamines et min\u00e9raux. Cuit de mani\u00e8re authentique pour un go\u00fbt savoureux.","breadcrumb":{"@id":"https:\/\/bakeryfolies.com\/fr\/shop\/petits-pains-lumen-levain-blanc-3\/#breadcrumb"},"inLanguage":"fr-FR","potentialAction":[{"@type":"ReadAction","target":["https:\/\/bakeryfolies.com\/fr\/shop\/petits-pains-lumen-levain-blanc-3\/"]}]},{"@type":"ImageObject","inLanguage":"fr-FR","@id":"https:\/\/bakeryfolies.com\/fr\/shop\/petits-pains-lumen-levain-blanc-3\/#primaryimage","url":"https:\/\/bakeryfolies.com\/wp-content\/uploads\/2025\/10\/Integrum-Wholegrain-Sourdough-Bread.jpg","contentUrl":"https:\/\/bakeryfolies.com\/wp-content\/uploads\/2025\/10\/Integrum-Wholegrain-Sourdough-Bread.jpg","width":605,"height":581},{"@type":"BreadcrumbList","@id":"https:\/\/bakeryfolies.com\/fr\/shop\/petits-pains-lumen-levain-blanc-3\/#breadcrumb","itemListElement":[{"@type":"ListItem","position":1,"name":"Accueil","item":"https:\/\/bakeryfolies.com\/fr\/"},{"@type":"ListItem","position":2,"name":"Petits pains Integrum \u2013 levain complet \u2013 6 pi\u00e8ces"}]},{"@type":"WebSite","@id":"https:\/\/bakeryfolies.com\/fr\/#website","url":"https:\/\/bakeryfolies.com\/fr\/","name":"Bakery Folies","description":"","publisher":{"@id":"https:\/\/bakeryfolies.com\/fr\/#organization"},"potentialAction":[{"@type":"SearchAction","target":{"@type":"EntryPoint","urlTemplate":"https:\/\/bakeryfolies.com\/fr\/?s={search_term_string}"},"query-input":{"@type":"PropertyValueSpecification","valueRequired":true,"valueName":"search_term_string"}}],"inLanguage":"fr-FR"},{"@type":"Organization","@id":"https:\/\/bakeryfolies.com\/fr\/#organization","name":"Bakery Folies","url":"https:\/\/bakeryfolies.com\/fr\/","logo":{"@type":"ImageObject","inLanguage":"fr-FR","@id":"https:\/\/bakeryfolies.com\/fr\/#\/schema\/logo\/image\/","url":"https:\/\/bakeryfolies.com\/wp-content\/uploads\/2025\/09\/premium_zwart-scaled.png","contentUrl":"https:\/\/bakeryfolies.com\/wp-content\/uploads\/2025\/09\/premium_zwart-scaled.png","width":2560,"height":829,"caption":"Bakery Folies"},"image":{"@id":"https:\/\/bakeryfolies.com\/fr\/#\/schema\/logo\/image\/"}}]}},"_links":{"self":[{"href":"https:\/\/bakeryfolies.com\/fr\/wp-json\/wp\/v2\/product\/2780","targetHints":{"allow":["GET"]}}],"collection":[{"href":"https:\/\/bakeryfolies.com\/fr\/wp-json\/wp\/v2\/product"}],"about":[{"href":"https:\/\/bakeryfolies.com\/fr\/wp-json\/wp\/v2\/types\/product"}],"wp:featuredmedia":[{"embeddable":true,"href":"https:\/\/bakeryfolies.com\/fr\/wp-json\/wp\/v2\/media\/2783"}],"wp:attachment":[{"href":"https:\/\/bakeryfolies.com\/fr\/wp-json\/wp\/v2\/media?parent=2780"}],"wp:term":[{"taxonomy":"product_brand","embeddable":true,"href":"https:\/\/bakeryfolies.com\/fr\/wp-json\/wp\/v2\/product_brand?post=2780"},{"taxonomy":"product_cat","embeddable":true,"href":"https:\/\/bakeryfolies.com\/fr\/wp-json\/wp\/v2\/product_cat?post=2780"},{"taxonomy":"product_tag","embeddable":true,"href":"https:\/\/bakeryfolies.com\/fr\/wp-json\/wp\/v2\/product_tag?post=2780"}],"curies":[{"name":"wp","href":"https:\/\/api.w.org\/{rel}","templated":true}]}}