{"id":2774,"date":"2025-10-14T17:51:21","date_gmt":"2025-10-14T17:51:21","guid":{"rendered":"https:\/\/bakeryfolies.com\/?post_type=product&#038;p=2774"},"modified":"2025-11-05T20:16:39","modified_gmt":"2025-11-05T20:16:39","slug":"petits-pains-lumen-levain-blanc","status":"publish","type":"product","link":"https:\/\/bakeryfolies.com\/fr\/shop\/petits-pains-lumen-levain-blanc\/","title":{"rendered":"Petits pains Aurora \u2013 pain au levain d&rsquo;\u00e9peautre \u2013 6 pi\u00e8ces"},"content":{"rendered":"<p>Aurora, nomm\u00e9 d&rsquo;apr\u00e8s l&rsquo;aurore, combine la force ancestrale de l&rsquo;\u00e9peautre avec une finesse moderne. Fabriqu\u00e9 avec du levain d&rsquo;\u00e9peautre et de la farine d&rsquo;\u00e9peautre fine, ce qui donne un pain au levain \u00e0 la texture l\u00e9g\u00e8re et au go\u00fbt riche et plein. Les notes subtiles et noiset\u00e9es rendent ce pain \u00e0 la fois nourrissant et d\u00e9licat, riche en prot\u00e9ines et min\u00e9raux. Ce pain est garni de graines de courge.<\/p>\n","protected":false},"excerpt":{"rendered":"<p>Aurora, nomm\u00e9 d&rsquo;apr\u00e8s l&rsquo;aurore, combine la force ancestrale de l&rsquo;\u00e9peautre avec une finesse moderne. Fabriqu\u00e9 avec du levain d&rsquo;\u00e9peautre et de la farine d&rsquo;\u00e9peautre fine, ce qui donne un pain au levain \u00e0 la texture l\u00e9g\u00e8re et au go\u00fbt riche et plein. Les notes subtiles et noiset\u00e9es rendent ce pain \u00e0 la fois nourrissant et [&hellip;]<\/p>\n","protected":false},"featured_media":2777,"template":"","meta":{"_acf_changed":false},"product_brand":[],"product_cat":[117],"product_tag":[],"class_list":{"0":"post-2774","1":"product","2":"type-product","3":"status-publish","4":"has-post-thumbnail","6":"product_cat-premium","8":"first","9":"instock","10":"shipping-taxable","11":"product-type-simple"},"acf":[],"yoast_head":"<!-- This site is optimized with the Yoast SEO plugin v27.4 - https:\/\/yoast.com\/product\/yoast-seo-wordpress\/ -->\n<title>Petits pains Aurora - pain au levain d&#039;\u00e9peautre - 6 pi\u00e8ces - Bakery Folies<\/title>\n<meta name=\"description\" content=\"Aurora combine le levain d&#039;\u00e9peautre et la farine d&#039;\u00e9peautre fine pour cr\u00e9er un pain a\u00e9r\u00e9 au go\u00fbt riche et noisett\u00e9. Cuit artisanalement et garni de graines de courge.\" \/>\n<meta name=\"robots\" content=\"index, follow, max-snippet:-1, max-image-preview:large, max-video-preview:-1\" \/>\n<link rel=\"canonical\" href=\"https:\/\/bakeryfolies.com\/fr\/shop\/petits-pains-lumen-levain-blanc\/\" \/>\n<meta property=\"og:locale\" content=\"fr_FR\" \/>\n<meta property=\"og:type\" content=\"article\" \/>\n<meta property=\"og:title\" content=\"Petits pains Aurora - pain au levain d&#039;\u00e9peautre - 6 pi\u00e8ces - Bakery Folies\" \/>\n<meta property=\"og:description\" content=\"Aurora combine le levain d&#039;\u00e9peautre et la farine d&#039;\u00e9peautre fine pour cr\u00e9er un pain a\u00e9r\u00e9 au go\u00fbt riche et noisett\u00e9. Cuit artisanalement et garni de graines de courge.\" \/>\n<meta property=\"og:url\" content=\"https:\/\/bakeryfolies.com\/fr\/shop\/petits-pains-lumen-levain-blanc\/\" \/>\n<meta property=\"og:site_name\" content=\"Bakery Folies\" \/>\n<meta property=\"article:modified_time\" content=\"2025-11-05T20:16:39+00:00\" \/>\n<meta property=\"og:image\" content=\"https:\/\/bakeryfolies.com\/wp-content\/uploads\/2025\/10\/Aurora-Spelt-Sourdough-Bread-with-pumpkin-seeds.jpg\" \/>\n\t<meta property=\"og:image:width\" content=\"605\" \/>\n\t<meta property=\"og:image:height\" content=\"581\" \/>\n\t<meta property=\"og:image:type\" content=\"image\/jpeg\" \/>\n<meta name=\"twitter:card\" content=\"summary_large_image\" \/>\n<meta name=\"twitter:label1\" content=\"Dur\u00e9e de lecture estim\u00e9e\" \/>\n\t<meta name=\"twitter:data1\" content=\"1 minute\" \/>\n<script type=\"application\/ld+json\" class=\"yoast-schema-graph\">{\"@context\":\"https:\\\/\\\/schema.org\",\"@graph\":[{\"@type\":\"WebPage\",\"@id\":\"https:\\\/\\\/bakeryfolies.com\\\/fr\\\/shop\\\/petits-pains-lumen-levain-blanc\\\/\",\"url\":\"https:\\\/\\\/bakeryfolies.com\\\/fr\\\/shop\\\/petits-pains-lumen-levain-blanc\\\/\",\"name\":\"Petits pains Aurora - pain au levain d'\u00e9peautre - 6 pi\u00e8ces - Bakery Folies\",\"isPartOf\":{\"@id\":\"https:\\\/\\\/bakeryfolies.com\\\/fr\\\/#website\"},\"primaryImageOfPage\":{\"@id\":\"https:\\\/\\\/bakeryfolies.com\\\/fr\\\/shop\\\/petits-pains-lumen-levain-blanc\\\/#primaryimage\"},\"image\":{\"@id\":\"https:\\\/\\\/bakeryfolies.com\\\/fr\\\/shop\\\/petits-pains-lumen-levain-blanc\\\/#primaryimage\"},\"thumbnailUrl\":\"https:\\\/\\\/bakeryfolies.com\\\/wp-content\\\/uploads\\\/2025\\\/10\\\/Aurora-Spelt-Sourdough-Bread-with-pumpkin-seeds.jpg\",\"datePublished\":\"2025-10-14T17:51:21+00:00\",\"dateModified\":\"2025-11-05T20:16:39+00:00\",\"description\":\"Aurora combine le levain d'\u00e9peautre et la farine d'\u00e9peautre fine pour cr\u00e9er un pain a\u00e9r\u00e9 au go\u00fbt riche et noisett\u00e9. Cuit artisanalement et garni de graines de courge.\",\"breadcrumb\":{\"@id\":\"https:\\\/\\\/bakeryfolies.com\\\/fr\\\/shop\\\/petits-pains-lumen-levain-blanc\\\/#breadcrumb\"},\"inLanguage\":\"fr-FR\",\"potentialAction\":[{\"@type\":\"ReadAction\",\"target\":[\"https:\\\/\\\/bakeryfolies.com\\\/fr\\\/shop\\\/petits-pains-lumen-levain-blanc\\\/\"]}]},{\"@type\":\"ImageObject\",\"inLanguage\":\"fr-FR\",\"@id\":\"https:\\\/\\\/bakeryfolies.com\\\/fr\\\/shop\\\/petits-pains-lumen-levain-blanc\\\/#primaryimage\",\"url\":\"https:\\\/\\\/bakeryfolies.com\\\/wp-content\\\/uploads\\\/2025\\\/10\\\/Aurora-Spelt-Sourdough-Bread-with-pumpkin-seeds.jpg\",\"contentUrl\":\"https:\\\/\\\/bakeryfolies.com\\\/wp-content\\\/uploads\\\/2025\\\/10\\\/Aurora-Spelt-Sourdough-Bread-with-pumpkin-seeds.jpg\",\"width\":605,\"height\":581},{\"@type\":\"BreadcrumbList\",\"@id\":\"https:\\\/\\\/bakeryfolies.com\\\/fr\\\/shop\\\/petits-pains-lumen-levain-blanc\\\/#breadcrumb\",\"itemListElement\":[{\"@type\":\"ListItem\",\"position\":1,\"name\":\"Accueil\",\"item\":\"https:\\\/\\\/bakeryfolies.com\\\/fr\\\/\"},{\"@type\":\"ListItem\",\"position\":2,\"name\":\"Petits pains Aurora \u2013 pain au levain d&rsquo;\u00e9peautre \u2013 6 pi\u00e8ces\"}]},{\"@type\":\"WebSite\",\"@id\":\"https:\\\/\\\/bakeryfolies.com\\\/fr\\\/#website\",\"url\":\"https:\\\/\\\/bakeryfolies.com\\\/fr\\\/\",\"name\":\"Bakery Folies\",\"description\":\"\",\"publisher\":{\"@id\":\"https:\\\/\\\/bakeryfolies.com\\\/fr\\\/#organization\"},\"potentialAction\":[{\"@type\":\"SearchAction\",\"target\":{\"@type\":\"EntryPoint\",\"urlTemplate\":\"https:\\\/\\\/bakeryfolies.com\\\/fr\\\/?s={search_term_string}\"},\"query-input\":{\"@type\":\"PropertyValueSpecification\",\"valueRequired\":true,\"valueName\":\"search_term_string\"}}],\"inLanguage\":\"fr-FR\"},{\"@type\":\"Organization\",\"@id\":\"https:\\\/\\\/bakeryfolies.com\\\/fr\\\/#organization\",\"name\":\"Bakery Folies\",\"url\":\"https:\\\/\\\/bakeryfolies.com\\\/fr\\\/\",\"logo\":{\"@type\":\"ImageObject\",\"inLanguage\":\"fr-FR\",\"@id\":\"https:\\\/\\\/bakeryfolies.com\\\/fr\\\/#\\\/schema\\\/logo\\\/image\\\/\",\"url\":\"https:\\\/\\\/bakeryfolies.com\\\/wp-content\\\/uploads\\\/2025\\\/09\\\/premium_zwart-scaled.png\",\"contentUrl\":\"https:\\\/\\\/bakeryfolies.com\\\/wp-content\\\/uploads\\\/2025\\\/09\\\/premium_zwart-scaled.png\",\"width\":2560,\"height\":829,\"caption\":\"Bakery Folies\"},\"image\":{\"@id\":\"https:\\\/\\\/bakeryfolies.com\\\/fr\\\/#\\\/schema\\\/logo\\\/image\\\/\"}}]}<\/script>\n<!-- \/ Yoast SEO plugin. -->","yoast_head_json":{"title":"Petits pains Aurora - pain au levain d'\u00e9peautre - 6 pi\u00e8ces - Bakery Folies","description":"Aurora combine le levain d'\u00e9peautre et la farine d'\u00e9peautre fine pour cr\u00e9er un pain a\u00e9r\u00e9 au go\u00fbt riche et noisett\u00e9. Cuit artisanalement et garni de graines de courge.","robots":{"index":"index","follow":"follow","max-snippet":"max-snippet:-1","max-image-preview":"max-image-preview:large","max-video-preview":"max-video-preview:-1"},"canonical":"https:\/\/bakeryfolies.com\/fr\/shop\/petits-pains-lumen-levain-blanc\/","og_locale":"fr_FR","og_type":"article","og_title":"Petits pains Aurora - pain au levain d'\u00e9peautre - 6 pi\u00e8ces - Bakery Folies","og_description":"Aurora combine le levain d'\u00e9peautre et la farine d'\u00e9peautre fine pour cr\u00e9er un pain a\u00e9r\u00e9 au go\u00fbt riche et noisett\u00e9. Cuit artisanalement et garni de graines de courge.","og_url":"https:\/\/bakeryfolies.com\/fr\/shop\/petits-pains-lumen-levain-blanc\/","og_site_name":"Bakery Folies","article_modified_time":"2025-11-05T20:16:39+00:00","og_image":[{"width":605,"height":581,"url":"https:\/\/bakeryfolies.com\/wp-content\/uploads\/2025\/10\/Aurora-Spelt-Sourdough-Bread-with-pumpkin-seeds.jpg","type":"image\/jpeg"}],"twitter_card":"summary_large_image","twitter_misc":{"Dur\u00e9e de lecture estim\u00e9e":"1 minute"},"schema":{"@context":"https:\/\/schema.org","@graph":[{"@type":"WebPage","@id":"https:\/\/bakeryfolies.com\/fr\/shop\/petits-pains-lumen-levain-blanc\/","url":"https:\/\/bakeryfolies.com\/fr\/shop\/petits-pains-lumen-levain-blanc\/","name":"Petits pains Aurora - pain au levain d'\u00e9peautre - 6 pi\u00e8ces - Bakery Folies","isPartOf":{"@id":"https:\/\/bakeryfolies.com\/fr\/#website"},"primaryImageOfPage":{"@id":"https:\/\/bakeryfolies.com\/fr\/shop\/petits-pains-lumen-levain-blanc\/#primaryimage"},"image":{"@id":"https:\/\/bakeryfolies.com\/fr\/shop\/petits-pains-lumen-levain-blanc\/#primaryimage"},"thumbnailUrl":"https:\/\/bakeryfolies.com\/wp-content\/uploads\/2025\/10\/Aurora-Spelt-Sourdough-Bread-with-pumpkin-seeds.jpg","datePublished":"2025-10-14T17:51:21+00:00","dateModified":"2025-11-05T20:16:39+00:00","description":"Aurora combine le levain d'\u00e9peautre et la farine d'\u00e9peautre fine pour cr\u00e9er un pain a\u00e9r\u00e9 au go\u00fbt riche et noisett\u00e9. Cuit artisanalement et garni de graines de courge.","breadcrumb":{"@id":"https:\/\/bakeryfolies.com\/fr\/shop\/petits-pains-lumen-levain-blanc\/#breadcrumb"},"inLanguage":"fr-FR","potentialAction":[{"@type":"ReadAction","target":["https:\/\/bakeryfolies.com\/fr\/shop\/petits-pains-lumen-levain-blanc\/"]}]},{"@type":"ImageObject","inLanguage":"fr-FR","@id":"https:\/\/bakeryfolies.com\/fr\/shop\/petits-pains-lumen-levain-blanc\/#primaryimage","url":"https:\/\/bakeryfolies.com\/wp-content\/uploads\/2025\/10\/Aurora-Spelt-Sourdough-Bread-with-pumpkin-seeds.jpg","contentUrl":"https:\/\/bakeryfolies.com\/wp-content\/uploads\/2025\/10\/Aurora-Spelt-Sourdough-Bread-with-pumpkin-seeds.jpg","width":605,"height":581},{"@type":"BreadcrumbList","@id":"https:\/\/bakeryfolies.com\/fr\/shop\/petits-pains-lumen-levain-blanc\/#breadcrumb","itemListElement":[{"@type":"ListItem","position":1,"name":"Accueil","item":"https:\/\/bakeryfolies.com\/fr\/"},{"@type":"ListItem","position":2,"name":"Petits pains Aurora \u2013 pain au levain d&rsquo;\u00e9peautre \u2013 6 pi\u00e8ces"}]},{"@type":"WebSite","@id":"https:\/\/bakeryfolies.com\/fr\/#website","url":"https:\/\/bakeryfolies.com\/fr\/","name":"Bakery Folies","description":"","publisher":{"@id":"https:\/\/bakeryfolies.com\/fr\/#organization"},"potentialAction":[{"@type":"SearchAction","target":{"@type":"EntryPoint","urlTemplate":"https:\/\/bakeryfolies.com\/fr\/?s={search_term_string}"},"query-input":{"@type":"PropertyValueSpecification","valueRequired":true,"valueName":"search_term_string"}}],"inLanguage":"fr-FR"},{"@type":"Organization","@id":"https:\/\/bakeryfolies.com\/fr\/#organization","name":"Bakery Folies","url":"https:\/\/bakeryfolies.com\/fr\/","logo":{"@type":"ImageObject","inLanguage":"fr-FR","@id":"https:\/\/bakeryfolies.com\/fr\/#\/schema\/logo\/image\/","url":"https:\/\/bakeryfolies.com\/wp-content\/uploads\/2025\/09\/premium_zwart-scaled.png","contentUrl":"https:\/\/bakeryfolies.com\/wp-content\/uploads\/2025\/09\/premium_zwart-scaled.png","width":2560,"height":829,"caption":"Bakery Folies"},"image":{"@id":"https:\/\/bakeryfolies.com\/fr\/#\/schema\/logo\/image\/"}}]}},"_links":{"self":[{"href":"https:\/\/bakeryfolies.com\/fr\/wp-json\/wp\/v2\/product\/2774","targetHints":{"allow":["GET"]}}],"collection":[{"href":"https:\/\/bakeryfolies.com\/fr\/wp-json\/wp\/v2\/product"}],"about":[{"href":"https:\/\/bakeryfolies.com\/fr\/wp-json\/wp\/v2\/types\/product"}],"wp:featuredmedia":[{"embeddable":true,"href":"https:\/\/bakeryfolies.com\/fr\/wp-json\/wp\/v2\/media\/2777"}],"wp:attachment":[{"href":"https:\/\/bakeryfolies.com\/fr\/wp-json\/wp\/v2\/media?parent=2774"}],"wp:term":[{"taxonomy":"product_brand","embeddable":true,"href":"https:\/\/bakeryfolies.com\/fr\/wp-json\/wp\/v2\/product_brand?post=2774"},{"taxonomy":"product_cat","embeddable":true,"href":"https:\/\/bakeryfolies.com\/fr\/wp-json\/wp\/v2\/product_cat?post=2774"},{"taxonomy":"product_tag","embeddable":true,"href":"https:\/\/bakeryfolies.com\/fr\/wp-json\/wp\/v2\/product_tag?post=2774"}],"curies":[{"name":"wp","href":"https:\/\/api.w.org\/{rel}","templated":true}]}}