{"id":2768,"date":"2025-10-14T17:44:03","date_gmt":"2025-10-14T17:44:03","guid":{"rendered":"https:\/\/bakeryfolies.com\/?post_type=product&#038;p=2768"},"modified":"2025-11-06T11:58:03","modified_gmt":"2025-11-06T11:58:03","slug":"petits-pains-lumen-levain-blanc-2","status":"publish","type":"product","link":"https:\/\/bakeryfolies.com\/fr\/shop\/petits-pains-lumen-levain-blanc-2\/","title":{"rendered":"Petits pains Horizon \u2013 pain au levain multic\u00e9r\u00e9ales \u2013 6 pi\u00e8ces"},"content":{"rendered":"<p>Horizon combine la richesse des c\u00e9r\u00e9ales soigneusement s\u00e9lectionn\u00e9es en un seul<br \/>\npain. Comme Lumen, il est bas\u00e9 sur une longue fermentation et cuit artisanalement sur pierre. Le m\u00e9lange unique de c\u00e9r\u00e9ales cr\u00e9e un<br \/>\nprofil gustatif harmonieux et raffin\u00e9 qui se d\u00e9ploie \u00e9l\u00e9gamment en bouche.<\/p>\n","protected":false},"excerpt":{"rendered":"<p>Horizon combine la richesse des c\u00e9r\u00e9ales soigneusement s\u00e9lectionn\u00e9es en un seul pain. Comme Lumen, il est bas\u00e9 sur une longue fermentation et cuit artisanalement sur pierre. Le m\u00e9lange unique de c\u00e9r\u00e9ales cr\u00e9e un profil gustatif harmonieux et raffin\u00e9 qui se d\u00e9ploie \u00e9l\u00e9gamment en bouche.<\/p>\n","protected":false},"featured_media":2771,"template":"","meta":{"_acf_changed":false},"product_brand":[],"product_cat":[117],"product_tag":[],"class_list":{"0":"post-2768","1":"product","2":"type-product","3":"status-publish","4":"has-post-thumbnail","6":"product_cat-premium","8":"first","9":"outofstock","10":"shipping-taxable","11":"product-type-simple"},"acf":[],"yoast_head":"<!-- This site is optimized with the Yoast SEO plugin v27.4 - https:\/\/yoast.com\/product\/yoast-seo-wordpress\/ -->\n<title>Petits pains Horizon - pain au levain multic\u00e9r\u00e9ales - 6 pi\u00e8ces - Bakery Folies<\/title>\n<meta name=\"description\" content=\"Horizon r\u00e9unit des c\u00e9r\u00e9ales soigneusement s\u00e9lectionn\u00e9es dans un seul pain. Ferment\u00e9 lentement et cuit artisanalement sur pierre pour un go\u00fbt riche et raffin\u00e9.\" \/>\n<meta name=\"robots\" content=\"index, follow, max-snippet:-1, max-image-preview:large, max-video-preview:-1\" \/>\n<link rel=\"canonical\" href=\"https:\/\/bakeryfolies.com\/fr\/shop\/petits-pains-lumen-levain-blanc-2\/\" \/>\n<meta property=\"og:locale\" content=\"fr_FR\" \/>\n<meta property=\"og:type\" content=\"article\" \/>\n<meta property=\"og:title\" content=\"Petits pains Horizon - pain au levain multic\u00e9r\u00e9ales - 6 pi\u00e8ces - Bakery Folies\" \/>\n<meta property=\"og:description\" content=\"Horizon r\u00e9unit des c\u00e9r\u00e9ales soigneusement s\u00e9lectionn\u00e9es dans un seul pain. Ferment\u00e9 lentement et cuit artisanalement sur pierre pour un go\u00fbt riche et raffin\u00e9.\" \/>\n<meta property=\"og:url\" content=\"https:\/\/bakeryfolies.com\/fr\/shop\/petits-pains-lumen-levain-blanc-2\/\" \/>\n<meta property=\"og:site_name\" content=\"Bakery Folies\" \/>\n<meta property=\"article:modified_time\" content=\"2025-11-06T11:58:03+00:00\" \/>\n<meta property=\"og:image\" content=\"https:\/\/bakeryfolies.com\/wp-content\/uploads\/2025\/10\/Horizon-Multigrain-Sourdough-Bread.jpg\" \/>\n\t<meta property=\"og:image:width\" content=\"605\" \/>\n\t<meta property=\"og:image:height\" content=\"581\" \/>\n\t<meta property=\"og:image:type\" content=\"image\/jpeg\" \/>\n<meta name=\"twitter:card\" content=\"summary_large_image\" \/>\n<meta name=\"twitter:label1\" content=\"Dur\u00e9e de lecture estim\u00e9e\" \/>\n\t<meta name=\"twitter:data1\" content=\"1 minute\" \/>\n<script type=\"application\/ld+json\" class=\"yoast-schema-graph\">{\"@context\":\"https:\\\/\\\/schema.org\",\"@graph\":[{\"@type\":\"WebPage\",\"@id\":\"https:\\\/\\\/bakeryfolies.com\\\/fr\\\/shop\\\/petits-pains-lumen-levain-blanc-2\\\/\",\"url\":\"https:\\\/\\\/bakeryfolies.com\\\/fr\\\/shop\\\/petits-pains-lumen-levain-blanc-2\\\/\",\"name\":\"Petits pains Horizon - pain au levain multic\u00e9r\u00e9ales - 6 pi\u00e8ces - Bakery Folies\",\"isPartOf\":{\"@id\":\"https:\\\/\\\/bakeryfolies.com\\\/fr\\\/#website\"},\"primaryImageOfPage\":{\"@id\":\"https:\\\/\\\/bakeryfolies.com\\\/fr\\\/shop\\\/petits-pains-lumen-levain-blanc-2\\\/#primaryimage\"},\"image\":{\"@id\":\"https:\\\/\\\/bakeryfolies.com\\\/fr\\\/shop\\\/petits-pains-lumen-levain-blanc-2\\\/#primaryimage\"},\"thumbnailUrl\":\"https:\\\/\\\/bakeryfolies.com\\\/wp-content\\\/uploads\\\/2025\\\/10\\\/Horizon-Multigrain-Sourdough-Bread.jpg\",\"datePublished\":\"2025-10-14T17:44:03+00:00\",\"dateModified\":\"2025-11-06T11:58:03+00:00\",\"description\":\"Horizon r\u00e9unit des c\u00e9r\u00e9ales soigneusement s\u00e9lectionn\u00e9es dans un seul pain. Ferment\u00e9 lentement et cuit artisanalement sur pierre pour un go\u00fbt riche et raffin\u00e9.\",\"breadcrumb\":{\"@id\":\"https:\\\/\\\/bakeryfolies.com\\\/fr\\\/shop\\\/petits-pains-lumen-levain-blanc-2\\\/#breadcrumb\"},\"inLanguage\":\"fr-FR\",\"potentialAction\":[{\"@type\":\"ReadAction\",\"target\":[\"https:\\\/\\\/bakeryfolies.com\\\/fr\\\/shop\\\/petits-pains-lumen-levain-blanc-2\\\/\"]}]},{\"@type\":\"ImageObject\",\"inLanguage\":\"fr-FR\",\"@id\":\"https:\\\/\\\/bakeryfolies.com\\\/fr\\\/shop\\\/petits-pains-lumen-levain-blanc-2\\\/#primaryimage\",\"url\":\"https:\\\/\\\/bakeryfolies.com\\\/wp-content\\\/uploads\\\/2025\\\/10\\\/Horizon-Multigrain-Sourdough-Bread.jpg\",\"contentUrl\":\"https:\\\/\\\/bakeryfolies.com\\\/wp-content\\\/uploads\\\/2025\\\/10\\\/Horizon-Multigrain-Sourdough-Bread.jpg\",\"width\":605,\"height\":581},{\"@type\":\"BreadcrumbList\",\"@id\":\"https:\\\/\\\/bakeryfolies.com\\\/fr\\\/shop\\\/petits-pains-lumen-levain-blanc-2\\\/#breadcrumb\",\"itemListElement\":[{\"@type\":\"ListItem\",\"position\":1,\"name\":\"Accueil\",\"item\":\"https:\\\/\\\/bakeryfolies.com\\\/fr\\\/\"},{\"@type\":\"ListItem\",\"position\":2,\"name\":\"Petits pains Horizon \u2013 pain au levain multic\u00e9r\u00e9ales \u2013 6 pi\u00e8ces\"}]},{\"@type\":\"WebSite\",\"@id\":\"https:\\\/\\\/bakeryfolies.com\\\/fr\\\/#website\",\"url\":\"https:\\\/\\\/bakeryfolies.com\\\/fr\\\/\",\"name\":\"Bakery Folies\",\"description\":\"\",\"publisher\":{\"@id\":\"https:\\\/\\\/bakeryfolies.com\\\/fr\\\/#organization\"},\"potentialAction\":[{\"@type\":\"SearchAction\",\"target\":{\"@type\":\"EntryPoint\",\"urlTemplate\":\"https:\\\/\\\/bakeryfolies.com\\\/fr\\\/?s={search_term_string}\"},\"query-input\":{\"@type\":\"PropertyValueSpecification\",\"valueRequired\":true,\"valueName\":\"search_term_string\"}}],\"inLanguage\":\"fr-FR\"},{\"@type\":\"Organization\",\"@id\":\"https:\\\/\\\/bakeryfolies.com\\\/fr\\\/#organization\",\"name\":\"Bakery Folies\",\"url\":\"https:\\\/\\\/bakeryfolies.com\\\/fr\\\/\",\"logo\":{\"@type\":\"ImageObject\",\"inLanguage\":\"fr-FR\",\"@id\":\"https:\\\/\\\/bakeryfolies.com\\\/fr\\\/#\\\/schema\\\/logo\\\/image\\\/\",\"url\":\"https:\\\/\\\/bakeryfolies.com\\\/wp-content\\\/uploads\\\/2025\\\/09\\\/premium_zwart-scaled.png\",\"contentUrl\":\"https:\\\/\\\/bakeryfolies.com\\\/wp-content\\\/uploads\\\/2025\\\/09\\\/premium_zwart-scaled.png\",\"width\":2560,\"height\":829,\"caption\":\"Bakery Folies\"},\"image\":{\"@id\":\"https:\\\/\\\/bakeryfolies.com\\\/fr\\\/#\\\/schema\\\/logo\\\/image\\\/\"}}]}<\/script>\n<!-- \/ Yoast SEO plugin. -->","yoast_head_json":{"title":"Petits pains Horizon - pain au levain multic\u00e9r\u00e9ales - 6 pi\u00e8ces - Bakery Folies","description":"Horizon r\u00e9unit des c\u00e9r\u00e9ales soigneusement s\u00e9lectionn\u00e9es dans un seul pain. Ferment\u00e9 lentement et cuit artisanalement sur pierre pour un go\u00fbt riche et raffin\u00e9.","robots":{"index":"index","follow":"follow","max-snippet":"max-snippet:-1","max-image-preview":"max-image-preview:large","max-video-preview":"max-video-preview:-1"},"canonical":"https:\/\/bakeryfolies.com\/fr\/shop\/petits-pains-lumen-levain-blanc-2\/","og_locale":"fr_FR","og_type":"article","og_title":"Petits pains Horizon - pain au levain multic\u00e9r\u00e9ales - 6 pi\u00e8ces - Bakery Folies","og_description":"Horizon r\u00e9unit des c\u00e9r\u00e9ales soigneusement s\u00e9lectionn\u00e9es dans un seul pain. Ferment\u00e9 lentement et cuit artisanalement sur pierre pour un go\u00fbt riche et raffin\u00e9.","og_url":"https:\/\/bakeryfolies.com\/fr\/shop\/petits-pains-lumen-levain-blanc-2\/","og_site_name":"Bakery Folies","article_modified_time":"2025-11-06T11:58:03+00:00","og_image":[{"width":605,"height":581,"url":"https:\/\/bakeryfolies.com\/wp-content\/uploads\/2025\/10\/Horizon-Multigrain-Sourdough-Bread.jpg","type":"image\/jpeg"}],"twitter_card":"summary_large_image","twitter_misc":{"Dur\u00e9e de lecture estim\u00e9e":"1 minute"},"schema":{"@context":"https:\/\/schema.org","@graph":[{"@type":"WebPage","@id":"https:\/\/bakeryfolies.com\/fr\/shop\/petits-pains-lumen-levain-blanc-2\/","url":"https:\/\/bakeryfolies.com\/fr\/shop\/petits-pains-lumen-levain-blanc-2\/","name":"Petits pains Horizon - pain au levain multic\u00e9r\u00e9ales - 6 pi\u00e8ces - Bakery Folies","isPartOf":{"@id":"https:\/\/bakeryfolies.com\/fr\/#website"},"primaryImageOfPage":{"@id":"https:\/\/bakeryfolies.com\/fr\/shop\/petits-pains-lumen-levain-blanc-2\/#primaryimage"},"image":{"@id":"https:\/\/bakeryfolies.com\/fr\/shop\/petits-pains-lumen-levain-blanc-2\/#primaryimage"},"thumbnailUrl":"https:\/\/bakeryfolies.com\/wp-content\/uploads\/2025\/10\/Horizon-Multigrain-Sourdough-Bread.jpg","datePublished":"2025-10-14T17:44:03+00:00","dateModified":"2025-11-06T11:58:03+00:00","description":"Horizon r\u00e9unit des c\u00e9r\u00e9ales soigneusement s\u00e9lectionn\u00e9es dans un seul pain. Ferment\u00e9 lentement et cuit artisanalement sur pierre pour un go\u00fbt riche et raffin\u00e9.","breadcrumb":{"@id":"https:\/\/bakeryfolies.com\/fr\/shop\/petits-pains-lumen-levain-blanc-2\/#breadcrumb"},"inLanguage":"fr-FR","potentialAction":[{"@type":"ReadAction","target":["https:\/\/bakeryfolies.com\/fr\/shop\/petits-pains-lumen-levain-blanc-2\/"]}]},{"@type":"ImageObject","inLanguage":"fr-FR","@id":"https:\/\/bakeryfolies.com\/fr\/shop\/petits-pains-lumen-levain-blanc-2\/#primaryimage","url":"https:\/\/bakeryfolies.com\/wp-content\/uploads\/2025\/10\/Horizon-Multigrain-Sourdough-Bread.jpg","contentUrl":"https:\/\/bakeryfolies.com\/wp-content\/uploads\/2025\/10\/Horizon-Multigrain-Sourdough-Bread.jpg","width":605,"height":581},{"@type":"BreadcrumbList","@id":"https:\/\/bakeryfolies.com\/fr\/shop\/petits-pains-lumen-levain-blanc-2\/#breadcrumb","itemListElement":[{"@type":"ListItem","position":1,"name":"Accueil","item":"https:\/\/bakeryfolies.com\/fr\/"},{"@type":"ListItem","position":2,"name":"Petits pains Horizon \u2013 pain au levain multic\u00e9r\u00e9ales \u2013 6 pi\u00e8ces"}]},{"@type":"WebSite","@id":"https:\/\/bakeryfolies.com\/fr\/#website","url":"https:\/\/bakeryfolies.com\/fr\/","name":"Bakery Folies","description":"","publisher":{"@id":"https:\/\/bakeryfolies.com\/fr\/#organization"},"potentialAction":[{"@type":"SearchAction","target":{"@type":"EntryPoint","urlTemplate":"https:\/\/bakeryfolies.com\/fr\/?s={search_term_string}"},"query-input":{"@type":"PropertyValueSpecification","valueRequired":true,"valueName":"search_term_string"}}],"inLanguage":"fr-FR"},{"@type":"Organization","@id":"https:\/\/bakeryfolies.com\/fr\/#organization","name":"Bakery Folies","url":"https:\/\/bakeryfolies.com\/fr\/","logo":{"@type":"ImageObject","inLanguage":"fr-FR","@id":"https:\/\/bakeryfolies.com\/fr\/#\/schema\/logo\/image\/","url":"https:\/\/bakeryfolies.com\/wp-content\/uploads\/2025\/09\/premium_zwart-scaled.png","contentUrl":"https:\/\/bakeryfolies.com\/wp-content\/uploads\/2025\/09\/premium_zwart-scaled.png","width":2560,"height":829,"caption":"Bakery Folies"},"image":{"@id":"https:\/\/bakeryfolies.com\/fr\/#\/schema\/logo\/image\/"}}]}},"_links":{"self":[{"href":"https:\/\/bakeryfolies.com\/fr\/wp-json\/wp\/v2\/product\/2768","targetHints":{"allow":["GET"]}}],"collection":[{"href":"https:\/\/bakeryfolies.com\/fr\/wp-json\/wp\/v2\/product"}],"about":[{"href":"https:\/\/bakeryfolies.com\/fr\/wp-json\/wp\/v2\/types\/product"}],"wp:featuredmedia":[{"embeddable":true,"href":"https:\/\/bakeryfolies.com\/fr\/wp-json\/wp\/v2\/media\/2771"}],"wp:attachment":[{"href":"https:\/\/bakeryfolies.com\/fr\/wp-json\/wp\/v2\/media?parent=2768"}],"wp:term":[{"taxonomy":"product_brand","embeddable":true,"href":"https:\/\/bakeryfolies.com\/fr\/wp-json\/wp\/v2\/product_brand?post=2768"},{"taxonomy":"product_cat","embeddable":true,"href":"https:\/\/bakeryfolies.com\/fr\/wp-json\/wp\/v2\/product_cat?post=2768"},{"taxonomy":"product_tag","embeddable":true,"href":"https:\/\/bakeryfolies.com\/fr\/wp-json\/wp\/v2\/product_tag?post=2768"}],"curies":[{"name":"wp","href":"https:\/\/api.w.org\/{rel}","templated":true}]}}