{"id":2225,"date":"2025-09-23T17:52:12","date_gmt":"2025-09-23T17:52:12","guid":{"rendered":"https:\/\/bakeryfolies.com\/a-propos-de-nous\/"},"modified":"2025-10-10T12:40:41","modified_gmt":"2025-10-10T12:40:41","slug":"a-propos-de-nous","status":"publish","type":"page","link":"https:\/\/bakeryfolies.com\/fr\/a-propos-de-nous\/","title":{"rendered":"\u00c0 propos de nous"},"content":{"rendered":"\t\t<div data-elementor-type=\"wp-page\" data-elementor-id=\"2225\" class=\"elementor elementor-2225 elementor-1328\" data-elementor-post-type=\"page\">\n\t\t\t\t<div class=\"elementor-element elementor-element-cf43d24 e-flex e-con-boxed e-con e-parent\" data-id=\"cf43d24\" data-element_type=\"container\" data-e-type=\"container\">\n\t\t\t\t\t<div class=\"e-con-inner\">\n\t\t<div class=\"elementor-element elementor-element-c048cf9 e-con-full e-flex e-con e-child\" data-id=\"c048cf9\" data-element_type=\"container\" data-e-type=\"container\">\n\t\t\t\t<div class=\"elementor-element elementor-element-bd135b6 elementor-widget elementor-widget-image\" data-id=\"bd135b6\" data-element_type=\"widget\" data-e-type=\"widget\" data-widget_type=\"image.default\">\n\t\t\t\t\t\t\t\t\t\t\t\t\t\t\t<img fetchpriority=\"high\" decoding=\"async\" width=\"640\" height=\"960\" src=\"https:\/\/bakeryfolies.com\/wp-content\/uploads\/2025\/10\/5B2A7763-683x1024.webp\" class=\"attachment-large size-large wp-image-2220\" alt=\"\" srcset=\"https:\/\/bakeryfolies.com\/wp-content\/uploads\/2025\/10\/5B2A7763-683x1024.webp 683w, https:\/\/bakeryfolies.com\/wp-content\/uploads\/2025\/10\/5B2A7763-200x300.webp 200w, https:\/\/bakeryfolies.com\/wp-content\/uploads\/2025\/10\/5B2A7763-768x1151.webp 768w, https:\/\/bakeryfolies.com\/wp-content\/uploads\/2025\/10\/5B2A7763-1025x1536.webp 1025w, https:\/\/bakeryfolies.com\/wp-content\/uploads\/2025\/10\/5B2A7763-1366x2048.webp 1366w, https:\/\/bakeryfolies.com\/wp-content\/uploads\/2025\/10\/5B2A7763-650x975.webp 650w, https:\/\/bakeryfolies.com\/wp-content\/uploads\/2025\/10\/5B2A7763-scaled.webp 1708w\" sizes=\"(max-width: 640px) 100vw, 640px\" \/>\t\t\t\t\t\t\t\t\t\t\t\t\t\t\t<\/div>\n\t\t\t\t<\/div>\n\t\t<div class=\"elementor-element elementor-element-0c8c30e e-con-full e-flex e-con e-child\" data-id=\"0c8c30e\" data-element_type=\"container\" data-e-type=\"container\" data-settings=\"{&quot;background_background&quot;:&quot;classic&quot;}\">\n\t\t\t\t<div class=\"elementor-element elementor-element-b02c7c0 custom-heading elementor-widget elementor-widget-heading\" data-id=\"b02c7c0\" data-element_type=\"widget\" data-e-type=\"widget\" data-widget_type=\"heading.default\">\n\t\t\t\t\t<h2 class=\"elementor-heading-title elementor-size-default\">histoire<\/h2>\t\t\t\t<\/div>\n\t\t\t\t<div class=\"elementor-element elementor-element-408a2ff elementor-widget elementor-widget-text-editor\" data-id=\"408a2ff\" data-element_type=\"widget\" data-e-type=\"widget\" data-widget_type=\"text-editor.default\">\n\t\t\t\t\t\t\t\t\t<p>La <strong>Famille Vandekerkhove<\/strong> respire l&rsquo;artisanat boulanger. Depuis trois g\u00e9n\u00e9rations, ils vivent au milieu de la farine, de la levure et de la passion du m\u00e9tier. Ce qui a commenc\u00e9 comme une tradition familiale est devenu l&rsquo;\u0153uvre d&rsquo;une vie o\u00f9 la qualit\u00e9, le go\u00fbt et l&rsquo;authenticit\u00e9 sont toujours rest\u00e9s au c\u0153ur des pr\u00e9occupations.<\/p><p>Au fil des ann\u00e9es, la famille a laiss\u00e9 son empreinte sur des boulangeries et des marques renomm\u00e9es en Belgique et \u00e0 l&rsquo;\u00e9tranger. Cette exp\u00e9rience au plus haut niveau a finalement conduit \u00e0 <strong>Bakery Folies<\/strong> \u2013 la continuation naturelle d&rsquo;une riche histoire de boulangerie, mais avec un regard neuf sur l&rsquo;avenir.<\/p><p> <\/p>\t\t\t\t\t\t\t\t<\/div>\n\t\t\t\t<\/div>\n\t\t\t\t\t<\/div>\n\t\t\t\t<\/div>\n\t\t<div class=\"elementor-element elementor-element-963f2af e-flex e-con-boxed e-con e-parent\" data-id=\"963f2af\" data-element_type=\"container\" data-e-type=\"container\" data-settings=\"{&quot;background_background&quot;:&quot;classic&quot;}\">\n\t\t\t\t\t<div class=\"e-con-inner\">\n\t\t\t\t<div class=\"elementor-element elementor-element-ba1d05c custom-heading2 elementor-widget elementor-widget-heading\" data-id=\"ba1d05c\" data-element_type=\"widget\" data-e-type=\"widget\" data-widget_type=\"heading.default\">\n\t\t\t\t\t<h2 class=\"elementor-heading-title elementor-size-default\">3 g\u00e9n\u00e9rations<\/h2>\t\t\t\t<\/div>\n\t\t\t\t<div class=\"elementor-element elementor-element-d86b804 elementor-widget__width-initial elementor-widget elementor-widget-heading\" data-id=\"d86b804\" data-element_type=\"widget\" data-e-type=\"widget\" data-widget_type=\"heading.default\">\n\t\t\t\t\t<p class=\"elementor-heading-title elementor-size-default\">Chez Bakery Folies, tout se rejoint : trois g\u00e9n\u00e9rations de savoir-faire, un sens irr\u00e9prochable de la qualit\u00e9 et la conviction profonde que le v\u00e9ritable artisanat devient de plus en plus rare. Ici, ce n'est pas la quantit\u00e9 qui compte, mais le go\u00fbt pur, la fra\u00eecheur et le savoir-faire - des valeurs qui se font rares aujourd'hui, mais que la Famille Vandekerkhove n'a jamais perdues.<\/p>\t\t\t\t<\/div>\n\t\t\t\t\t<\/div>\n\t\t\t\t<\/div>\n\t\t<div class=\"elementor-element elementor-element-9a1e1eb e-flex e-con-boxed e-con e-parent\" data-id=\"9a1e1eb\" data-element_type=\"container\" data-e-type=\"container\">\n\t\t\t\t\t<div class=\"e-con-inner\">\n\t\t<div class=\"elementor-element elementor-element-8035274 e-con-full e-flex e-con e-child\" data-id=\"8035274\" data-element_type=\"container\" data-e-type=\"container\">\n\t\t\t\t<div class=\"elementor-element elementor-element-403856b custom-heading elementor-widget elementor-widget-heading\" data-id=\"403856b\" data-element_type=\"widget\" data-e-type=\"widget\" data-widget_type=\"heading.default\">\n\t\t\t\t\t<h2 class=\"elementor-heading-title elementor-size-default\">plus qu'une boulangerie<\/h2>\t\t\t\t<\/div>\n\t\t\t\t<div class=\"elementor-element elementor-element-db300a3 elementor-widget elementor-widget-text-editor\" data-id=\"db300a3\" data-element_type=\"widget\" data-e-type=\"widget\" data-widget_type=\"text-editor.default\">\n\t\t\t\t\t\t\t\t\t<p data-start=\"227\" data-end=\"640\">Bakery Folies est donc plus qu&rsquo;une simple boulangerie : c&rsquo;est le r\u00e9sultat d&rsquo;ann\u00e9es de d\u00e9vouement \u00e0 l&rsquo;artisanat et d&rsquo;un amour pour la cr\u00e9ation de produits d&rsquo;excellence, \u00e9labor\u00e9s avec soin, expertise et caract\u00e8re.<\/p>\t\t\t\t\t\t\t\t<\/div>\n\t\t\t\t<\/div>\n\t\t<div class=\"elementor-element elementor-element-6629e5f e-con-full e-flex e-con e-child\" data-id=\"6629e5f\" data-element_type=\"container\" data-e-type=\"container\">\n\t\t\t\t<div class=\"elementor-element elementor-element-e853b4a elementor-widget elementor-widget-image\" data-id=\"e853b4a\" data-element_type=\"widget\" data-e-type=\"widget\" data-widget_type=\"image.default\">\n\t\t\t\t\t\t\t\t\t\t\t\t\t\t\t<img decoding=\"async\" width=\"640\" height=\"960\" src=\"https:\/\/bakeryfolies.com\/wp-content\/uploads\/2025\/10\/5B2A7869-683x1024.webp\" class=\"attachment-large size-large wp-image-2221\" alt=\"\" srcset=\"https:\/\/bakeryfolies.com\/wp-content\/uploads\/2025\/10\/5B2A7869-683x1024.webp 683w, https:\/\/bakeryfolies.com\/wp-content\/uploads\/2025\/10\/5B2A7869-200x300.webp 200w, https:\/\/bakeryfolies.com\/wp-content\/uploads\/2025\/10\/5B2A7869-768x1151.webp 768w, https:\/\/bakeryfolies.com\/wp-content\/uploads\/2025\/10\/5B2A7869-1025x1536.webp 1025w, https:\/\/bakeryfolies.com\/wp-content\/uploads\/2025\/10\/5B2A7869-1366x2048.webp 1366w, https:\/\/bakeryfolies.com\/wp-content\/uploads\/2025\/10\/5B2A7869-650x975.webp 650w, https:\/\/bakeryfolies.com\/wp-content\/uploads\/2025\/10\/5B2A7869-scaled.webp 1708w\" sizes=\"(max-width: 640px) 100vw, 640px\" \/>\t\t\t\t\t\t\t\t\t\t\t\t\t\t\t<\/div>\n\t\t\t\t<\/div>\n\t\t\t\t\t<\/div>\n\t\t\t\t<\/div>\n\t\t\t\t<section class=\"elementor-section elementor-top-section elementor-element elementor-element-c43f55c custom_logo elementor-section-boxed elementor-section-height-default elementor-section-height-default\" data-id=\"c43f55c\" data-element_type=\"section\" data-e-type=\"section\" data-settings=\"{&quot;background_background&quot;:&quot;classic&quot;}\">\n\t\t\t\t\t\t<div class=\"elementor-container elementor-column-gap-no\">\n\t\t\t\t\t<div class=\"elementor-column elementor-col-100 elementor-top-column elementor-element elementor-element-bde7cd8\" data-id=\"bde7cd8\" data-element_type=\"column\" data-e-type=\"column\">\n\t\t\t<div class=\"elementor-widget-wrap elementor-element-populated\">\n\t\t\t\t\t\t<div class=\"elementor-element elementor-element-a92c8ba custom-heading1 elementor-widget elementor-widget-heading\" data-id=\"a92c8ba\" data-element_type=\"widget\" data-e-type=\"widget\" data-widget_type=\"heading.default\">\n\t\t\t\t\t<h2 class=\"elementor-heading-title elementor-size-default\">labels qualit\u00e9<\/h2>\t\t\t\t<\/div>\n\t\t\t\t<div class=\"elementor-element elementor-element-fefc212 elementor-widget__width-initial elementor-pagination-position-outside elementor-widget elementor-widget-image-carousel\" data-id=\"fefc212\" data-element_type=\"widget\" data-e-type=\"widget\" data-settings=\"{&quot;slides_to_show_tablet&quot;:&quot;3&quot;,&quot;navigation&quot;:&quot;dots&quot;,&quot;image_spacing_custom&quot;:{&quot;unit&quot;:&quot;px&quot;,&quot;size&quot;:30,&quot;sizes&quot;:[]},&quot;speed&quot;:500,&quot;image_spacing_custom_tablet&quot;:{&quot;unit&quot;:&quot;px&quot;,&quot;size&quot;:&quot;&quot;,&quot;sizes&quot;:[]},&quot;image_spacing_custom_mobile&quot;:{&quot;unit&quot;:&quot;px&quot;,&quot;size&quot;:&quot;&quot;,&quot;sizes&quot;:[]}}\" data-widget_type=\"image-carousel.default\">\n\t\t\t\t\t\t\t<div class=\"elementor-image-carousel-wrapper swiper\" role=\"region\" aria-roledescription=\"carousel\" aria-label=\"Image Carousel\" dir=\"ltr\">\n\t\t\t<div class=\"elementor-image-carousel swiper-wrapper\" aria-live=\"polite\">\n\t\t\t\t\t\t\t\t<div class=\"swiper-slide\" role=\"group\" aria-roledescription=\"slide\" aria-label=\"1 sur 3\"><figure class=\"swiper-slide-inner\"><img decoding=\"async\" class=\"swiper-slide-image\" src=\"https:\/\/bakeryfolies.com\/wp-content\/uploads\/2025\/09\/Certisys-A-propos-1.webp\" alt=\"Certisys-a-propos-1\" \/><\/figure><\/div><div class=\"swiper-slide\" role=\"group\" aria-roledescription=\"slide\" aria-label=\"2 sur 3\"><figure class=\"swiper-slide-inner\"><img decoding=\"async\" class=\"swiper-slide-image\" src=\"https:\/\/bakeryfolies.com\/wp-content\/uploads\/2025\/10\/Qlip_Inspections_Certifications_IFS.png\" alt=\"Qlip_Inspections_Certifications_IFS\" \/><\/figure><\/div><div class=\"swiper-slide\" role=\"group\" aria-roledescription=\"slide\" aria-label=\"3 sur 3\"><figure class=\"swiper-slide-inner\"><img decoding=\"async\" class=\"swiper-slide-image\" src=\"https:\/\/bakeryfolies.com\/wp-content\/uploads\/2025\/10\/Capturefff-1.png\" alt=\"Capturefff\" \/><\/figure><\/div>\t\t\t<\/div>\n\t\t\t\t\t\t\t\n\t\t\t\t\t\t\t\t\t<div class=\"swiper-pagination\"><\/div>\n\t\t\t\t\t\t\t\t\t<\/div>\n\t\t\t\t\t\t<\/div>\n\t\t\t\t\t<\/div>\n\t\t<\/div>\n\t\t\t\t\t<\/div>\n\t\t<\/section>\n\t\t\t\t<\/div>\n\t\t","protected":false},"excerpt":{"rendered":"<p>histoire La Famille Vandekerkhove respire l&rsquo;artisanat boulanger. Depuis trois g\u00e9n\u00e9rations, ils vivent au milieu de la farine, de la levure et de la passion du m\u00e9tier. Ce qui a commenc\u00e9 comme une tradition familiale est devenu l&rsquo;\u0153uvre d&rsquo;une vie o\u00f9 la qualit\u00e9, le go\u00fbt et l&rsquo;authenticit\u00e9 sont toujours rest\u00e9s au c\u0153ur des pr\u00e9occupations. Au fil [&hellip;]<\/p>\n","protected":false},"author":1,"featured_media":0,"parent":0,"menu_order":0,"comment_status":"closed","ping_status":"closed","template":"elementor_header_footer","meta":{"_acf_changed":false,"footnotes":""},"class_list":["post-2225","page","type-page","status-publish","hentry"],"acf":[],"yoast_head":"<!-- This site is optimized with the Yoast SEO plugin v27.4 - https:\/\/yoast.com\/product\/yoast-seo-wordpress\/ -->\n<title>\u00c0 propos de nous - Bakery Folies<\/title>\n<meta name=\"description\" content=\"\u00c0 propos de Bakery Folies : go\u00fbte l&#039;excellence - Produits de boulangerie Premium, Bio, Sans Gluten et Vegan\" \/>\n<meta name=\"robots\" content=\"index, follow, max-snippet:-1, max-image-preview:large, max-video-preview:-1\" \/>\n<link rel=\"canonical\" href=\"https:\/\/bakeryfolies.com\/fr\/a-propos-de-nous\/\" \/>\n<meta property=\"og:locale\" content=\"fr_FR\" \/>\n<meta property=\"og:type\" content=\"article\" \/>\n<meta property=\"og:title\" content=\"\u00c0 propos de nous - Bakery Folies\" \/>\n<meta property=\"og:description\" content=\"\u00c0 propos de Bakery Folies : go\u00fbte l&#039;excellence - Produits de boulangerie Premium, Bio, Sans Gluten et Vegan\" \/>\n<meta property=\"og:url\" content=\"https:\/\/bakeryfolies.com\/fr\/a-propos-de-nous\/\" \/>\n<meta property=\"og:site_name\" content=\"Bakery Folies\" \/>\n<meta property=\"article:modified_time\" content=\"2025-10-10T12:40:41+00:00\" \/>\n<meta property=\"og:image\" content=\"https:\/\/bakeryfolies.com\/wp-content\/uploads\/2025\/10\/5B2A7763-683x1024.webp\" \/>\n<meta name=\"twitter:card\" content=\"summary_large_image\" \/>\n<meta name=\"twitter:label1\" content=\"Dur\u00e9e de lecture estim\u00e9e\" \/>\n\t<meta name=\"twitter:data1\" content=\"2 minutes\" \/>\n<script type=\"application\/ld+json\" class=\"yoast-schema-graph\">{\"@context\":\"https:\\\/\\\/schema.org\",\"@graph\":[{\"@type\":\"WebPage\",\"@id\":\"https:\\\/\\\/bakeryfolies.com\\\/fr\\\/a-propos-de-nous\\\/\",\"url\":\"https:\\\/\\\/bakeryfolies.com\\\/fr\\\/a-propos-de-nous\\\/\",\"name\":\"\u00c0 propos de nous - Bakery Folies\",\"isPartOf\":{\"@id\":\"https:\\\/\\\/bakeryfolies.com\\\/fr\\\/#website\"},\"primaryImageOfPage\":{\"@id\":\"https:\\\/\\\/bakeryfolies.com\\\/fr\\\/a-propos-de-nous\\\/#primaryimage\"},\"image\":{\"@id\":\"https:\\\/\\\/bakeryfolies.com\\\/fr\\\/a-propos-de-nous\\\/#primaryimage\"},\"thumbnailUrl\":\"https:\\\/\\\/bakeryfolies.com\\\/wp-content\\\/uploads\\\/2025\\\/10\\\/5B2A7763-683x1024.webp\",\"datePublished\":\"2025-09-23T17:52:12+00:00\",\"dateModified\":\"2025-10-10T12:40:41+00:00\",\"description\":\"\u00c0 propos de Bakery Folies : go\u00fbte l'excellence - Produits de boulangerie Premium, Bio, Sans Gluten et Vegan\",\"breadcrumb\":{\"@id\":\"https:\\\/\\\/bakeryfolies.com\\\/fr\\\/a-propos-de-nous\\\/#breadcrumb\"},\"inLanguage\":\"fr-FR\",\"potentialAction\":[{\"@type\":\"ReadAction\",\"target\":[\"https:\\\/\\\/bakeryfolies.com\\\/fr\\\/a-propos-de-nous\\\/\"]}]},{\"@type\":\"ImageObject\",\"inLanguage\":\"fr-FR\",\"@id\":\"https:\\\/\\\/bakeryfolies.com\\\/fr\\\/a-propos-de-nous\\\/#primaryimage\",\"url\":\"https:\\\/\\\/bakeryfolies.com\\\/wp-content\\\/uploads\\\/2025\\\/10\\\/5B2A7763-683x1024.webp\",\"contentUrl\":\"https:\\\/\\\/bakeryfolies.com\\\/wp-content\\\/uploads\\\/2025\\\/10\\\/5B2A7763-683x1024.webp\"},{\"@type\":\"BreadcrumbList\",\"@id\":\"https:\\\/\\\/bakeryfolies.com\\\/fr\\\/a-propos-de-nous\\\/#breadcrumb\",\"itemListElement\":[{\"@type\":\"ListItem\",\"position\":1,\"name\":\"Accueil\",\"item\":\"https:\\\/\\\/bakeryfolies.com\\\/fr\\\/\"},{\"@type\":\"ListItem\",\"position\":2,\"name\":\"\u00c0 propos de nous\"}]},{\"@type\":\"WebSite\",\"@id\":\"https:\\\/\\\/bakeryfolies.com\\\/fr\\\/#website\",\"url\":\"https:\\\/\\\/bakeryfolies.com\\\/fr\\\/\",\"name\":\"Bakery Folies\",\"description\":\"\",\"publisher\":{\"@id\":\"https:\\\/\\\/bakeryfolies.com\\\/fr\\\/#organization\"},\"potentialAction\":[{\"@type\":\"SearchAction\",\"target\":{\"@type\":\"EntryPoint\",\"urlTemplate\":\"https:\\\/\\\/bakeryfolies.com\\\/fr\\\/?s={search_term_string}\"},\"query-input\":{\"@type\":\"PropertyValueSpecification\",\"valueRequired\":true,\"valueName\":\"search_term_string\"}}],\"inLanguage\":\"fr-FR\"},{\"@type\":\"Organization\",\"@id\":\"https:\\\/\\\/bakeryfolies.com\\\/fr\\\/#organization\",\"name\":\"Bakery Folies\",\"url\":\"https:\\\/\\\/bakeryfolies.com\\\/fr\\\/\",\"logo\":{\"@type\":\"ImageObject\",\"inLanguage\":\"fr-FR\",\"@id\":\"https:\\\/\\\/bakeryfolies.com\\\/fr\\\/#\\\/schema\\\/logo\\\/image\\\/\",\"url\":\"https:\\\/\\\/bakeryfolies.com\\\/wp-content\\\/uploads\\\/2025\\\/09\\\/premium_zwart-scaled.png\",\"contentUrl\":\"https:\\\/\\\/bakeryfolies.com\\\/wp-content\\\/uploads\\\/2025\\\/09\\\/premium_zwart-scaled.png\",\"width\":2560,\"height\":829,\"caption\":\"Bakery Folies\"},\"image\":{\"@id\":\"https:\\\/\\\/bakeryfolies.com\\\/fr\\\/#\\\/schema\\\/logo\\\/image\\\/\"}}]}<\/script>\n<!-- \/ Yoast SEO plugin. -->","yoast_head_json":{"title":"\u00c0 propos de nous - Bakery Folies","description":"\u00c0 propos de Bakery Folies : go\u00fbte l'excellence - Produits de boulangerie Premium, Bio, Sans Gluten et Vegan","robots":{"index":"index","follow":"follow","max-snippet":"max-snippet:-1","max-image-preview":"max-image-preview:large","max-video-preview":"max-video-preview:-1"},"canonical":"https:\/\/bakeryfolies.com\/fr\/a-propos-de-nous\/","og_locale":"fr_FR","og_type":"article","og_title":"\u00c0 propos de nous - Bakery Folies","og_description":"\u00c0 propos de Bakery Folies : go\u00fbte l'excellence - Produits de boulangerie Premium, Bio, Sans Gluten et Vegan","og_url":"https:\/\/bakeryfolies.com\/fr\/a-propos-de-nous\/","og_site_name":"Bakery Folies","article_modified_time":"2025-10-10T12:40:41+00:00","og_image":[{"url":"https:\/\/bakeryfolies.com\/wp-content\/uploads\/2025\/10\/5B2A7763-683x1024.webp","type":"","width":"","height":""}],"twitter_card":"summary_large_image","twitter_misc":{"Dur\u00e9e de lecture estim\u00e9e":"2 minutes"},"schema":{"@context":"https:\/\/schema.org","@graph":[{"@type":"WebPage","@id":"https:\/\/bakeryfolies.com\/fr\/a-propos-de-nous\/","url":"https:\/\/bakeryfolies.com\/fr\/a-propos-de-nous\/","name":"\u00c0 propos de nous - Bakery Folies","isPartOf":{"@id":"https:\/\/bakeryfolies.com\/fr\/#website"},"primaryImageOfPage":{"@id":"https:\/\/bakeryfolies.com\/fr\/a-propos-de-nous\/#primaryimage"},"image":{"@id":"https:\/\/bakeryfolies.com\/fr\/a-propos-de-nous\/#primaryimage"},"thumbnailUrl":"https:\/\/bakeryfolies.com\/wp-content\/uploads\/2025\/10\/5B2A7763-683x1024.webp","datePublished":"2025-09-23T17:52:12+00:00","dateModified":"2025-10-10T12:40:41+00:00","description":"\u00c0 propos de Bakery Folies : go\u00fbte l'excellence - Produits de boulangerie Premium, Bio, Sans Gluten et Vegan","breadcrumb":{"@id":"https:\/\/bakeryfolies.com\/fr\/a-propos-de-nous\/#breadcrumb"},"inLanguage":"fr-FR","potentialAction":[{"@type":"ReadAction","target":["https:\/\/bakeryfolies.com\/fr\/a-propos-de-nous\/"]}]},{"@type":"ImageObject","inLanguage":"fr-FR","@id":"https:\/\/bakeryfolies.com\/fr\/a-propos-de-nous\/#primaryimage","url":"https:\/\/bakeryfolies.com\/wp-content\/uploads\/2025\/10\/5B2A7763-683x1024.webp","contentUrl":"https:\/\/bakeryfolies.com\/wp-content\/uploads\/2025\/10\/5B2A7763-683x1024.webp"},{"@type":"BreadcrumbList","@id":"https:\/\/bakeryfolies.com\/fr\/a-propos-de-nous\/#breadcrumb","itemListElement":[{"@type":"ListItem","position":1,"name":"Accueil","item":"https:\/\/bakeryfolies.com\/fr\/"},{"@type":"ListItem","position":2,"name":"\u00c0 propos de nous"}]},{"@type":"WebSite","@id":"https:\/\/bakeryfolies.com\/fr\/#website","url":"https:\/\/bakeryfolies.com\/fr\/","name":"Bakery Folies","description":"","publisher":{"@id":"https:\/\/bakeryfolies.com\/fr\/#organization"},"potentialAction":[{"@type":"SearchAction","target":{"@type":"EntryPoint","urlTemplate":"https:\/\/bakeryfolies.com\/fr\/?s={search_term_string}"},"query-input":{"@type":"PropertyValueSpecification","valueRequired":true,"valueName":"search_term_string"}}],"inLanguage":"fr-FR"},{"@type":"Organization","@id":"https:\/\/bakeryfolies.com\/fr\/#organization","name":"Bakery Folies","url":"https:\/\/bakeryfolies.com\/fr\/","logo":{"@type":"ImageObject","inLanguage":"fr-FR","@id":"https:\/\/bakeryfolies.com\/fr\/#\/schema\/logo\/image\/","url":"https:\/\/bakeryfolies.com\/wp-content\/uploads\/2025\/09\/premium_zwart-scaled.png","contentUrl":"https:\/\/bakeryfolies.com\/wp-content\/uploads\/2025\/09\/premium_zwart-scaled.png","width":2560,"height":829,"caption":"Bakery Folies"},"image":{"@id":"https:\/\/bakeryfolies.com\/fr\/#\/schema\/logo\/image\/"}}]}},"_links":{"self":[{"href":"https:\/\/bakeryfolies.com\/fr\/wp-json\/wp\/v2\/pages\/2225","targetHints":{"allow":["GET"]}}],"collection":[{"href":"https:\/\/bakeryfolies.com\/fr\/wp-json\/wp\/v2\/pages"}],"about":[{"href":"https:\/\/bakeryfolies.com\/fr\/wp-json\/wp\/v2\/types\/page"}],"author":[{"embeddable":true,"href":"https:\/\/bakeryfolies.com\/fr\/wp-json\/wp\/v2\/users\/1"}],"replies":[{"embeddable":true,"href":"https:\/\/bakeryfolies.com\/fr\/wp-json\/wp\/v2\/comments?post=2225"}],"version-history":[{"count":11,"href":"https:\/\/bakeryfolies.com\/fr\/wp-json\/wp\/v2\/pages\/2225\/revisions"}],"predecessor-version":[{"id":2754,"href":"https:\/\/bakeryfolies.com\/fr\/wp-json\/wp\/v2\/pages\/2225\/revisions\/2754"}],"wp:attachment":[{"href":"https:\/\/bakeryfolies.com\/fr\/wp-json\/wp\/v2\/media?parent=2225"}],"curies":[{"name":"wp","href":"https:\/\/api.w.org\/{rel}","templated":true}]}}